{"id":20111,"date":"2025-07-25T13:29:44","date_gmt":"2025-07-25T13:29:44","guid":{"rendered":"https:\/\/boreait.com\/it\/?post_type=product&#038;p=20111"},"modified":"2025-07-25T13:29:54","modified_gmt":"2025-07-25T13:29:54","slug":"tastiera-acer-aspire-9j-n2m82-01f-nsk-gf01f-ricambio-originale-per-laptop","status":"publish","type":"product","link":"https:\/\/boreait.com\/it\/product\/tastiera-acer-aspire-9j-n2m82-01f-nsk-gf01f-ricambio-originale-per-laptop\/","title":{"rendered":"Tastiera Acer Aspire 9J.N2M82.01F \/ NSK-GF01F &#8211; Ricambio originale per laptop"},"content":{"rendered":"<p>Aggiorna il tuo laptop con la <strong>tastiera Acer Aspire slovena 9J.N2M82.01F<\/strong>, un ricambio di alta qualit\u00e0 progettato per prestazioni impeccabili. Che la tua tastiera attuale abbia tasti danneggiati, pulsanti che non rispondono o altri problemi, questo <strong>ricambio originale Acer<\/strong> ne ripristina la piena funzionalit\u00e0.<\/p>\n<h4><strong>Caratteristiche principali:<\/strong><\/h4>\n<p>\u2714 <strong>Tastiera Acer originale<\/strong> \u2013 Garantisce compatibilit\u00e0 e affidabilit\u00e0 con un ricambio originale del produttore.<\/p>\n<p>\u2714 <strong>Adattamento perfetto e installazione facile<\/strong> \u2013 Progettata specificamente per i modelli Acer Aspire, per un\u2019installazione semplice e senza problemi.<\/p>\n<p>\u2714 <strong>Tasti resistenti e reattivi<\/strong> \u2013 Goditi una digitazione fluida e confortevole con una reattivit\u00e0 dei tasti di alta qualit\u00e0.<\/p>\n<p>\u2714 <strong>Progettata per durare<\/strong> \u2013 Costruita per durare, garantendo prestazioni e durata a lungo termine. \u2714 <strong>Spedizione in tutto il mondo disponibile<\/strong> \u2013 Consegniamo in tutta Europa e nel mondo con imballaggi sicuri.<\/p>\n<h4><strong>Informazioni aggiuntive:<\/strong><\/h4>\n<ul>\n<li><strong>Condizioni:<\/strong> Usato e testato per garantire la qualit\u00e0. Lingua: Sloveno\/Croato (compatibile anche con altre lingue)<\/li>\n<li><strong>Compatibilit\u00e0:<\/strong> Compatibile con alcuni modelli di laptop Acer Aspire (verificare la compatibilit\u00e0 prima dell\u2019acquisto).<\/li>\n<li><strong>Foto:<\/strong> Le immagini del prodotto mostrate sono <strong>foto reali<\/strong> dell\u2019articolo che riceverete.<\/li>\n<ul>\n<nSe hai bisogno di ulteriore assistenza nella scelta della tastiera giusta per il tuo laptop, non esitare a contattarci. <strong>Acquista con fiducia!<\/strong><br \/>\nN<\/p>\n<p>Portatili compatibili:<\/p>\n<ul class=\"opis_artikla_dl\">\n<li>Acer Aspire 4330<\/li>\n<li>Acer Aspire 5241<\/li>\n<li>Acer Aspire 5332<\/li>\n<li>Acer Aspire 5332<\/li>\n<li>Acer Aspire 5334<\/li>\n<li>Acer Aspire 5334-312G25Mn<\/li>\n<li>Acer Aspire 5334<\/li>\n<li>Acer Aspire 5516<\/li>\n<li>Acer Aspire 5516<\/li>\n<li>Acer Aspire 5517<\/li>\n<li>Acer Aspire 5517<\/li>\n<li>Acer Aspire 5532<\/li>\n<li>Acer Aspire 5534<\/li>\n<li>Acer Aspire 5534<\/li>\n<li>Acer Aspire 5541<\/li>\n<li>Acer Aspire 5541<\/li>\n<li>Acer Aspire 5732<\/li>\n<li>Acer Aspire 5732<\/li>\n<li>Acer Aspire 5732G<\/li>\n<li>Acer Aspire 5732Z<\/li>\n<li>Acer Aspire 5732Z-443G32Mn<\/li>\n<li>Acer Aspire 5732Z<\/li>\n<li>Acer Aspire 5732ZG<\/li>\n<p>N \t<\/p>\n<li>Acer Aspire 5732ZG<\/li>\n<li>Acer Aspire 5734<\/li>\n<li>Acer Aspire 5734<\/li>\n<li>Acer Aspire 5734Z<\/li>\n<li>Acer Aspire 7315<\/li>\n<li>Acer Aspire 7715<\/li>\n<li>Acer Aspire 7715G<\/li>\n<li>Acer Aspire 7715Z<\/li>\n<li>Acer Aspire 7715ZG<\/li>\n<li>Acer eMachines E430<\/li>\n<li>Acer eMachines E525<\/li>\n<li>Acer eMachines E527<\/li>\n<li>Acer eMachines E625<\/li>\n<p>N \t<\/p>\n<li>Acer eMachines E627<\/li>\n<li>Acer eMachines E628<\/li>\n<li>Acer eMachines E630<\/li>\n<li>Acer eMachines E725<\/li>\n<li>Acer eMachines E727<\/li>\n<li>Acer eMachines eMG630G<\/li>\n<li>Acer eMachines G525<\/li>\n<li>Acer eMachines G625-6C4G32Mi<\/li>\n<li>Acer eMachines G625<\/li>\n<li>Acer eMachines G627-203G25Mi<\/li>\n<li>Acer eMachines G627<\/li>\n<li>Acer eMachines G630<\/li>\n<p>N \t<\/p>\n<li>Acer eMachines G630G<\/li>\n<li>Acer eMachines G725-423G25Mi<\/li>\n<li>Acer eMachines G725<\/li>\n<li>Packard Bell Easynote TH36<\/li>\n<\/ul>\n","protected":false},"excerpt":{"rendered":"<p>Sostituisci la tua tastiera usurata o difettosa con questa <strong>tastiera originale Acer Aspire (9J.N2M82.01F)<\/strong>. Progettata per una perfetta vestibilit\u00e0 e compatibilit\u00e0, questa sostituzione di alta qualit\u00e0 garantisce una digitazione fluida e prestazioni affidabili. Pronta per la spedizione in tutto il mondo con foto reali del prodotto: quello che vedi \u00e8 quello che ricevi!<\/p>\n","protected":false},"featured_media":20130,"template":"","meta":[],"product_brand":[],"product_cat":[36],"product_tag":[30],"class_list":{"0":"post-20111","1":"product","2":"type-product","3":"status-publish","4":"has-post-thumbnail","6":"product_cat-laptop-keyboard","7":"product_tag-acer","9":"first","10":"instock","11":"taxable","12":"shipping-taxable","13":"purchasable","14":"product-type-simple"},"_links":{"self":[{"href":"https:\/\/boreait.com\/it\/wp-json\/wp\/v2\/product\/20111","targetHints":{"allow":["GET"]}}],"collection":[{"href":"https:\/\/boreait.com\/it\/wp-json\/wp\/v2\/product"}],"about":[{"href":"https:\/\/boreait.com\/it\/wp-json\/wp\/v2\/types\/product"}],"wp:featuredmedia":[{"embeddable":true,"href":"https:\/\/boreait.com\/it\/wp-json\/wp\/v2\/media\/20130"}],"wp:attachment":[{"href":"https:\/\/boreait.com\/it\/wp-json\/wp\/v2\/media?parent=20111"}],"wp:term":[{"taxonomy":"product_brand","embeddable":true,"href":"https:\/\/boreait.com\/it\/wp-json\/wp\/v2\/product_brand?post=20111"},{"taxonomy":"product_cat","embeddable":true,"href":"https:\/\/boreait.com\/it\/wp-json\/wp\/v2\/product_cat?post=20111"},{"taxonomy":"product_tag","embeddable":true,"href":"https:\/\/boreait.com\/it\/wp-json\/wp\/v2\/product_tag?post=20111"}],"curies":[{"name":"wp","href":"https:\/\/api.w.org\/{rel}","templated":true}]}}