{"id":20101,"date":"2025-07-25T13:29:44","date_gmt":"2025-07-25T13:29:44","guid":{"rendered":"https:\/\/boreait.com\/it\/?post_type=product&#038;p=20101"},"modified":"2025-07-25T13:29:48","modified_gmt":"2025-07-25T13:29:48","slug":"schermo-lcd-hp-victus-serie-16-e1-da-161-fhd-opaco-ips-30-pin-nuovo","status":"publish","type":"product","link":"https:\/\/boreait.com\/it\/product\/schermo-lcd-hp-victus-serie-16-e1-da-161-fhd-opaco-ips-30-pin-nuovo\/","title":{"rendered":"Schermo LCD HP Victus serie 16-E1 da 16,1&#8243;, FHD, opaco, IPS, 30 pin, nuovo"},"content":{"rendered":"<p><strong>Modello attuale dello schermo LCD: N161hma-gak REV. C3 o n161hca-ga1 REV C.1 \u2013 COMPLETAMENTE COMPATIBILE CON LO SCHERMO PER LAPTOP HP Victus serie 16-E1 \/ E10000 \/ E1xxxx<\/p>\n<p><\/strong><\/p>\n<p>Aggiorna il tuo laptop HP Victus serie 16-E1 con questo schermo LCD sostitutivo di alta qualit\u00e0. Progettato per garantire precisione e affidabilit\u00e0, questo display Full HD opaco da 16,1 pollici offre colori vivaci e immagini nitide grazie alla tecnologia IPS e TFT. Grazie alla connettivit\u00e0 eDP a 30 pin, garantisce una perfetta integrazione e compatibilit\u00e0 con un\u2019ampia gamma di modelli della serie 16-E1xxxx.<\/p>\n<p>Questo schermo \u00e8 nuovo di zecca e viene fornito senza staffe superiori e inferiori, il che lo rende leggero e facile da installare. Il nastro biadesivo incluso semplifica la sostituzione, garantendo una tenuta sicura. Che tu stia sostituendo uno schermo danneggiato o aggiornandolo per migliorare le prestazioni del display, questa \u00e8 la scelta perfetta per il tuo laptop. <\/p>\n<p><strong>Caratteristiche principali:<\/strong><\/p>\n<ul>\n<li><strong>Compatibilit\u00e0:<\/strong> HP Victus serie 16-E1xxxx (non touch)<\/li>\n<li><strong>Dimensioni:<\/strong> 16,1 pollici<\/li>\n<li><strong>Risoluzione:<\/strong> Full HD (1920 x 1080)<\/li>\n<li><strong>Finitura:<\/strong> Opaca (antiriflesso)<\/li>\n<li><strong>Tecnologia:<\/strong> IPS e TFT per immagini vivide e nitide<\/li>\n<li><strong>Connettore:<\/strong> eDP a 30 pin<\/li>\n<li><strong>Condizioni:<\/strong> Nuovo di zecca<\/li>\n<li><strong>Extra:<\/strong> Nastro biadesivo incluso<\/li>\n<\/ul>\n<p><strong>I modelli compatibili includono (ma non sono limitati a):<\/strong><\/p>\n<p>16-E1000AX, 16-E1000NE, 16-E1001AX, 16-E1002NM, 16-E1003NX, 16-E1004NL e molti altri.<\/p>\n<p>Scopri immagini nitide e prestazioni fluide con questo schermo sostitutivo di alta qualit\u00e0, progettato per soddisfare i pi\u00f9 elevati standard di qualit\u00e0 e affidabilit\u00e0. <\/p>\n<p><strong>Elenco di alcuni laptop compatibili:\u00a0\u00a0<\/strong><\/p>\n<p>16-E1000AX, 16-E1000NB, 16-E1000NE, 16-E1000NH, 16-E1000NI, 16-E1000NIA, 16-E1000NK, 16-E1000NM, 16-E1000NQ, 16-E1000NS, 16-E1000NT, 16-E1000NX, 16-E1000NY, 16-E1000UA, 16-E1000UR, 16-E1001AX, 16-E1001CI, 16-E1001NB, 16-E1001NH, 16-E1001NI, 16-E1001NK, 16-E1001NM, 16-E1001NQ, 16-E1001NS, 16-E1001NT, 16-E1001NX, 16-E1001NY, 16-E1001UA, 16-E1001UR, 16-E1002AX, 16-E1002NE, 16-E1002NI, 16-E1002NIA, 16-E1002NM, 16-E1002NP, 16-E1002NQ, 16-E1002NS, 16-E1002NT, 16-E1002NX, 16-E1002NY, 16-E1002UA, 16-E1003AX, 16-E1003CI, 16-E1003NB, 16-E1003NE, 16-E1003NF, 16-E1003NI, 16-E1003NL, 16-E1003NM, 16-E1003NQ, 16-E1003NS, 16-E1003NT, 16-E1003NX, 16-E1003NY, 16-E1003UA, 16-E1004AX, 16-E1004NB, 16-E1004NE, 16-E1004NIA, 16-E1004NK, 16-E1004NL, 16-E1004NP, 16-E1004NQ, 16-E1004NS, 16-E1004NT, 16-E1004NX, 16-E1004NY, 16-E1004UA, 16-E1005AX, 16-E1005CI, 16-E1005NB, 16-E1005NE, 16-E1005NIA, 16-E1005NK, 16-E1005NL, 16-E1005NM, 16-E1005NQ, 16-E1005NS, 16-E1005NT, 16-E1005NX, 16-E1005NY, 16-E1005UA, 16-E1006AX, 16-E1006NE, 16-E1006NIA, 16-E1006NK, 16-E1006NL, 16-E1006NM, 16-E1006NO, 16-E1006NQ, 16-E1006NS, 16-E1006NT, 16-E1006NX, 16-E1006NY, 16-E1006UA, 16-E1007AX, 16-E1007CI, 16-E1007NB, 16-E1007NE, 16-E1112AX, 16-E1044AX, 16-E1060AX, 16-E1163NR<\/p>\n","protected":false},"excerpt":{"rendered":"<p>Schermo LCD Full HD opaco da 16,1 pollici per laptop HP Victus serie 16-E1 (non touch). Tecnologia IPS e TFT con connettore eDP a 30 pin. Design leggero senza staffe; include nastro autoadesivo per una facile installazione. Nuovo di zecca.<\/p>\n","protected":false},"featured_media":19370,"template":"","meta":[],"product_brand":[],"product_cat":[71,60],"product_tag":[26],"class_list":{"0":"post-20101","1":"product","2":"type-product","3":"status-publish","4":"has-post-thumbnail","6":"product_cat-16-1","7":"product_cat-new-laptop-screens-lcd-panels","8":"product_tag-hp","10":"first","11":"instock","12":"taxable","13":"shipping-taxable","14":"purchasable","15":"product-type-simple"},"_links":{"self":[{"href":"https:\/\/boreait.com\/it\/wp-json\/wp\/v2\/product\/20101","targetHints":{"allow":["GET"]}}],"collection":[{"href":"https:\/\/boreait.com\/it\/wp-json\/wp\/v2\/product"}],"about":[{"href":"https:\/\/boreait.com\/it\/wp-json\/wp\/v2\/types\/product"}],"wp:featuredmedia":[{"embeddable":true,"href":"https:\/\/boreait.com\/it\/wp-json\/wp\/v2\/media\/19370"}],"wp:attachment":[{"href":"https:\/\/boreait.com\/it\/wp-json\/wp\/v2\/media?parent=20101"}],"wp:term":[{"taxonomy":"product_brand","embeddable":true,"href":"https:\/\/boreait.com\/it\/wp-json\/wp\/v2\/product_brand?post=20101"},{"taxonomy":"product_cat","embeddable":true,"href":"https:\/\/boreait.com\/it\/wp-json\/wp\/v2\/product_cat?post=20101"},{"taxonomy":"product_tag","embeddable":true,"href":"https:\/\/boreait.com\/it\/wp-json\/wp\/v2\/product_tag?post=20101"}],"curies":[{"name":"wp","href":"https:\/\/api.w.org\/{rel}","templated":true}]}}