{"id":20086,"date":"2025-07-25T13:29:30","date_gmt":"2025-07-25T13:29:30","guid":{"rendered":"https:\/\/boreait.com\/it\/?post_type=product&#038;p=20086"},"modified":"2025-10-15T12:03:22","modified_gmt":"2025-10-15T12:03:22","slug":"schermo-lcd-hp-zbook-fury-15-g7-g8-156-fhd-ips-opaco-a-30-pin-nuovo","status":"publish","type":"product","link":"https:\/\/boreait.com\/it\/product\/schermo-lcd-hp-zbook-fury-15-g7-g8-156-fhd-ips-opaco-a-30-pin-nuovo\/","title":{"rendered":"Schermo LCD HP ZBook Fury 15 G7\/G8, 15,6&#8243; FHD IPS opaco a 30 pin, nuovo"},"content":{"rendered":"<p><strong>Modello schermo LCD effettivo: B156ZAN03.6 o N156HCA-EAB Rev C.4 \u2013 completamente compatibile con i laptop HP ZBook Fury 15 G7 e HP ZBook Fury 15 G8 (versione non touch \/ 60 Hz)<\/p>\n<p><\/strong><\/p>\n<p>Aggiorna il tuo laptop HP ZBook Fury 15 G7 o G8 con un nuovissimo schermo LCD. Progettato per garantire precisione e prestazioni, questo display opaco da 15,6 pollici garantisce un\u2019esperienza visiva cristallina con risoluzione Full HD (1920\u00d71080) e tecnologia IPS avanzata. Con una frequenza di aggiornamento di 60 Hz e un connettore eDP a 30 pin, questo display non touch offre immagini nitide, colori vivaci e un flusso di lavoro fluido per le tue esigenze professionali e personali.<\/p>\n<p>Questo schermo viene fornito senza staffe superiori e inferiori ed \u00e8 compatibile con strisce biadesive per una facile installazione. La finitura opaca riduce i riflessi, rendendolo perfetto per un utilizzo prolungato in diverse condizioni di illuminazione. Consegnato come nuovo, \u00e8 pronto per ripristinare o aggiornare le funzionalit\u00e0 e l\u2019estetica del tuo laptop. <\/p>\n<h4><strong>Caratteristiche principali:<\/strong><\/h4>\n<ul>\n<li><strong>Compatibilit\u00e0:<\/strong> HP ZBook Fury 15 G7 e G8 (versione non touch)<\/li>\n<li><strong>Dimensioni display:<\/strong> 15,6\u2033<\/li>\n<li><strong>Risoluzione:<\/strong> Full HD (1920\u00d71080)<\/li>\n<li><strong>Tipo di pannello:<\/strong> IPS<\/li>\n<li><strong>Connettore:<\/strong> eDP a 30 pin<\/li>\n<li><strong>Finitura:<\/strong> Opaca (antiriflesso)<\/li>\n<li><strong>Frequenza di aggiornamento:<\/strong> 60 Hz<\/li>\n<li><strong>Installazione:<\/strong> Senza staffe; include strisce biadesive<\/li>\n<li><strong>Condizioni:<\/strong> Nuovo di zecca<\/li>\n<\/ul>\n<p>Che tu stia sostituendo uno schermo danneggiato o aggiornando il tuo laptop, questo display offre durata, nitidezza e praticit\u00e0. Perfetto per attivit\u00e0 professionali, progetti creativi o uso generale, \u00e8 la soluzione ideale per ripristinare le massime prestazioni del tuo laptop.<\/p>\n","protected":false},"excerpt":{"rendered":"<div class=\"flex max-w-full flex-col flex-grow\">\n<div class=\"min-h-8 messaggio di testo flex w-full flex-col elementi-fine spazio-2 spazio-normale parole-interruzione [.messaggio-di-testo+&amp;]:mt-5\" dir=\"auto\" data-message-autore-ruolo=\"assistente\" data-message-id=\"643e7024-2c48-4fd0-8ce1-7db539127bf6\" data-client-thread-id=\"WEB:0938c45f-8fb2-4fcd-987c-cdd10acde468\" data-message-modello-slug=\"gpt-4o\">\n<div class=\"flex w-full flex-col spazio-1 vuoto:nascosto primo:pt-[3px]\">\n<div class=\"markdown prose w-full break-words dark:prose-invert light\">\n<p>Schermo LCD opaco da 15,6&#8243; di nuova generazione per HP ZBook Fury 15 G7 e G8. Risoluzione Full HD, pannello IPS, connettore eDP a 30 pin, non touch, frequenza di aggiornamento di 60 Hz e strisce adesive incluse. Senza staffe, perfetto per una facile sostituzione.<\/p>\n<\/div>\n<\/div>\n<\/div>\n<\/div>\n","protected":false},"featured_media":18877,"template":"","meta":[],"product_brand":[],"product_cat":[69,60],"product_tag":[26],"class_list":{"0":"post-20086","1":"product","2":"type-product","3":"status-publish","4":"has-post-thumbnail","6":"product_cat-15-6-new-laptop-screens-lcd-panels","7":"product_cat-new-laptop-screens-lcd-panels","8":"product_tag-hp","10":"first","11":"instock","12":"taxable","13":"shipping-taxable","14":"purchasable","15":"product-type-simple"},"_links":{"self":[{"href":"https:\/\/boreait.com\/it\/wp-json\/wp\/v2\/product\/20086","targetHints":{"allow":["GET"]}}],"collection":[{"href":"https:\/\/boreait.com\/it\/wp-json\/wp\/v2\/product"}],"about":[{"href":"https:\/\/boreait.com\/it\/wp-json\/wp\/v2\/types\/product"}],"wp:featuredmedia":[{"embeddable":true,"href":"https:\/\/boreait.com\/it\/wp-json\/wp\/v2\/media\/18877"}],"wp:attachment":[{"href":"https:\/\/boreait.com\/it\/wp-json\/wp\/v2\/media?parent=20086"}],"wp:term":[{"taxonomy":"product_brand","embeddable":true,"href":"https:\/\/boreait.com\/it\/wp-json\/wp\/v2\/product_brand?post=20086"},{"taxonomy":"product_cat","embeddable":true,"href":"https:\/\/boreait.com\/it\/wp-json\/wp\/v2\/product_cat?post=20086"},{"taxonomy":"product_tag","embeddable":true,"href":"https:\/\/boreait.com\/it\/wp-json\/wp\/v2\/product_tag?post=20086"}],"curies":[{"name":"wp","href":"https:\/\/api.w.org\/{rel}","templated":true}]}}