{"id":20085,"date":"2025-07-25T13:29:30","date_gmt":"2025-07-25T13:29:30","guid":{"rendered":"https:\/\/boreait.com\/it\/?post_type=product&#038;p=20085"},"modified":"2025-10-15T12:03:24","modified_gmt":"2025-10-15T12:03:24","slug":"schermo-lcd-hp-zbook-15-g5-g6-da-156-fhd-ips-opaco-30-pin-nuovo-con-adesivo","status":"publish","type":"product","link":"https:\/\/boreait.com\/it\/product\/schermo-lcd-hp-zbook-15-g5-g6-da-156-fhd-ips-opaco-30-pin-nuovo-con-adesivo\/","title":{"rendered":"Schermo LCD HP ZBook 15 G5 G6 da 15,6&#8243; FHD IPS opaco, 30 pin, nuovo con adesivo"},"content":{"rendered":"<p><strong>Modello effettivo dello schermo LCD: B156ZAN03.6 o N156HCA-EAB Rev C.4 \u2013 completamente compatibile con il laptop HP ZBook 15 G5 \/ G6 (non touch!)<\/p>\n<p><\/strong><\/p>\n<p>Migliora le prestazioni di visualizzazione del tuo HP ZBook 15 G5 e G6 con questo schermo LCD opaco da 15,6\u2033 di alta qualit\u00e0 (non touch). Progettato per una nitidezza eccezionale e colori vivaci, questo pannello IPS offre una risoluzione Full HD (1920\u00d71080), garantendo un\u2019esperienza visiva ottimale. Il connettore eDP a 30 pin garantisce una compatibilit\u00e0 fluida e la finitura opaca riduce i riflessi per una migliore visibilit\u00e0 in diverse condizioni di illuminazione.<\/p>\n<p>Questo schermo \u00e8 specificamente progettato per i modelli senza staffe superiori e inferiori e include strisce biadesive per un\u2019installazione facile e sicura. Ideale per sostituire schermi danneggiati o difettosi, questo nuovo LCD \u00e8 una soluzione affidabile per ridare vita al tuo laptop.<\/p>\n<p><strong>Tasto Caratteristiche:<\/p>\n<ul>\n<li>Modello compatibile: HP ZBook 15 G5 e ZBook G6 (non touch)<\/li>\n<li>Dimensioni schermo: 15,6 pollici<\/li>\n<li>Risoluzione: Full HD (1920\u00d71080)<\/li>\n<li>Tipo di pannello: IPS<\/li>\n<li>Finitura: Opaca (antiriflesso)<\/li>\n<li>Connettore: eDP, 30 pin<\/li>\n<li>Condizioni: Nuovo<\/li>\n<li>Installazione: Strisce biadesive incluse<\/li>\n<\/ul>\n<p>Ripristina la qualit\u00e0 di visualizzazione del tuo laptop con questo schermo sostitutivo resistente e ad alte prestazioni. Perfetto sia per professionisti che per appassionati di tecnologia!<\/p>\n<p>\u00a0<\/p>\n","protected":false},"excerpt":{"rendered":"<div class=\"flex max-w-full flex-col flex-grow\">\n<div class=\"min-h-8 messaggio di testo flex w-full flex-col elementi-fine spazio-2 spazio-normale parole-interruzione [.messaggio-di-testo+&amp;]:mt-5\" dir=\"auto\" data-message-autore-ruolo=\"assistente\" data-message-id=\"643e7024-2c48-4fd0-8ce1-7db539127bf6\" data-client-thread-id=\"WEB:0938c45f-8fb2-4fcd-987c-cdd10acde468\" data-message-modello-slug=\"gpt-4o\">\n<div class=\"flex w-full flex-col spazio-1 vuoto:nascosto primo:pt-[3px]\">\n<div class=\"markdown prose w-full break-words dark:prose-invert light\">\n<p>Aggiorna il tuo HP ZBook 15 G5 o G6 con questo schermo LCD IPS opaco da 15,6&#8243; di alta qualit\u00e0 (non touch). Dotato di risoluzione FHD, connettivit\u00e0 eDP a 30 pin e strisce biadesive, \u00e8 perfetto per un&#8217;installazione senza problemi. Condizioni: Nuovo di zecca.<\/p>\n<\/div>\n<\/div>\n<\/div>\n<\/div>\n","protected":false},"featured_media":18877,"template":"","meta":[],"product_brand":[],"product_cat":[69,60],"product_tag":[26],"class_list":{"0":"post-20085","1":"product","2":"type-product","3":"status-publish","4":"has-post-thumbnail","6":"product_cat-15-6-new-laptop-screens-lcd-panels","7":"product_cat-new-laptop-screens-lcd-panels","8":"product_tag-hp","10":"first","11":"instock","12":"taxable","13":"shipping-taxable","14":"purchasable","15":"product-type-simple"},"_links":{"self":[{"href":"https:\/\/boreait.com\/it\/wp-json\/wp\/v2\/product\/20085","targetHints":{"allow":["GET"]}}],"collection":[{"href":"https:\/\/boreait.com\/it\/wp-json\/wp\/v2\/product"}],"about":[{"href":"https:\/\/boreait.com\/it\/wp-json\/wp\/v2\/types\/product"}],"wp:featuredmedia":[{"embeddable":true,"href":"https:\/\/boreait.com\/it\/wp-json\/wp\/v2\/media\/18877"}],"wp:attachment":[{"href":"https:\/\/boreait.com\/it\/wp-json\/wp\/v2\/media?parent=20085"}],"wp:term":[{"taxonomy":"product_brand","embeddable":true,"href":"https:\/\/boreait.com\/it\/wp-json\/wp\/v2\/product_brand?post=20085"},{"taxonomy":"product_cat","embeddable":true,"href":"https:\/\/boreait.com\/it\/wp-json\/wp\/v2\/product_cat?post=20085"},{"taxonomy":"product_tag","embeddable":true,"href":"https:\/\/boreait.com\/it\/wp-json\/wp\/v2\/product_tag?post=20085"}],"curies":[{"name":"wp","href":"https:\/\/api.w.org\/{rel}","templated":true}]}}