{"id":20065,"date":"2025-07-25T13:29:13","date_gmt":"2025-07-25T13:29:13","guid":{"rendered":"https:\/\/boreait.com\/it\/?post_type=product&#038;p=20065"},"modified":"2025-07-25T13:29:26","modified_gmt":"2025-07-25T13:29:26","slug":"schermo-lcd-per-hp-victus-16-r1-series-161-fhd-opaco-144-hz-nuovo","status":"publish","type":"product","link":"https:\/\/boreait.com\/it\/product\/schermo-lcd-per-hp-victus-16-r1-series-161-fhd-opaco-144-hz-nuovo\/","title":{"rendered":"Schermo LCD per HP Victus 16 R1 Series &#8211; 16,1&#8243;, FHD, opaco, 144 Hz, nuovo"},"content":{"rendered":"<p><strong>Modello attuale dello schermo LCD: N161hma-gak REV. C3 o n161hca-ga1 REV C.1 \u2013 COMPLETAMENTE COMPATIBILE CON LO SCHERMO PER LAPTOP HP Victus 16 R1 \/ R10000 \/ R1xxxx<\/strong><\/p>\n<p>Migliora il tuo laptop HP Victus 16 R1 con questo schermo LCD sostitutivo di alta qualit\u00e0, progettato per i modelli non touch. Che il tuo schermo attuale sia danneggiato o malfunzionante, questo display opaco Full HD da 16,1\u2033 (1920\u00d71080) \u00e8 la soluzione ideale.<\/p>\n<p>Le caratteristiche principali includono:<\/p>\n<ul>\n<li><strong>Frequenza di aggiornamento di 144 Hz<\/strong>: goditi immagini ultra fluide, perfette per giochi e contenuti multimediali.<\/li>\n<li><strong>Luminosit\u00e0 di 250 nit<\/strong>: immagini nitide e vivide anche in ambienti ben illuminati.<\/li>\n<li><strong>Finitura opaca<\/strong>: riduce i riflessi per un\u2019esperienza visiva confortevole.<\/li>\n<li><strong>Connettore a 40 pin<\/strong>: compatibile con un\u2019ampia gamma di modelli HP Victus 16 R1.<\/li>\n<li><strong>Nastro biadesivo<\/strong>: incluso per un\u2019installazione senza problemi.<\/li>\n<\/ul>\n<p>Questo schermo \u00e8 compatibile con numerosi modelli della gamma HP Victus Serie 16 R1, per una vestibilit\u00e0 perfetta. Realizzato secondo standard elevati, questo nuovissimo pannello offre prestazioni affidabili e un aggiornamento duraturo per il tuo laptop.<\/p>\n<p><strong>Condizioni<\/strong>: Nuovo<\/p>\n<p><strong>Dimensioni schermo<\/strong>: 16,1\u2033<\/p>\n<p><strong>Risoluzione<\/strong>: Full HD (1920\u00d71080)<\/p>\n<p><strong>Frequenza di aggiornamento<\/strong>: 144 Hz<\/p>\n<p><strong>Luminosit\u00e0<\/strong>: 250 nit<\/p>\n<p><strong>Superficie<\/strong>: Opaca<\/p>\n<p><strong>Connettore<\/strong>: 40 pin<\/p>\n<p>Fai tornare il tuo laptop come nuovo con questo schermo LCD resistente e ad alte prestazioni. Compatibile con modelli come 16-R1000CI, 16-R1000NA, 16-R1000NB e molti altri. <\/p>\n<p><strong>Nota<\/strong>: prima dell\u2019acquisto, verifica la compatibilit\u00e0 con il tuo modello specifico. Per assistenza, non esitare a contattarci. <\/p>\n<p><strong>Elenco di alcuni laptop compatibili:\u00a0\u00a0<\/strong><\/p>\n<p>16-R1000CI, 16-R1000NA, 16-R1000NB, 16-R1000NJ, 16-R1000NL, 16-R1000NS, 16-R1000NT, 16-R1000NX, 16-R1000SF, 16-R1000SL, 16-R1001NB, 16-R1001NC, 16-R1001NI, 16-R1001NS, 16-R1001NT, 16-R1001NX, 16-R1001SF, 16-R1001SL, 16-R1002NB, Codice articolo: 16-R1002NC, 16-R1002NF, 16-R1002NI, 16-R1002NJ, 16-R1002NK, 16-R1002NL, 16-R1002NM, 16-R1002NS, 16-R1002NT, 16-R1002NX, 16-R1002SA, 16-R1002SF, 16-R1002SL, 16-R1003CI, 16-R1003NI, 16-R1003NK, 16-R1003NS, 16-R1003NT, 16-R1003NX, 16-R1003SA, 16-R1003SL, 16-R1004LA, 16-R1004NA, 16-R1004NI, 16-R1004NK, 16-R1004NS, 16-R1004NT, 16-R1004NX, 16-R1005NA, 16-R1005NB, 16-R1005NI, 16-R1005NK, 16-R1005NS, 16-R1005NT, 16-R1005NV, 16-R1005NX, 16-R1005SL, 16-R1006LA, 16-R1006NK, 16-R1006NP, 16-R1006NS, 16-R1006NT, 16-R1006NX, 16-R1006SL, 16-R1007NE, 16-R1007NS, 16-R1007NT, 16-R1007NV, 16-R1007NX, 16-R1007SL, 16-R1008NIA, 16-R1008NS, 16-R1008NT, 16-R1008NX, 16-R1009NE, 16-R1009NIA, 16-R1009NL, 16-R1009NS, 16-R1009NT, 16-R1009NX, 16-R1010CI, 16-R1010NE, 16-R1010NF, 16-R1010NM, 16-R1010NS, 16-R1010NT, 16-R1010NX, 16-R1011CI, 16-R1011NB, 16-R1011NE, 16-R1011NIA, 16-R1011NJ, 16-R1011NS, 16-R1011NT, 16-R1011NX, 16-R1011TX, 16-R1012NE, 16-R1012NIA, 16-R1012NL, 16-R1012NS, 16-R1001NT, 16-R1013NE, 16-R1013NX, 16-R1015NT, 16-R1020NT, 16-R1022NT, 16-R1034NT, 16-R1038NT, 16-R1041NT, 16-1042NT, 16-R1044NT, 16-R1046NT, 16-R1052NT, 16-R1058NT, 16-R1064NT, 16-R1067NT, 16-R1076NT, 16-R1775NG, 16-R1776NG, 16-R1077NG, 16-R1174NG, 16 R1006NS, 16 R1020NT, 16 R1049NT, 16 R1076NT, 16 R1042NT<\/p>\n","protected":false},"excerpt":{"rendered":"<p>Aggiorna il tuo laptop HP Victus 16 R1 con uno schermo LCD Full HD da 16,1&#8243; di alta qualit\u00e0. Questo display opaco offre una frequenza di aggiornamento di 144 Hz, una luminosit\u00e0 di 250 nit e compatibilit\u00e0 con connettori a 40 pin. Perfetto per sostituire lo schermo danneggiato o difettoso, questo nuovo pannello garantisce immagini nitide e prestazioni fluide. Il nastro biadesivo incluso facilita l&#8217;installazione.<\/p>\n","protected":false},"featured_media":19308,"template":"","meta":[],"product_brand":[],"product_cat":[71,60],"product_tag":[26],"class_list":{"0":"post-20065","1":"product","2":"type-product","3":"status-publish","4":"has-post-thumbnail","6":"product_cat-16-1","7":"product_cat-new-laptop-screens-lcd-panels","8":"product_tag-hp","10":"first","11":"instock","12":"taxable","13":"shipping-taxable","14":"purchasable","15":"product-type-simple"},"_links":{"self":[{"href":"https:\/\/boreait.com\/it\/wp-json\/wp\/v2\/product\/20065","targetHints":{"allow":["GET"]}}],"collection":[{"href":"https:\/\/boreait.com\/it\/wp-json\/wp\/v2\/product"}],"about":[{"href":"https:\/\/boreait.com\/it\/wp-json\/wp\/v2\/types\/product"}],"wp:featuredmedia":[{"embeddable":true,"href":"https:\/\/boreait.com\/it\/wp-json\/wp\/v2\/media\/19308"}],"wp:attachment":[{"href":"https:\/\/boreait.com\/it\/wp-json\/wp\/v2\/media?parent=20065"}],"wp:term":[{"taxonomy":"product_brand","embeddable":true,"href":"https:\/\/boreait.com\/it\/wp-json\/wp\/v2\/product_brand?post=20065"},{"taxonomy":"product_cat","embeddable":true,"href":"https:\/\/boreait.com\/it\/wp-json\/wp\/v2\/product_cat?post=20065"},{"taxonomy":"product_tag","embeddable":true,"href":"https:\/\/boreait.com\/it\/wp-json\/wp\/v2\/product_tag?post=20065"}],"curies":[{"name":"wp","href":"https:\/\/api.w.org\/{rel}","templated":true}]}}