{"id":20063,"date":"2025-07-25T13:29:13","date_gmt":"2025-07-25T13:29:13","guid":{"rendered":"https:\/\/boreait.com\/it\/?post_type=product&#038;p=20063"},"modified":"2025-07-25T13:29:25","modified_gmt":"2025-07-25T13:29:25","slug":"schermo-lcd-hp-victus-16-d1-series-161-fhd-144hz-opaco-non-touch-nuovo","status":"publish","type":"product","link":"https:\/\/boreait.com\/it\/product\/schermo-lcd-hp-victus-16-d1-series-161-fhd-144hz-opaco-non-touch-nuovo\/","title":{"rendered":"Schermo LCD HP Victus 16 D1 Series 16,1&#8243; FHD 144Hz opaco non touch nuovo"},"content":{"rendered":"<p><strong>Modello schermo LCD effettivo: N161hma-gak REV. C3 o n161hca-ga1 REV C.1 \u2013 COMPLETAMENTE COMPATIBILE CON LO SCHERMO PER LAPTOP HP Victus 16 serie D1 \/ D10000 \/ D1xxxx<\/strong><\/p>\n<p>Ridai nuova vita al tuo laptop HP Victus 16 serie D1 con questo schermo LCD sostitutivo di alta qualit\u00e0. Progettato per i modelli non touch da 16,1 pollici, offre una risoluzione Full HD (1920\u00d71080) con una frequenza di aggiornamento fluida di 144 Hz, garantendo una nitidezza e una reattivit\u00e0 eccezionali per giochi, lavoro o intrattenimento. La finitura opaca riduce i riflessi, mentre la luminosit\u00e0 di 250 nit offre immagini vivide anche in ambienti ben illuminati. <\/p>\n<p>Questo schermo LCD \u00e8 compatibile con un\u2019ampia gamma di modelli HP Victus serie 16 D1, inclusi, a titolo esemplificativo ma non esaustivo:<\/p>\n<p>16-D1000CA, 16-D1000NM, 16-D1001SL, 16-D1002NS, 16-D1004TX, 16-D1011UA e molti altri. <\/p>\n<p><strong>Caratteristiche:<\/strong><\/p>\n<ul>\n<li><strong>Dimensioni:<\/strong> 16,1 pollici<\/li>\n<li><strong>Risoluzione:<\/strong> Full HD (1920\u00d71080)<\/li>\n<li><strong>Frequenza di aggiornamento:<\/strong> 144 Hz<\/li>\n<li><strong>Luminosit\u00e0:<\/strong> 250 nit<\/li>\n<li><strong>Finitura:<\/strong> Opaca (antiriflesso)<\/li>\n<li><strong>Connettore:<\/strong> 40 pin<\/li>\n<\/ul>\n<p>La confezione include nastro biadesivo per un\u2019installazione semplice, rendendolo una scelta eccellente sia per i professionisti che per gli utenti fai da te.<\/p>\n<p><strong>Condizioni:<\/strong> Nuovo di zecca, garantisce prestazioni e longevit\u00e0 ottimali.<br \/>\n<strong>Compatibilit\u00e0:<\/strong> Adatto ai laptop HP Victus 16 serie D1.<\/p>\n<p>Ripristina facilmente il display del tuo laptop e goditi di nuovo immagini nitide e vivide. <\/p>\n<p><strong>Elenco di alcuni laptop compatibili:\u00a0\u00a0<\/strong><\/p>\n<p>16-D1000CA, 16-D1000CI, 16-D1000LA, 16-D1000NM, 16-D1000NP, 16-D1000NS, 16-D1000SL, 16-D1000TX, 16-D1000UA, 16-D1000UR, 6-D1001CI, 16-D1001NM, 16-D1001NP, 16-D1001NS, 16-D1001SL, 16-D1001TX, 16-D1001UA, 16-D1001UR, 16-D1002CI, 16-D1002NM, 6-D1002NS, 16-D1002SL, 16-D1002TX, 16-D1002UA, 16-D1002UR, 16-D1003CI, 16-D1003LA, 16-D1003NB, 16-D1003NM, 16-D1003NS, 6-D1003SL, 16-D1003TX, 16-D1003UA, 16-D1003UR, 16-D1004CI, 16-D1004NB, 16-D1004NP, 16-D1004NS, 16-D1004SL, 16-D1004TX, 6-D1004UA, 16-D1004UR, 16-D1005CI, 16-D1005LA, 16-D1005NB, 16-D1005NP, 16-D1005NS, 16-D1005TX, 16-D1005UA, 16-D1005UR, 6-D1006CI, 16-D1006LA, 16-D1006NB, 16-D1006NL, 16-D1006NP, 16-D1006NS, 16-D1006TX, 16-D1006UA, 16-D1006UR, 16-D1007CI, 6-D1007LA, 16-D1007NB, 16-D1007NL, 16-D1007NS, 16-D1007TX, 16-D1007UA, 16-D1007UR, 16-D1008CA, 16-D1008CI, 16-D1008NL, 6-D1008NP, 16-D1008NS, 16-D1008TX, 16-D1008UA, 16-D1008UR, 16-D1009CI, 16-D1009LA, 16-D1009NB, 16-D1009NL, 16-D1009NS, 6-D1009TX, 16-D1009UA, 16-D1009UR, 16-D1010CA, 16-D1010CI, 16-D1010NL, 16-D1010NP, 16-D1010NS, 16-D1010TX, 16-D1010UA, 6-D1010UR, 16-D1011CI, 16-D1011NL, 16-D1011NS, 16-D1011TX, 16-D1011UA, 16-D1011UR, 16-D1012CI, 16-D1012NL, 16-d1035nt, 16-d1176tx, 16-d1213tx, 16-d1002ne, 16-d1095tx, 16-d1042nt<\/p>\n","protected":false},"excerpt":{"rendered":"<p>Aggiorna il tuo laptop HP Victus 16 D1 Series con un nuovo schermo LCD da 16,1&#8243;. Con risoluzione FHD, frequenza di aggiornamento di 144 Hz, finitura opaca e luminosit\u00e0 di 250 nit, questo schermo offre un&#8217;esperienza visiva straordinaria. Compatibile con diversi modelli, include nastro autoadesivo per una facile installazione. Perfetto per ripristinare la qualit\u00e0 di visualizzazione del tuo laptop.<\/p>\n","protected":false},"featured_media":19308,"template":"","meta":[],"product_brand":[],"product_cat":[71,60],"product_tag":[26],"class_list":{"0":"post-20063","1":"product","2":"type-product","3":"status-publish","4":"has-post-thumbnail","6":"product_cat-16-1","7":"product_cat-new-laptop-screens-lcd-panels","8":"product_tag-hp","10":"first","11":"instock","12":"taxable","13":"shipping-taxable","14":"purchasable","15":"product-type-simple"},"_links":{"self":[{"href":"https:\/\/boreait.com\/it\/wp-json\/wp\/v2\/product\/20063","targetHints":{"allow":["GET"]}}],"collection":[{"href":"https:\/\/boreait.com\/it\/wp-json\/wp\/v2\/product"}],"about":[{"href":"https:\/\/boreait.com\/it\/wp-json\/wp\/v2\/types\/product"}],"wp:featuredmedia":[{"embeddable":true,"href":"https:\/\/boreait.com\/it\/wp-json\/wp\/v2\/media\/19308"}],"wp:attachment":[{"href":"https:\/\/boreait.com\/it\/wp-json\/wp\/v2\/media?parent=20063"}],"wp:term":[{"taxonomy":"product_brand","embeddable":true,"href":"https:\/\/boreait.com\/it\/wp-json\/wp\/v2\/product_brand?post=20063"},{"taxonomy":"product_cat","embeddable":true,"href":"https:\/\/boreait.com\/it\/wp-json\/wp\/v2\/product_cat?post=20063"},{"taxonomy":"product_tag","embeddable":true,"href":"https:\/\/boreait.com\/it\/wp-json\/wp\/v2\/product_tag?post=20063"}],"curies":[{"name":"wp","href":"https:\/\/api.w.org\/{rel}","templated":true}]}}