{"id":20061,"date":"2025-07-25T13:29:13","date_gmt":"2025-07-25T13:29:13","guid":{"rendered":"https:\/\/boreait.com\/it\/?post_type=product&#038;p=20061"},"modified":"2025-10-15T12:03:25","modified_gmt":"2025-10-15T12:03:25","slug":"schermo-lcd-hp-probook-fortis-14-g9-g10-156-opaco-fhd-ips-edp-30-pin-nuovo","status":"publish","type":"product","link":"https:\/\/boreait.com\/it\/product\/schermo-lcd-hp-probook-fortis-14-g9-g10-156-opaco-fhd-ips-edp-30-pin-nuovo\/","title":{"rendered":"Schermo LCD HP ProBook Fortis 14 G9 G10 15,6&#8243; opaco FHD IPS eDP 30 pin Nuovo"},"content":{"rendered":"<p><strong>Modello effettivo dello schermo LCD: B156ZAN03.6 o N156HCA-EAB Rev C.4 \u2013 completamente compatibile con i laptop HP PROBOOK FORTIS 14 G9 e G10<\/strong><\/p>\n<p>Aggiorna o sostituisci lo schermo del tuo laptop con questo <strong>schermo LCD di alta qualit\u00e0 per HP ProBook Fortis 14 G9 e G10<\/strong>. Progettato specificamente per i modelli non touch, questo display IPS opaco da 15,6 pollici offre una straordinaria risoluzione Full HD (FHD) con colori vivaci e dettagli nitidi. Dotato di connettivit\u00e0 eDP a 30 pin, garantisce una perfetta integrazione e compatibilit\u00e0 con il tuo dispositivo.<\/p>\n<p>Questo schermo viene fornito senza staffe superiori e inferiori, consentendo un montaggio pi\u00f9 personalizzato. La confezione include <strong>strisce biadesive<\/strong> per un\u2019installazione sicura e semplice. Che tu stia sostituendo uno schermo danneggiato o aggiornandolo per migliorare le prestazioni, questo nuovissimo schermo LCD \u00e8 la soluzione perfetta per ripristinare o migliorare le funzionalit\u00e0 del tuo laptop. <\/p>\n<p><strong>Caratteristiche principali:<\/strong><\/p>\n<ul>\n<li><strong>Compatibilit\u00e0:<\/strong> HP ProBook Fortis 14 G9 e G10 (modelli non touch)<\/li>\n<li><strong>Dimensioni schermo:<\/strong> 15,6 pollici (39,62 cm)<\/li>\n<li><strong>Finitura:<\/strong> Opaca per ridurre i riflessi<\/li>\n<li><strong>Risoluzione:<\/strong> Full HD (FHD) 1920 x 1080<\/li>\n<li><strong>Tecnologia:<\/strong> IPS per colori vivaci e ampi angoli di visione<\/li>\n<li><strong>Tipo di connettore:<\/strong> eDP a 30 pin<\/li>\n<li><strong>Condizioni:<\/strong> Nuovo<\/li>\n<li><strong>Extra:<\/strong> Include biadesivo Strisce per un\u2019installazione sicura\n<\/ul>\n<p>Goditi un\u2019esperienza di acquisto senza pensieri con consegna rapida, garanzia di qualit\u00e0 e supporto per qualsiasi domanda sulla compatibilit\u00e0. Ripristina le prestazioni e la qualit\u00e0 visiva del tuo laptop oggi stesso!<\/p>\n","protected":false},"excerpt":{"rendered":"<div class=\"flex max-w-full flex-col flex-grow\">\n<div class=\"min-h-8 messaggio di testo flex w-full flex-col elementi-fine spazio-2 spazio-normale parole-interruzione [.messaggio-di-testo+&amp;]:mt-5\" dir=\"auto\" data-message-autore-ruolo=\"assistente\" data-message-id=\"643e7024-2c48-4fd0-8ce1-7db539127bf6\" data-client-thread-id=\"WEB:0938c45f-8fb2-4fcd-987c-cdd10acde468\" data-message-modello-slug=\"gpt-4o\">\n<div class=\"flex w-full flex-col spazio-1 vuoto:nascosto primo:pt-[3px]\">\n<div class=\"markdown prose w-full break-words dark:prose-invert light\">\n<p>Schermo LCD sostitutivo per HP ProBook Fortis 14 G9 e G10 (non touch), 15,6&#8243; opaco, FHD, IPS, eDP a 30 pin. Include strisce adesive. Condizioni: Nuovo.<\/p>\n<\/div>\n<\/div>\n<\/div>\n<\/div>\n","protected":false},"featured_media":18877,"template":"","meta":[],"product_brand":[],"product_cat":[69,60],"product_tag":[26],"class_list":{"0":"post-20061","1":"product","2":"type-product","3":"status-publish","4":"has-post-thumbnail","6":"product_cat-15-6-new-laptop-screens-lcd-panels","7":"product_cat-new-laptop-screens-lcd-panels","8":"product_tag-hp","10":"first","11":"instock","12":"taxable","13":"shipping-taxable","14":"purchasable","15":"product-type-simple"},"_links":{"self":[{"href":"https:\/\/boreait.com\/it\/wp-json\/wp\/v2\/product\/20061","targetHints":{"allow":["GET"]}}],"collection":[{"href":"https:\/\/boreait.com\/it\/wp-json\/wp\/v2\/product"}],"about":[{"href":"https:\/\/boreait.com\/it\/wp-json\/wp\/v2\/types\/product"}],"wp:featuredmedia":[{"embeddable":true,"href":"https:\/\/boreait.com\/it\/wp-json\/wp\/v2\/media\/18877"}],"wp:attachment":[{"href":"https:\/\/boreait.com\/it\/wp-json\/wp\/v2\/media?parent=20061"}],"wp:term":[{"taxonomy":"product_brand","embeddable":true,"href":"https:\/\/boreait.com\/it\/wp-json\/wp\/v2\/product_brand?post=20061"},{"taxonomy":"product_cat","embeddable":true,"href":"https:\/\/boreait.com\/it\/wp-json\/wp\/v2\/product_cat?post=20061"},{"taxonomy":"product_tag","embeddable":true,"href":"https:\/\/boreait.com\/it\/wp-json\/wp\/v2\/product_tag?post=20061"}],"curies":[{"name":"wp","href":"https:\/\/api.w.org\/{rel}","templated":true}]}}