{"id":20057,"date":"2025-07-25T13:29:12","date_gmt":"2025-07-25T13:29:12","guid":{"rendered":"https:\/\/boreait.com\/it\/?post_type=product&#038;p=20057"},"modified":"2025-07-25T13:29:23","modified_gmt":"2025-07-25T13:29:23","slug":"schermo-lcd-per-hp-omen-serie-16-wd-161-fhd-144hz-opaco-40-pin-nuovo","status":"publish","type":"product","link":"https:\/\/boreait.com\/it\/product\/schermo-lcd-per-hp-omen-serie-16-wd-161-fhd-144hz-opaco-40-pin-nuovo\/","title":{"rendered":"Schermo LCD per HP OMEN serie 16-WD, 16,1&#8243;, FHD 144Hz opaco, 40 pin, nuovo"},"content":{"rendered":"<p><strong>Modello effettivo dello schermo LCD: N161hma-gak REV. C3 o n161hca-ga1 REV C.1 \u2013 COMPLETAMENTE COMPATIBILE CON LO SCHERMO PER LAPTOP HP OMEN 16 WD \/ WD00000 \/ WDxxxx series<\/strong><\/p>\n<p>Migliora il tuo laptop HP OMEN 16-WD Series con questo schermo LCD sostitutivo di alta qualit\u00e0. Progettato per modelli come 16-WD0000CA, 16-WD0000NA e altri della stessa serie, questo schermo da 16,1 pollici offre una risoluzione Full HD, una frequenza di aggiornamento di 144 Hz e una luminosit\u00e0 di 250 nit per immagini nitide e vivide.<\/p>\n<p>La sua finitura opaca riduce al minimo i riflessi, offrendo un\u2019esperienza visiva ottimale durante il gioco, il lavoro o lo streaming. Lo schermo \u00e8 dotato di un connettore a 40 pin e viene fornito con nastro biadesivo per un\u2019installazione rapida e senza problemi. <\/p>\n<p>Caratteristiche principali:<\/p>\n<ul>\n<li><strong>Compatibilit\u00e0:<\/strong> HP OMEN serie 16-WD (16-WD0000, 16-WD0001, 16-WD0003, ecc.)<\/li>\n<li><strong>Dimensioni schermo:<\/strong> 16,1 pollici<\/li>\n<li><strong>Risoluzione:<\/strong> Full HD (1920\u00d71080)<\/li>\n<li><strong>Frequenza di aggiornamento:<\/strong> 144 Hz<\/li>\n<li><strong>Luminosit\u00e0:<\/strong> 250 nit<\/li>\n<li><strong>Finitura:<\/strong> Opaca (antiriflesso)<\/li>\n<li><strong>Connettore:<\/strong> 40 pin<\/li>\n<li><strong>Condizioni:<\/strong> Marca Nuovo<\/li>\n<\/ul>\n<p>Nota: questo \u00e8 un ricambio per schermo non touch e non include staffe superiori o inferiori. Progettato per chi cerca qualit\u00e0 e prestazioni eccezionali, questo schermo \u00e8 ideale per riportare il tuo laptop alle massime condizioni.<\/p>\n<p>Che tu sia un gamer, uno studente o un professionista, questo schermo sostitutivo garantisce prestazioni impeccabili e una qualit\u00e0 di visualizzazione eccezionale. <\/p>\n<p><strong>Elenco di alcuni laptop compatibili:\u00a0\u00a0<\/strong><\/p>\n<p>16-WD0000CA, 16-WD0000NA, 16-WD0000NE, 16-WD0000NIA, 16-WD0000NJ, 16-WD0000NK, 16-WD0000NM, 16-WD0000NQ, 16-WD0000NS, 16-WD0000NT, 16-WD0000NU, 16-WD0000NV, 16-WD0000NX, 16-WD0000SA, 16-WD0000SL, 16-WD0000TX, 16-WD0000UA, 16-WD0001CI, 16-WD0001NB, 16-WD0001NI, 16-WD0001NK, 16-WD0001NL, 16-WD0001NN, 16-WD0001NS, 16-WD0001NT, 16-WD0001NV, 16-WD0001NX, 16-WD0001SL, 16-WD0001TX, 16-WD0001UA, 16-WD0002CI, 16-WD0002LA, 16-WD0002NIA, 16-WD0002NK, 16-WD0002NN, 16-WD0002NP, 16-WD0002NS, 16-WD0002NT, 16-WD0002SL, 16-WD0002TX, 16-WD0002UA, 16-WD0003CI, 16-WD0003LA, 16-WD0003NIA, 16-WD0003NK, 16-WD0003NS, 16-WD0003NT, 16-WD0003NV, 16-WD0003SL, 16-WD0003TX, 16-WD0004CI, 16-WD0004NB, 16-WD0004NIA, 16-WD0004NJ, 16-WD0004NL, 16-WD0004NS, 16-WD0004NT, 16-WD0004TX, 16-WD0004UA, 16-WD0005CI, 16-WD0005NE, 16-WD0005NIA, Codice articolo: 16-WD0005NJ, 16-WD0005NL, 16-WD0005NN, 16-WD0005NO, 16-WD0005NS, 16-WD0005NT, 16-WD0005NV, 16-WD0005UA, 16-WD0006CI, 16-WD0006NE, 16-WD0006NL, 16-WD0006NS, 16-WD0006NT, 16-WD0007CI, 16-WD0007NE, 16-WD0007NIA, 16-WD0007NL, 16-WD0007NS, 16-WD0007NT, 16-WD0008CA, 16-WD0008CI, 16-WD0008NB, 16-WD0008NP, 16-WD0008NS, 16-WD0008NT, 16-WD0009CI, 16-WD0009NB, 16-WD0009NIA, 16-WD0009NS, 16-WD0009NT, 16-WD0010CA, 16-WD0010CI, 16-WD0010NB, 16-WD0010NIA, 16-WD0010NS, 16-WD0011CI, 16-WD0011NO, 16-wd0063dx, 16-wd0770tx, 16-wd0990tx, 16-wd0012tx, 16-wd0880tx<\/p>\n","protected":false},"excerpt":{"rendered":"<p>Aggiorna il tuo laptop HP OMEN serie 16-WD con questo schermo LCD FHD da 16,1&#8243;. Con una frequenza di aggiornamento di 144 Hz, finitura opaca e luminosit\u00e0 di 250 nit, offre immagini straordinarie per il gaming o l&#8217;uso professionale. Include nastro biadesivo per una facile installazione.<\/p>\n","protected":false},"featured_media":19308,"template":"","meta":[],"product_brand":[],"product_cat":[71,60],"product_tag":[26],"class_list":{"0":"post-20057","1":"product","2":"type-product","3":"status-publish","4":"has-post-thumbnail","6":"product_cat-16-1","7":"product_cat-new-laptop-screens-lcd-panels","8":"product_tag-hp","10":"first","11":"instock","12":"taxable","13":"shipping-taxable","14":"purchasable","15":"product-type-simple"},"_links":{"self":[{"href":"https:\/\/boreait.com\/it\/wp-json\/wp\/v2\/product\/20057","targetHints":{"allow":["GET"]}}],"collection":[{"href":"https:\/\/boreait.com\/it\/wp-json\/wp\/v2\/product"}],"about":[{"href":"https:\/\/boreait.com\/it\/wp-json\/wp\/v2\/types\/product"}],"wp:featuredmedia":[{"embeddable":true,"href":"https:\/\/boreait.com\/it\/wp-json\/wp\/v2\/media\/19308"}],"wp:attachment":[{"href":"https:\/\/boreait.com\/it\/wp-json\/wp\/v2\/media?parent=20057"}],"wp:term":[{"taxonomy":"product_brand","embeddable":true,"href":"https:\/\/boreait.com\/it\/wp-json\/wp\/v2\/product_brand?post=20057"},{"taxonomy":"product_cat","embeddable":true,"href":"https:\/\/boreait.com\/it\/wp-json\/wp\/v2\/product_cat?post=20057"},{"taxonomy":"product_tag","embeddable":true,"href":"https:\/\/boreait.com\/it\/wp-json\/wp\/v2\/product_tag?post=20057"}],"curies":[{"name":"wp","href":"https:\/\/api.w.org\/{rel}","templated":true}]}}