{"id":20051,"date":"2025-07-25T13:29:12","date_gmt":"2025-07-25T13:29:12","guid":{"rendered":"https:\/\/boreait.com\/it\/?post_type=product&#038;p=20051"},"modified":"2025-07-25T13:29:22","modified_gmt":"2025-07-25T13:29:22","slug":"schermo-lcd-hp-14-ee-da-14-fhd-ips-30-pin-non-touch-opaco-nuovo-con-nastro-adesivo","status":"publish","type":"product","link":"https:\/\/boreait.com\/it\/product\/schermo-lcd-hp-14-ee-da-14-fhd-ips-30-pin-non-touch-opaco-nuovo-con-nastro-adesivo\/","title":{"rendered":"Schermo LCD HP 14-ee da 14&#8243; FHD IPS, 30 pin, non touch, opaco, nuovo, con nastro adesivo"},"content":{"rendered":"<p><strong>Modello schermo LCD effettivo: N140HCA-ELK REV C.2 \u2013 COMPLETAMENTE COMPATIBILE CON LO SCHERMO PER LAPTOP HP serie 14-ee<\/strong><\/p>\n<p>Aggiorna il tuo laptop HP serie 14-ee con questo schermo LCD sostitutivo non touch di alta qualit\u00e0. Progettato per una perfetta compatibilit\u00e0, questo schermo da 14 pollici \u00e8 dotato di una connessione a 30 pin e offre una nitida risoluzione FHD (1920 x 1080) su un display IPS opaco. Con colori vivaci e ampi angoli di visione, potrai godere di un\u2019esperienza visiva superiore per il lavoro o l\u2019intrattenimento. Questo schermo viene fornito senza staffe superiori e inferiori e include nastro biadesivo per una facile installazione. Che tu stia sostituendo uno schermo danneggiato o aggiornando il tuo display, questo nuovissimo pannello LCD di alta qualit\u00e0 \u00e8 una scelta affidabile per il tuo laptop HP.<\/p>\n","protected":false},"excerpt":{"rendered":"<p>Sostituisci lo schermo del tuo laptop HP serie 14-ee con questo LCD opaco FHD IPS da 14&#8243;, 30 pin, versione non touch. Include nastro autoadesivo.<\/p>\n","protected":false},"featured_media":19225,"template":"","meta":[],"product_brand":[],"product_cat":[63,60],"product_tag":[],"class_list":{"0":"post-20051","1":"product","2":"type-product","3":"status-publish","4":"has-post-thumbnail","6":"product_cat-14-new-laptop-screens-lcd-panels","7":"product_cat-new-laptop-screens-lcd-panels","9":"first","10":"instock","11":"taxable","12":"shipping-taxable","13":"purchasable","14":"product-type-simple"},"_links":{"self":[{"href":"https:\/\/boreait.com\/it\/wp-json\/wp\/v2\/product\/20051","targetHints":{"allow":["GET"]}}],"collection":[{"href":"https:\/\/boreait.com\/it\/wp-json\/wp\/v2\/product"}],"about":[{"href":"https:\/\/boreait.com\/it\/wp-json\/wp\/v2\/types\/product"}],"wp:featuredmedia":[{"embeddable":true,"href":"https:\/\/boreait.com\/it\/wp-json\/wp\/v2\/media\/19225"}],"wp:attachment":[{"href":"https:\/\/boreait.com\/it\/wp-json\/wp\/v2\/media?parent=20051"}],"wp:term":[{"taxonomy":"product_brand","embeddable":true,"href":"https:\/\/boreait.com\/it\/wp-json\/wp\/v2\/product_brand?post=20051"},{"taxonomy":"product_cat","embeddable":true,"href":"https:\/\/boreait.com\/it\/wp-json\/wp\/v2\/product_cat?post=20051"},{"taxonomy":"product_tag","embeddable":true,"href":"https:\/\/boreait.com\/it\/wp-json\/wp\/v2\/product_tag?post=20051"}],"curies":[{"name":"wp","href":"https:\/\/api.w.org\/{rel}","templated":true}]}}