{"id":20042,"date":"2025-07-25T13:29:11","date_gmt":"2025-07-25T13:29:11","guid":{"rendered":"https:\/\/boreait.com\/it\/?post_type=product&#038;p=20042"},"modified":"2025-07-25T13:29:18","modified_gmt":"2025-07-25T13:29:18","slug":"schermo-lcd-fhd-da-14-5d10w42366-ips-non-touch-1920x1080-opaco-30-pin-nuovo","status":"publish","type":"product","link":"https:\/\/boreait.com\/it\/product\/schermo-lcd-fhd-da-14-5d10w42366-ips-non-touch-1920x1080-opaco-30-pin-nuovo\/","title":{"rendered":"Schermo LCD FHD da 14&#8243; 5D10W42366 IPS non touch 1920&#215;1080 opaco 30 pin nuovo"},"content":{"rendered":"<p><strong>Modello effettivo dello schermo LCD: N140HCA-ELK REV C.2 \u2013 COMPLETAMENTE COMPATIBILE CON LO SCHERMO DEL LAPTOP 5D10W42366<\/strong><\/p>\n<p>Aggiorna il tuo dispositivo con lo schermo LCD da 14\u2033 di alta qualit\u00e0 (codice articolo: 5D10W42366) che offre una nitidezza eccezionale e colori vivaci. Questo display non touch offre un\u2019impressionante risoluzione Full HD di 1920 x 1080 pixel, offrendo immagini nitide e dettagli vividi. Grazie alla connessione a 30 pin, questo schermo \u00e8 progettato per adattarsi a una variet\u00e0 di laptop compatibili ed \u00e8 ideale per chi cerca un sostituto affidabile per il proprio display attuale.<\/p>\n<p>Lo schermo vanta un pannello IPS, che garantisce una precisione cromatica superiore e ampi angoli di visione. Che tu stia lavorando, guardando video o giocando, la finitura opaca riduce i riflessi, migliorando la visibilit\u00e0 e riducendo l\u2019affaticamento degli occhi. Inoltre, lo schermo \u00e8 dotato di nastro biadesivo per una facile installazione e non include la parte superiore e movimento centrale, rendendolo adatto a un\u2019ampia gamma di laptop.<\/p>\n<p>Questo prodotto \u00e8 nuovo di zecca, pronto per essere installato e per riportare in vita il tuo laptop con prestazioni eccellenti.<\/p>\n","protected":false},"excerpt":{"rendered":"<p>Sostituisci lo schermo del tuo laptop con il LCD IPS FHD da 14&#8243; (5D10W42366). Non touch, 30 pin, opaco, con nastro biadesivo incluso. Nuovo.<\/p>\n","protected":false},"featured_media":19225,"template":"","meta":[],"product_brand":[],"product_cat":[63,60],"product_tag":[],"class_list":{"0":"post-20042","1":"product","2":"type-product","3":"status-publish","4":"has-post-thumbnail","6":"product_cat-14-new-laptop-screens-lcd-panels","7":"product_cat-new-laptop-screens-lcd-panels","9":"first","10":"instock","11":"taxable","12":"shipping-taxable","13":"purchasable","14":"product-type-simple"},"_links":{"self":[{"href":"https:\/\/boreait.com\/it\/wp-json\/wp\/v2\/product\/20042","targetHints":{"allow":["GET"]}}],"collection":[{"href":"https:\/\/boreait.com\/it\/wp-json\/wp\/v2\/product"}],"about":[{"href":"https:\/\/boreait.com\/it\/wp-json\/wp\/v2\/types\/product"}],"wp:featuredmedia":[{"embeddable":true,"href":"https:\/\/boreait.com\/it\/wp-json\/wp\/v2\/media\/19225"}],"wp:attachment":[{"href":"https:\/\/boreait.com\/it\/wp-json\/wp\/v2\/media?parent=20042"}],"wp:term":[{"taxonomy":"product_brand","embeddable":true,"href":"https:\/\/boreait.com\/it\/wp-json\/wp\/v2\/product_brand?post=20042"},{"taxonomy":"product_cat","embeddable":true,"href":"https:\/\/boreait.com\/it\/wp-json\/wp\/v2\/product_cat?post=20042"},{"taxonomy":"product_tag","embeddable":true,"href":"https:\/\/boreait.com\/it\/wp-json\/wp\/v2\/product_tag?post=20042"}],"curies":[{"name":"wp","href":"https:\/\/api.w.org\/{rel}","templated":true}]}}