{"id":20032,"date":"2025-07-25T13:28:56","date_gmt":"2025-07-25T13:28:56","guid":{"rendered":"https:\/\/boreait.com\/it\/?post_type=product&#038;p=20032"},"modified":"2025-07-25T13:29:06","modified_gmt":"2025-07-25T13:29:06","slug":"schermo-lcd-ips-fhd-da-14-n69397-j91-1920x1080-non-touch-opaco-30-pin-nuovo","status":"publish","type":"product","link":"https:\/\/boreait.com\/it\/product\/schermo-lcd-ips-fhd-da-14-n69397-j91-1920x1080-non-touch-opaco-30-pin-nuovo\/","title":{"rendered":"Schermo LCD IPS FHD da 14&#8243; N69397-J91, 1920&#215;1080, non touch, opaco, 30 pin &#8211; Nuovo"},"content":{"rendered":"<p><strong>Modello effettivo dello schermo LCD: N140HCA-ELK REV C.2 \u2013 COMPLETAMENTE COMPATIBILE CON LO SCHERMO DEL LAPTOP N69397-J91<\/strong><\/p>\n<p>Aggiorna il display del tuo laptop con questo schermo LCD N69397-J91 di alta qualit\u00e0. Questo schermo Full HD da 14\u2033 offre una straordinaria risoluzione di 1920 x 1080, offrendo immagini vivide e cristalline, rendendolo perfetto sia per il lavoro che per l\u2019intrattenimento. Grazie alla tecnologia IPS, potrai godere di ampi angoli di visione e colori realistici, mentre la finitura opaca garantisce una riduzione dei riflessi per un\u2019esperienza visiva pi\u00f9 confortevole. Questa versione non touch \u00e8 ideale per sostituire schermi rotti o danneggiati ed \u00e8 dotata di nastro biadesivo per una facile installazione. Compatibile con connessioni a 30 pin, questo schermo non include staffe superiori e inferiori, il che lo rende versatile e facile da installare su diversi modelli di laptop. Condizione: Nuovo.<\/p>\n","protected":false},"excerpt":{"rendered":"<p>Sostituisci lo schermo danneggiato con il display LCD IPS FHD N69397-J91 da 14&#8243;, risoluzione 1920&#215;1080, finitura opaca. Include nastro biadesivo. Non touch, nuovo.<\/p>\n","protected":false},"featured_media":19225,"template":"","meta":[],"product_brand":[],"product_cat":[63,60],"product_tag":[],"class_list":{"0":"post-20032","1":"product","2":"type-product","3":"status-publish","4":"has-post-thumbnail","6":"product_cat-14-new-laptop-screens-lcd-panels","7":"product_cat-new-laptop-screens-lcd-panels","9":"first","10":"instock","11":"taxable","12":"shipping-taxable","13":"purchasable","14":"product-type-simple"},"_links":{"self":[{"href":"https:\/\/boreait.com\/it\/wp-json\/wp\/v2\/product\/20032","targetHints":{"allow":["GET"]}}],"collection":[{"href":"https:\/\/boreait.com\/it\/wp-json\/wp\/v2\/product"}],"about":[{"href":"https:\/\/boreait.com\/it\/wp-json\/wp\/v2\/types\/product"}],"wp:featuredmedia":[{"embeddable":true,"href":"https:\/\/boreait.com\/it\/wp-json\/wp\/v2\/media\/19225"}],"wp:attachment":[{"href":"https:\/\/boreait.com\/it\/wp-json\/wp\/v2\/media?parent=20032"}],"wp:term":[{"taxonomy":"product_brand","embeddable":true,"href":"https:\/\/boreait.com\/it\/wp-json\/wp\/v2\/product_brand?post=20032"},{"taxonomy":"product_cat","embeddable":true,"href":"https:\/\/boreait.com\/it\/wp-json\/wp\/v2\/product_cat?post=20032"},{"taxonomy":"product_tag","embeddable":true,"href":"https:\/\/boreait.com\/it\/wp-json\/wp\/v2\/product_tag?post=20032"}],"curies":[{"name":"wp","href":"https:\/\/api.w.org\/{rel}","templated":true}]}}