{"id":20027,"date":"2025-07-25T13:28:55","date_gmt":"2025-07-25T13:28:55","guid":{"rendered":"https:\/\/boreait.com\/it\/?post_type=product&#038;p=20027"},"modified":"2025-07-25T13:29:05","modified_gmt":"2025-07-25T13:29:05","slug":"schermo-lcd-n140hca-eac-rev-b1-14-fhd-1920x1080-ips-opaco-non-touch-nuovo","status":"publish","type":"product","link":"https:\/\/boreait.com\/it\/product\/schermo-lcd-n140hca-eac-rev-b1-14-fhd-1920x1080-ips-opaco-non-touch-nuovo\/","title":{"rendered":"Schermo LCD N140HCA-EAC Rev.B1 14&#8243; FHD 1920&#215;1080 IPS opaco non touch Nuovo"},"content":{"rendered":"<p><strong>Modello attuale dello schermo LCD: N140HCA-ELK REV C.2 \u2013 COMPLETAMENTE COMPATIBILE CON LO SCHERMO DEL LAPTOP N140HCA-EAC Rev.B1 C1 C2 C4 C5 C6<\/strong><\/p>\n<p>Aggiorna il display del tuo laptop con lo schermo LCD N140HCA-EAC Rev.B1. Questo display Full HD (1920 x 1080) da 14 pollici \u00e8 dotato di tecnologia IPS dai colori vivaci, che offre colori straordinari e ampi angoli di visione. La finitura opaca riduce i riflessi e offre un\u2019esperienza visiva pi\u00f9 confortevole, anche in ambienti ben illuminati. Dotato di un connettore a 30 pin, questo schermo \u00e8 progettato per diversi modelli di laptop ed \u00e8 compatibile con diverse revisioni (C1, C2, C4, C5, C6). Lo schermo \u00e8 in versione non touch e viene fornito con nastro biadesivo per una facile installazione, rendendolo la sostituzione ideale per il tuo display danneggiato o obsoleto. Si prega di notare che questo schermo non include le staffe superiore e inferiore. Condizioni: Nuovo.<\/p>\n","protected":false},"excerpt":{"rendered":"<p>Lo schermo LCD N140HCA-EAC Rev.B1 \u00e8 un display Full HD da 14 pollici (1920 x 1080) con tecnologia IPS, finitura opaca e connettore a 30 pin. Include nastro biadesivo ed \u00e8 compatibile con diverse revisioni di laptop. Versione non touch, senza staffe superiori e inferiori. Nuovo.<\/p>\n","protected":false},"featured_media":19225,"template":"","meta":[],"product_brand":[],"product_cat":[63,60],"product_tag":[],"class_list":{"0":"post-20027","1":"product","2":"type-product","3":"status-publish","4":"has-post-thumbnail","6":"product_cat-14-new-laptop-screens-lcd-panels","7":"product_cat-new-laptop-screens-lcd-panels","9":"first","10":"instock","11":"taxable","12":"shipping-taxable","13":"purchasable","14":"product-type-simple"},"_links":{"self":[{"href":"https:\/\/boreait.com\/it\/wp-json\/wp\/v2\/product\/20027","targetHints":{"allow":["GET"]}}],"collection":[{"href":"https:\/\/boreait.com\/it\/wp-json\/wp\/v2\/product"}],"about":[{"href":"https:\/\/boreait.com\/it\/wp-json\/wp\/v2\/types\/product"}],"wp:featuredmedia":[{"embeddable":true,"href":"https:\/\/boreait.com\/it\/wp-json\/wp\/v2\/media\/19225"}],"wp:attachment":[{"href":"https:\/\/boreait.com\/it\/wp-json\/wp\/v2\/media?parent=20027"}],"wp:term":[{"taxonomy":"product_brand","embeddable":true,"href":"https:\/\/boreait.com\/it\/wp-json\/wp\/v2\/product_brand?post=20027"},{"taxonomy":"product_cat","embeddable":true,"href":"https:\/\/boreait.com\/it\/wp-json\/wp\/v2\/product_cat?post=20027"},{"taxonomy":"product_tag","embeddable":true,"href":"https:\/\/boreait.com\/it\/wp-json\/wp\/v2\/product_tag?post=20027"}],"curies":[{"name":"wp","href":"https:\/\/api.w.org\/{rel}","templated":true}]}}