{"id":19986,"date":"2025-07-25T13:28:39","date_gmt":"2025-07-25T13:28:39","guid":{"rendered":"https:\/\/boreait.com\/it\/?post_type=product&#038;p=19986"},"modified":"2025-08-09T09:49:29","modified_gmt":"2025-08-09T09:49:29","slug":"schermo-lcd-nt133whm-n35-n45-n47-wxga-opaco-da-133-edp-a-30-pin-non-touch-nuovo","status":"publish","type":"product","link":"https:\/\/boreait.com\/it\/product\/schermo-lcd-nt133whm-n35-n45-n47-wxga-opaco-da-133-edp-a-30-pin-non-touch-nuovo\/","title":{"rendered":"Schermo LCD NT133WHM-N35\/N45\/N47 WXGA opaco da 13,3&#8243; eDP a 30 pin non touch, nuovo"},"content":{"rendered":"<p><strong>Modello schermo LCD attuale: NT133WHM-N46 \u2013 COMPLETAMENTE COMPATIBILE CON LO SCHERMO DEL LAPTOP NT133WHM-N35 NT133WHM-N45 NT133WHM-N47<\/strong><\/p>\n<p>Aggiorna il tuo dispositivo con questo schermo LCD da 13,3\u2033 di alta qualit\u00e0, progettato per offrire immagini nitide e chiare. Questo schermo non touch, modello NT133WHM-N35\/NT133WHM-N45\/NT133WHM-N47, offre una risoluzione WXGA di 1366\u00d7768 per una qualit\u00e0 dell\u2019immagine nitida ed \u00e8 perfetto per gli utenti che cercano un display opaco per ridurre i riflessi. Grazie alla connessione eDP a 30 pin, garantisce la compatibilit\u00e0 con una variet\u00e0 di laptop e offre prestazioni affidabili. Lo schermo \u00e8 dotato di staffe superiori e inferiori per una facile installazione, garantendo una sostituzione senza intoppi. Che tu stia riparando uno schermo danneggiato o aggiornando quello esistente, questo nuovissimo Il display LED \u00e8 costruito per durare, offrendo immagini vivide senza i limiti di un pannello IPS.<\/p>\n","protected":false},"excerpt":{"rendered":"<p>Questo schermo LCD da 13,3&#8243; (modello NT133WHM-N35\/NT133WHM-N45\/NT133WHM-N47) \u00e8 perfetto per riparazioni e aggiornamenti di laptop. Offre un display opaco WXGA con risoluzione 1366&#215;768, connessione eDP a 30 pin e include staffe di montaggio superiore e inferiore. Nuovo di zecca e non IPS, offre immagini nitide grazie alla retroilluminazione a LED.<\/p>\n","protected":false},"featured_media":20005,"template":"","meta":[],"product_brand":[],"product_cat":[76,60],"product_tag":[],"class_list":{"0":"post-19986","1":"product","2":"type-product","3":"status-publish","4":"has-post-thumbnail","6":"product_cat-13-3-new-laptop-screens-lcd-panels","7":"product_cat-new-laptop-screens-lcd-panels","9":"first","10":"instock","11":"taxable","12":"shipping-taxable","13":"purchasable","14":"product-type-simple"},"_links":{"self":[{"href":"https:\/\/boreait.com\/it\/wp-json\/wp\/v2\/product\/19986","targetHints":{"allow":["GET"]}}],"collection":[{"href":"https:\/\/boreait.com\/it\/wp-json\/wp\/v2\/product"}],"about":[{"href":"https:\/\/boreait.com\/it\/wp-json\/wp\/v2\/types\/product"}],"wp:featuredmedia":[{"embeddable":true,"href":"https:\/\/boreait.com\/it\/wp-json\/wp\/v2\/media\/20005"}],"wp:attachment":[{"href":"https:\/\/boreait.com\/it\/wp-json\/wp\/v2\/media?parent=19986"}],"wp:term":[{"taxonomy":"product_brand","embeddable":true,"href":"https:\/\/boreait.com\/it\/wp-json\/wp\/v2\/product_brand?post=19986"},{"taxonomy":"product_cat","embeddable":true,"href":"https:\/\/boreait.com\/it\/wp-json\/wp\/v2\/product_cat?post=19986"},{"taxonomy":"product_tag","embeddable":true,"href":"https:\/\/boreait.com\/it\/wp-json\/wp\/v2\/product_tag?post=19986"}],"curies":[{"name":"wp","href":"https:\/\/api.w.org\/{rel}","templated":true}]}}