{"id":19985,"date":"2025-07-25T13:28:39","date_gmt":"2025-07-25T13:28:39","guid":{"rendered":"https:\/\/boreait.com\/it\/?post_type=product&#038;p=19985"},"modified":"2025-08-09T09:49:29","modified_gmt":"2025-08-09T09:49:29","slug":"schermo-lcd-acer-aspire-es1-133-non-touch-1366x768-wxga-led-30-pin-nuovo","status":"publish","type":"product","link":"https:\/\/boreait.com\/it\/product\/schermo-lcd-acer-aspire-es1-133-non-touch-1366x768-wxga-led-30-pin-nuovo\/","title":{"rendered":"Schermo LCD Acer Aspire ES1 13,3&#8243; non touch 1366&#215;768 WXGA LED 30 pin &#8211; Nuovo"},"content":{"rendered":"<p><strong>Modello schermo LCD attuale: NT133WHM-N46 \u2013 COMPLETAMENTE COMPATIBILE CON LO SCHERMO PER LAPTOP Acer Aspire ES1-311-C8PG C4QS C5ZW C4QS \u2013 non touch<\/strong><\/p>\n<p>Questo schermo LCD sostitutivo di alta qualit\u00e0 \u00e8 compatibile con vari modelli della serie Acer Aspire ES1, inclusi ES1-311-C8PG, C4QS e C5ZW. Progettato per i modelli non touch, questo schermo da 13,3\u2033 presenta un connettore a 30 pin, una finitura opaca e una risoluzione WXGA di 1366\u00d7768 per una qualit\u00e0 di visualizzazione chiara e nitida. Lo schermo \u00e8 dotato di retroilluminazione a LED e utilizza un\u2019interfaccia eDP per prestazioni migliorate. Questo LCD \u00e8 dotato di staffe superiori e inferiori, che ne facilitano l\u2019installazione e garantiscono una tenuta sicura per il tuo laptop. Perfetto per sostituire uno schermo danneggiato o difettoso, \u00e8 un componente nuovo di zecca che garantisce un funzionamento affidabile per il tuo dispositivo Acer Aspire.<\/p>\n","protected":false},"excerpt":{"rendered":"<p>Nuovo di zecca, schermo LCD da 13,3&#8243; per la serie Acer Aspire ES1. Opaco, 1366&#215;768 WXGA, 30 pin, LED, non-touch con staffe superiori e inferiori.<\/p>\n","protected":false},"featured_media":20005,"template":"","meta":[],"product_brand":[],"product_cat":[76,60],"product_tag":[],"class_list":{"0":"post-19985","1":"product","2":"type-product","3":"status-publish","4":"has-post-thumbnail","6":"product_cat-13-3-new-laptop-screens-lcd-panels","7":"product_cat-new-laptop-screens-lcd-panels","9":"first","10":"instock","11":"taxable","12":"shipping-taxable","13":"purchasable","14":"product-type-simple"},"_links":{"self":[{"href":"https:\/\/boreait.com\/it\/wp-json\/wp\/v2\/product\/19985","targetHints":{"allow":["GET"]}}],"collection":[{"href":"https:\/\/boreait.com\/it\/wp-json\/wp\/v2\/product"}],"about":[{"href":"https:\/\/boreait.com\/it\/wp-json\/wp\/v2\/types\/product"}],"wp:featuredmedia":[{"embeddable":true,"href":"https:\/\/boreait.com\/it\/wp-json\/wp\/v2\/media\/20005"}],"wp:attachment":[{"href":"https:\/\/boreait.com\/it\/wp-json\/wp\/v2\/media?parent=19985"}],"wp:term":[{"taxonomy":"product_brand","embeddable":true,"href":"https:\/\/boreait.com\/it\/wp-json\/wp\/v2\/product_brand?post=19985"},{"taxonomy":"product_cat","embeddable":true,"href":"https:\/\/boreait.com\/it\/wp-json\/wp\/v2\/product_cat?post=19985"},{"taxonomy":"product_tag","embeddable":true,"href":"https:\/\/boreait.com\/it\/wp-json\/wp\/v2\/product_tag?post=19985"}],"curies":[{"name":"wp","href":"https:\/\/api.w.org\/{rel}","templated":true}]}}