{"id":19980,"date":"2025-07-25T13:28:38","date_gmt":"2025-07-25T13:28:38","guid":{"rendered":"https:\/\/boreait.com\/it\/?post_type=product&#038;p=19980"},"modified":"2025-07-25T13:28:44","modified_gmt":"2025-07-25T13:28:44","slug":"schermo-lcd-hp-elitebook-820-g1-g2-125-wxga-30-pin-display-opaco-nuovo","status":"publish","type":"product","link":"https:\/\/boreait.com\/it\/product\/schermo-lcd-hp-elitebook-820-g1-g2-125-wxga-30-pin-display-opaco-nuovo\/","title":{"rendered":"Schermo LCD HP EliteBook 820 G1 G2 12,5&#8243; WXGA 30 pin display opaco &#8211; Nuovo"},"content":{"rendered":"<p><strong>Modello schermo LCD effettivo: B125XTN01.0 \u2013 COMPLETAMENTE COMPATIBILE CON LO SCHERMO DEL LAPTOP HP EliteBook 820 G1 G2<\/strong><\/p>\n<p>Questo schermo LCD da 12,5\u2033 di alta qualit\u00e0 \u00e8 progettato per i modelli HP EliteBook 820 G1 e G2, offrendo una sostituzione affidabile per display danneggiati o obsoleti. Con una risoluzione WXGA di 1366\u00d7768 e una finitura opaca, garantisce immagini nitide e riduce i riflessi, rendendolo adatto a diverse condizioni di illuminazione. Lo schermo \u00e8 retroilluminato a LED, utilizzando la tecnologia S-RGB per colori vividi e uno spettro cromatico bilanciato.<\/p>\n<p>Progettato per una facile installazione, questo display \u00e8 dotato di staffe laterali, che si adattano perfettamente al tuo laptop. Il display non IPS e non touch offre prestazioni fluide a basso consumo energetico e il connettore eDP a 30 pin garantisce la compatibilit\u00e0 con il tuo dispositivo. Nuovo di zecca, questo schermo \u00e8 pronto a ripristinare la qualit\u00e0 di visualizzazione del tuo laptop, rendendolo un\u2019ottima scelta per entrambi. uso personale e professionale.<\/p>\n","protected":false},"excerpt":{"rendered":"<p>Aggiorna il tuo HP EliteBook 820 G1 o G2 con questo schermo LCD da 12,5&#8243; con risoluzione WXGA di 1366&#215;768. Dotato di un display opaco non touch, connettore eDP a 30 pin e staffe laterali per una facile installazione, questo schermo LED offre immagini nitide e riduce al minimo i riflessi. Nuovo di zecca e in perfette condizioni, \u00e8 il sostituto ideale per il display del tuo laptop.<\/p>\n<p>&nbsp;<\/p>\n","protected":false},"featured_media":20004,"template":"","meta":[],"product_brand":[],"product_cat":[75,60],"product_tag":[],"class_list":{"0":"post-19980","1":"product","2":"type-product","3":"status-publish","4":"has-post-thumbnail","6":"product_cat-12-5-new-laptop-screens-lcd-panels","7":"product_cat-new-laptop-screens-lcd-panels","9":"first","10":"instock","11":"taxable","12":"shipping-taxable","13":"purchasable","14":"product-type-simple"},"_links":{"self":[{"href":"https:\/\/boreait.com\/it\/wp-json\/wp\/v2\/product\/19980","targetHints":{"allow":["GET"]}}],"collection":[{"href":"https:\/\/boreait.com\/it\/wp-json\/wp\/v2\/product"}],"about":[{"href":"https:\/\/boreait.com\/it\/wp-json\/wp\/v2\/types\/product"}],"wp:featuredmedia":[{"embeddable":true,"href":"https:\/\/boreait.com\/it\/wp-json\/wp\/v2\/media\/20004"}],"wp:attachment":[{"href":"https:\/\/boreait.com\/it\/wp-json\/wp\/v2\/media?parent=19980"}],"wp:term":[{"taxonomy":"product_brand","embeddable":true,"href":"https:\/\/boreait.com\/it\/wp-json\/wp\/v2\/product_brand?post=19980"},{"taxonomy":"product_cat","embeddable":true,"href":"https:\/\/boreait.com\/it\/wp-json\/wp\/v2\/product_cat?post=19980"},{"taxonomy":"product_tag","embeddable":true,"href":"https:\/\/boreait.com\/it\/wp-json\/wp\/v2\/product_tag?post=19980"}],"curies":[{"name":"wp","href":"https:\/\/api.w.org\/{rel}","templated":true}]}}