{"id":19977,"date":"2025-07-25T13:28:38","date_gmt":"2025-07-25T13:28:38","guid":{"rendered":"https:\/\/boreait.com\/it\/?post_type=product&#038;p=19977"},"modified":"2025-07-25T13:28:43","modified_gmt":"2025-07-25T13:28:43","slug":"schermo-lcd-per-dell-latitude-e7250-da-125-a-30-pin-wxga-opaco-non-touch-con-staffe","status":"publish","type":"product","link":"https:\/\/boreait.com\/it\/product\/schermo-lcd-per-dell-latitude-e7250-da-125-a-30-pin-wxga-opaco-non-touch-con-staffe\/","title":{"rendered":"Schermo LCD per Dell Latitude E7250 da 12,5&#8243; a 30 pin WXGA opaco non touch con staffe"},"content":{"rendered":"<p><strong>Modello schermo LCD attuale: B125XTN01.0 \u2013 COMPLETAMENTE COMPATIBILE CON LO SCHERMO PER LAPTOP Dell Latitude E7250 \u2013 non touch<\/strong><\/p>\n<p>Questo nuovissimo schermo LCD per Dell Latitude E7250 \u00e8 la sostituzione perfetta per un display usurato o danneggiato, progettato per ripristinare l\u2019esperienza visiva del tuo laptop con immagini nitide e vivide. Progettato appositamente per il Latitude E7250, questo schermo offre un display da 12,5 pollici con una risoluzione WXGA di 1366\u00d7768, presentando immagini in un formato widescreen dettagliato ed efficiente dal punto di vista energetico. <\/p>\n<p>Le caratteristiche principali includono:<\/p>\n<ul>\n<li><strong>Finitura opaca<\/strong>: riduce i riflessi, garantendo una visione nitida anche in condizioni di luce intensa.<\/li>\n<li><strong>Profilo colore S-RGB<\/strong>: offre colori bilanciati e precisi, ideali per le attivit\u00e0 quotidiane.<\/li>\n<li><strong>Connettore eDP a 30 pin<\/strong>: garantisce la compatibilit\u00e0 con il modello Dell Latitude E7250.<\/li>\n<li><strong>Retroilluminazione a LED<\/strong>: a basso consumo energetico, offre una luminosit\u00e0 affidabile senza un consumo eccessivo di energia.<\/li>\n<li><strong>Staffe laterali incluse<\/strong>: per un\u2019installazione semplice.<\/li>\n<\/ul>\n<p>Si prega di notare che questo schermo non \u00e8 touch e non \u00e8 IPS, il che contribuisce a contenere i costi e rappresenta un\u2019eccellente opzione di sostituzione. Se stai cercando uno schermo che unisca qualit\u00e0 e valore per il tuo Latitude E7250, questo schermo LCD da 12,5\u2033 con risoluzione WXGA \u00e8 la scelta ideale.<\/p>\n","protected":false},"excerpt":{"rendered":"<p>Aggiorna il tuo Dell Latitude E7250 con un nuovo schermo LCD non touch da 12,5 pollici, progettato per prestazioni ottimali e nitidezza visiva. Questo schermo presenta una risoluzione WXGA di 1366&#215;768, finitura opaca e profilo colore S-RGB, offrendo colori vividi e riflessi ridotti. Include staffe laterali per una facile installazione, \u00e8 retroilluminato a LED per un&#8217;elevata efficienza energetica e dispone di un connettore eDP a 30 pin. Con un aspect ratio widescreen e un pannello non IPS, questo schermo \u00e8 un sostituto di alta qualit\u00e0, perfetto per gli utenti che cercano una soluzione di visualizzazione conveniente senza rinunciare alla qualit\u00e0.<\/p>\n","protected":false},"featured_media":20004,"template":"","meta":[],"product_brand":[],"product_cat":[75,60],"product_tag":[],"class_list":{"0":"post-19977","1":"product","2":"type-product","3":"status-publish","4":"has-post-thumbnail","6":"product_cat-12-5-new-laptop-screens-lcd-panels","7":"product_cat-new-laptop-screens-lcd-panels","9":"first","10":"instock","11":"taxable","12":"shipping-taxable","13":"purchasable","14":"product-type-simple"},"_links":{"self":[{"href":"https:\/\/boreait.com\/it\/wp-json\/wp\/v2\/product\/19977","targetHints":{"allow":["GET"]}}],"collection":[{"href":"https:\/\/boreait.com\/it\/wp-json\/wp\/v2\/product"}],"about":[{"href":"https:\/\/boreait.com\/it\/wp-json\/wp\/v2\/types\/product"}],"wp:featuredmedia":[{"embeddable":true,"href":"https:\/\/boreait.com\/it\/wp-json\/wp\/v2\/media\/20004"}],"wp:attachment":[{"href":"https:\/\/boreait.com\/it\/wp-json\/wp\/v2\/media?parent=19977"}],"wp:term":[{"taxonomy":"product_brand","embeddable":true,"href":"https:\/\/boreait.com\/it\/wp-json\/wp\/v2\/product_brand?post=19977"},{"taxonomy":"product_cat","embeddable":true,"href":"https:\/\/boreait.com\/it\/wp-json\/wp\/v2\/product_cat?post=19977"},{"taxonomy":"product_tag","embeddable":true,"href":"https:\/\/boreait.com\/it\/wp-json\/wp\/v2\/product_tag?post=19977"}],"curies":[{"name":"wp","href":"https:\/\/api.w.org\/{rel}","templated":true}]}}