{"id":19965,"date":"2025-07-25T13:28:23","date_gmt":"2025-07-25T13:28:23","guid":{"rendered":"https:\/\/boreait.com\/it\/?post_type=product&#038;p=19965"},"modified":"2025-07-25T13:28:33","modified_gmt":"2025-07-25T13:28:33","slug":"schermo-lcd-nv116whm-n45-n41-da-116-hd-opaco-a-30-pin-con-staffe-non-touch-nuovo","status":"publish","type":"product","link":"https:\/\/boreait.com\/it\/product\/schermo-lcd-nv116whm-n45-n41-da-116-hd-opaco-a-30-pin-con-staffe-non-touch-nuovo\/","title":{"rendered":"Schermo LCD NV116WHM-N45\/N41 da 11,6&#8243; HD opaco a 30 pin con staffe, non touch, nuovo"},"content":{"rendered":"<p><strong>Modello attuale dello schermo LCD: MB116AN01-3 ver 1.1 \u2013 COMPLETAMENTE COMPATIBILE CON LO SCHERMO DEL LAPTOP NV116WHM-N45 NV116WHM-N41<\/strong><\/p>\n<p>Lo schermo LCD NV116WHM-N45\/N41 da 11,6\u2033 \u00e8 il sostituto ideale per il tuo laptop, offrendo immagini di qualit\u00e0 con una risoluzione HD 1366\u00d7768. Questo display non touch offre un\u2019immagine chiara e nitida, perfetta per le attivit\u00e0 quotidiane, la navigazione e la visualizzazione di contenuti multimediali. La finitura opaca riduce riflessi e bagliori, rendendolo comodo da usare in diverse condizioni di illuminazione.<\/p>\n<p>Dotato di un connettore eDP a 30 pin, questo schermo LED \u00e8 facile da installare e le staffe sinistra e destra incluse garantiscono un montaggio sicuro. Lo schermo non \u00e8 IPS, offrendo immagini affidabili con tempi di risposta rapidi e prestazioni efficienti.<\/p>\n<p>Che tu stia sostituendo uno schermo danneggiato o aggiornamento, questo modello NV116WHM \u00e8 nuovo di zecca e pronto a migliorare la qualit\u00e0 di visualizzazione del tuo laptop.<\/p>\n","protected":false},"excerpt":{"rendered":"<p>Sostituisci lo schermo del tuo laptop con il LCD opaco HD NV116WHM-N45\/N41 da 11,6&#8243;. Questo schermo non touch \u00e8 dotato di una risoluzione di 1366&#215;768, connettore eDP a 30 pin e staffe sinistra\/destra per un facile montaggio. Condizione: Nuovo.<\/p>\n","protected":false},"featured_media":19942,"template":"","meta":[],"product_brand":[],"product_cat":[73,60],"product_tag":[],"class_list":{"0":"post-19965","1":"product","2":"type-product","3":"status-publish","4":"has-post-thumbnail","6":"product_cat-11-6-new-laptop-screens-lcd-panels","7":"product_cat-new-laptop-screens-lcd-panels","9":"first","10":"instock","11":"taxable","12":"shipping-taxable","13":"purchasable","14":"product-type-simple"},"_links":{"self":[{"href":"https:\/\/boreait.com\/it\/wp-json\/wp\/v2\/product\/19965","targetHints":{"allow":["GET"]}}],"collection":[{"href":"https:\/\/boreait.com\/it\/wp-json\/wp\/v2\/product"}],"about":[{"href":"https:\/\/boreait.com\/it\/wp-json\/wp\/v2\/types\/product"}],"wp:featuredmedia":[{"embeddable":true,"href":"https:\/\/boreait.com\/it\/wp-json\/wp\/v2\/media\/19942"}],"wp:attachment":[{"href":"https:\/\/boreait.com\/it\/wp-json\/wp\/v2\/media?parent=19965"}],"wp:term":[{"taxonomy":"product_brand","embeddable":true,"href":"https:\/\/boreait.com\/it\/wp-json\/wp\/v2\/product_brand?post=19965"},{"taxonomy":"product_cat","embeddable":true,"href":"https:\/\/boreait.com\/it\/wp-json\/wp\/v2\/product_cat?post=19965"},{"taxonomy":"product_tag","embeddable":true,"href":"https:\/\/boreait.com\/it\/wp-json\/wp\/v2\/product_tag?post=19965"}],"curies":[{"name":"wp","href":"https:\/\/api.w.org\/{rel}","templated":true}]}}