{"id":19953,"date":"2025-07-25T13:28:22","date_gmt":"2025-07-25T13:28:22","guid":{"rendered":"https:\/\/boreait.com\/it\/?post_type=product&#038;p=19953"},"modified":"2025-07-25T13:28:30","modified_gmt":"2025-07-25T13:28:30","slug":"schermo-lcd-per-lenovo-flex-3-11-116-hd-opaco-30-pin-edp-non-touch-nuovo","status":"publish","type":"product","link":"https:\/\/boreait.com\/it\/product\/schermo-lcd-per-lenovo-flex-3-11-116-hd-opaco-30-pin-edp-non-touch-nuovo\/","title":{"rendered":"Schermo LCD per Lenovo Flex 3 11 11,6&#8243; HD opaco 30 pin eDP non touch nuovo"},"content":{"rendered":"<p><strong>Modello attuale dello schermo LCD: MB116AN01-3 ver 1.1 \u2013 COMPLETAMENTE COMPATIBILE CON LO SCHERMO PER LAPTOP LENOVO FLEX 3 SERIE 11 \u2013 non-touch<\/strong><\/p>\n<p>Ripristina o migliora il display del tuo laptop Lenovo Flex 3 serie 11 con questo schermo LCD da 11,6\u2033. Con una risoluzione HD di 1366\u00d7768, questo schermo offre immagini chiare e nitide per le attivit\u00e0 quotidiane. La finitura opaca riduce al minimo i riflessi, facilitando il lavoro in ambienti luminosi. Grazie al connettore eDP a 30 pin, questo schermo \u00e8 facile da installare e sostituire. \u00c8 un display non-touch, perfetto per chi non necessita della funzionalit\u00e0 touchscreen.<\/p>\n<p>Questo display non \u00e8 uno schermo IPS, ma offre comunque un ottimo rapporto qualit\u00e0-prezzo e prestazioni. Include anche staffe sinistra e destra per un facile montaggio ed \u00e8 progettato per essere compatibile con vari modelli della serie Lenovo Flex 3 11. Che tu abbia bisogno di un ricambio Per uno schermo rotto o per sostituire il display, questo schermo LCD \u00e8 un\u2019opzione affidabile e conveniente. Condizioni: Nuovo.<\/p>\n","protected":false},"excerpt":{"rendered":"<p>Sostituisci o aggiorna lo schermo del tuo laptop Lenovo Flex 3 serie 11 con questo display LCD non touch da 11,6&#8243;. Dotato di risoluzione HD 1366&#215;768, finitura opaca e connettore eDP a 30 pin, \u00e8 perfetto per ripristinare il display del tuo laptop. Condizione: Nuovo.<\/p>\n","protected":false},"featured_media":19942,"template":"","meta":[],"product_brand":[],"product_cat":[73,60],"product_tag":[],"class_list":{"0":"post-19953","1":"product","2":"type-product","3":"status-publish","4":"has-post-thumbnail","6":"product_cat-11-6-new-laptop-screens-lcd-panels","7":"product_cat-new-laptop-screens-lcd-panels","9":"first","10":"instock","11":"taxable","12":"shipping-taxable","13":"purchasable","14":"product-type-simple"},"_links":{"self":[{"href":"https:\/\/boreait.com\/it\/wp-json\/wp\/v2\/product\/19953","targetHints":{"allow":["GET"]}}],"collection":[{"href":"https:\/\/boreait.com\/it\/wp-json\/wp\/v2\/product"}],"about":[{"href":"https:\/\/boreait.com\/it\/wp-json\/wp\/v2\/types\/product"}],"wp:featuredmedia":[{"embeddable":true,"href":"https:\/\/boreait.com\/it\/wp-json\/wp\/v2\/media\/19942"}],"wp:attachment":[{"href":"https:\/\/boreait.com\/it\/wp-json\/wp\/v2\/media?parent=19953"}],"wp:term":[{"taxonomy":"product_brand","embeddable":true,"href":"https:\/\/boreait.com\/it\/wp-json\/wp\/v2\/product_brand?post=19953"},{"taxonomy":"product_cat","embeddable":true,"href":"https:\/\/boreait.com\/it\/wp-json\/wp\/v2\/product_cat?post=19953"},{"taxonomy":"product_tag","embeddable":true,"href":"https:\/\/boreait.com\/it\/wp-json\/wp\/v2\/product_tag?post=19953"}],"curies":[{"name":"wp","href":"https:\/\/api.w.org\/{rel}","templated":true}]}}