{"id":19945,"date":"2025-07-25T13:28:21","date_gmt":"2025-07-25T13:28:21","guid":{"rendered":"https:\/\/boreait.com\/it\/?post_type=product&#038;p=19945"},"modified":"2025-07-25T13:28:27","modified_gmt":"2025-07-25T13:28:27","slug":"schermo-lcd-per-asus-chromebook-c201p-116-hd-opaco-30-pin-non-touch-nuovo","status":"publish","type":"product","link":"https:\/\/boreait.com\/it\/product\/schermo-lcd-per-asus-chromebook-c201p-116-hd-opaco-30-pin-non-touch-nuovo\/","title":{"rendered":"Schermo LCD per ASUS Chromebook C201P 11,6&#8243; HD opaco 30 pin non touch nuovo"},"content":{"rendered":"<p><strong>Modello attuale dello schermo LCD: MB116AN01-3 ver 1.1 \u2013 COMPLETAMENTE COMPATIBILE CON LO SCHERMO PER LAPTOP ASUS CHROMEBOOK C201P, C201PA \u2013 non touch<\/strong><\/p>\n<p>Aggiorna il tuo ASUS Chromebook C201P o C201PA con questo schermo LCD premium da 11,6\u2033. Progettato per un\u2019eccellente nitidezza del display, questo schermo non touch ha una risoluzione HD 1366\u00d7768, offrendo immagini chiare e nitide per l\u2019uso quotidiano. La finitura opaca riduce i riflessi, garantendo una migliore visibilit\u00e0 in diverse condizioni di illuminazione.<\/p>\n<p>Grazie al connettore eDP a 30 pin, l\u2019installazione \u00e8 semplice e lo schermo include staffe sia a sinistra che a destra per un montaggio sicuro. Questo schermo \u00e8 ideale per sostituire un display danneggiato o malfunzionante. Si prega di notare che non \u00e8 IPS, il che significa che potrebbe non offrire gli ampi angoli di visione degli schermi IPS, ma offre comunque una buona qualit\u00e0 per un uso regolare.<\/p>\n<p>Che si tratti di Se stai riparando o aggiornando il tuo Chromebook, questo nuovo schermo LCD \u00e8 una soluzione affidabile e conveniente.<\/p>\n","protected":false},"excerpt":{"rendered":"<p>Sostituisci lo schermo del tuo ASUS Chromebook C201P\/C201PA con questo display LCD da 11,6&#8243; di alta qualit\u00e0. Dotato di risoluzione HD 1366&#215;768, finitura opaca e connettore eDP a 30 pin, offre prestazioni affidabili. Condizione: Nuovo.<\/p>\n","protected":false},"featured_media":19942,"template":"","meta":[],"product_brand":[],"product_cat":[73,60],"product_tag":[],"class_list":{"0":"post-19945","1":"product","2":"type-product","3":"status-publish","4":"has-post-thumbnail","6":"product_cat-11-6-new-laptop-screens-lcd-panels","7":"product_cat-new-laptop-screens-lcd-panels","9":"first","10":"instock","11":"taxable","12":"shipping-taxable","13":"purchasable","14":"product-type-simple"},"_links":{"self":[{"href":"https:\/\/boreait.com\/it\/wp-json\/wp\/v2\/product\/19945","targetHints":{"allow":["GET"]}}],"collection":[{"href":"https:\/\/boreait.com\/it\/wp-json\/wp\/v2\/product"}],"about":[{"href":"https:\/\/boreait.com\/it\/wp-json\/wp\/v2\/types\/product"}],"wp:featuredmedia":[{"embeddable":true,"href":"https:\/\/boreait.com\/it\/wp-json\/wp\/v2\/media\/19942"}],"wp:attachment":[{"href":"https:\/\/boreait.com\/it\/wp-json\/wp\/v2\/media?parent=19945"}],"wp:term":[{"taxonomy":"product_brand","embeddable":true,"href":"https:\/\/boreait.com\/it\/wp-json\/wp\/v2\/product_brand?post=19945"},{"taxonomy":"product_cat","embeddable":true,"href":"https:\/\/boreait.com\/it\/wp-json\/wp\/v2\/product_cat?post=19945"},{"taxonomy":"product_tag","embeddable":true,"href":"https:\/\/boreait.com\/it\/wp-json\/wp\/v2\/product_tag?post=19945"}],"curies":[{"name":"wp","href":"https:\/\/api.w.org\/{rel}","templated":true}]}}