{"id":19923,"date":"2025-07-25T13:27:44","date_gmt":"2025-07-25T13:27:44","guid":{"rendered":"https:\/\/boreait.com\/it\/?post_type=product&#038;p=19923"},"modified":"2025-07-25T13:28:15","modified_gmt":"2025-07-25T13:28:15","slug":"l22563-001-l22733-001-schermo-lcd-da-173-hd-opaco-30-pin-edp-con-staffe-nuovo","status":"publish","type":"product","link":"https:\/\/boreait.com\/it\/product\/l22563-001-l22733-001-schermo-lcd-da-173-hd-opaco-30-pin-edp-con-staffe-nuovo\/","title":{"rendered":"L22563-001\/L22733-001 Schermo LCD da 17,3&#8243; HD+ opaco 30 pin eDP con staffe Nuovo"},"content":{"rendered":"<p><strong>Modello schermo LCD effettivo: NT173WDM-N27 \u2013 COMPLETAMENTE COMPATIBILE CON LO SCHERMO PER LAPTOP L22563-001 L22733-001<\/strong><\/p>\n<p>Migliora il display del tuo laptop con lo schermo LCD non touch da 17,3\u2033 L22563-001 \/ L22733-001, che offre una nitida risoluzione HD+ di 1600\u00d7900. Grazie alla retroilluminazione a LED, questo schermo offre luminosit\u00e0 e nitidezza a basso consumo energetico, ideali per le attivit\u00e0 quotidiane. La finitura opaca aiuta a ridurre i riflessi, offrendo un\u2019esperienza visiva confortevole in diverse condizioni di illuminazione.<\/p>\n<p>Dotato di un connettore eDP a 30 pin, questo schermo LCD garantisce una connessione solida e affidabile. Include staffe superiori e inferiori, che ne semplificano l\u2019installazione o la sostituzione nei modelli di laptop compatibili. Questo schermo non \u00e8 IPS, offrendo una qualit\u00e0 affidabile per le esigenze di base, pur mantenendo un\u2019eccellente risoluzione e immagini nitide. Immagini.<\/p>\n<p>Come nuovo, questo schermo sostitutivo garantisce prestazioni elevate fin da subito, perfetto per riparare o aggiornare il display del tuo laptop.<\/p>\n","protected":false},"excerpt":{"rendered":"<p>Aggiorna il tuo laptop con lo schermo LCD non touch da 17,3&#8243; L22563-001 \/ L22733-001. Con una risoluzione HD+ 1600&#215;900, finitura opaca e connessione eDP a 30 pin, questo schermo \u00e8 progettato per immagini nitide e dettagliate. Sono inclusi staffe superiori e inferiori per una facile installazione. Condizione: Nuovo.<\/p>\n","protected":false},"featured_media":19941,"template":"","meta":[],"product_brand":[],"product_cat":[61,60],"product_tag":[],"class_list":{"0":"post-19923","1":"product","2":"type-product","3":"status-publish","4":"has-post-thumbnail","6":"product_cat-17-3","7":"product_cat-new-laptop-screens-lcd-panels","9":"first","10":"instock","11":"taxable","12":"shipping-taxable","13":"purchasable","14":"product-type-simple"},"_links":{"self":[{"href":"https:\/\/boreait.com\/it\/wp-json\/wp\/v2\/product\/19923","targetHints":{"allow":["GET"]}}],"collection":[{"href":"https:\/\/boreait.com\/it\/wp-json\/wp\/v2\/product"}],"about":[{"href":"https:\/\/boreait.com\/it\/wp-json\/wp\/v2\/types\/product"}],"wp:featuredmedia":[{"embeddable":true,"href":"https:\/\/boreait.com\/it\/wp-json\/wp\/v2\/media\/19941"}],"wp:attachment":[{"href":"https:\/\/boreait.com\/it\/wp-json\/wp\/v2\/media?parent=19923"}],"wp:term":[{"taxonomy":"product_brand","embeddable":true,"href":"https:\/\/boreait.com\/it\/wp-json\/wp\/v2\/product_brand?post=19923"},{"taxonomy":"product_cat","embeddable":true,"href":"https:\/\/boreait.com\/it\/wp-json\/wp\/v2\/product_cat?post=19923"},{"taxonomy":"product_tag","embeddable":true,"href":"https:\/\/boreait.com\/it\/wp-json\/wp\/v2\/product_tag?post=19923"}],"curies":[{"name":"wp","href":"https:\/\/api.w.org\/{rel}","templated":true}]}}