{"id":19909,"date":"2025-07-25T13:27:43","date_gmt":"2025-07-25T13:27:43","guid":{"rendered":"https:\/\/boreait.com\/it\/?post_type=product&#038;p=19909"},"modified":"2025-07-25T13:28:11","modified_gmt":"2025-07-25T13:28:11","slug":"schermo-lcd-per-hp-17-bs-series-173-hd-30-pin-opaco-non-touch-nuovo","status":"publish","type":"product","link":"https:\/\/boreait.com\/it\/product\/schermo-lcd-per-hp-17-bs-series-173-hd-30-pin-opaco-non-touch-nuovo\/","title":{"rendered":"Schermo LCD per HP 17-BS Series 17,3&#8243; HD+ 30 pin opaco non touch nuovo"},"content":{"rendered":"<p><strong>Modello schermo LCD attuale: NT173WDM-N27 \u2013 COMPLETAMENTE COMPATIBILE CON LO SCHERMO PER LAPTOP HP serie 17-BS da 17-BS000 a 17-BS099 \u2013 non touch<\/strong><\/p>\n<p>Migliora il tuo laptop HP serie 17-BS con il nostro schermo LCD da 17,3\u2033 di alta qualit\u00e0. Progettato specificamente per i modelli dal 17-BS000 al 17-BS099, questo schermo offre una risoluzione HD+ 1600\u00d7900 che offre immagini nitide e chiare per le tue attivit\u00e0 quotidiane. La finitura opaca aiuta a ridurre i riflessi, rendendolo ideale per diverse condizioni di illuminazione.<\/p>\n<p>Questo schermo LCD \u00e8 dotato di un connettore a 30 pin e include staffe superiori e inferiori, garantendo un montaggio sicuro e un\u2019installazione semplice. Si prega di notare che questo \u00e8 un display non touch e non IPS, il che lo rende una scelta affidabile per l\u2019uso generale.<\/p>\n<p>Con un nuovissimo condizioni, puoi stare certo che questo schermo sostitutivo funzioner\u00e0 al meglio, consentendoti di sfruttare al meglio il tuo laptop senza il fastidio di un display danneggiato.<\/p>\n","protected":false},"excerpt":{"rendered":"<p>Aggiorna il tuo laptop HP serie 17-BS con questo nuovo schermo LCD da 17,3&#8243;. Caratterizzato da una finitura opaca, risoluzione HD+ 1600&#215;900 e connettore a 30 pin, questo display non touch \u00e8 perfetto per sostituire schermi danneggiati. Staffe superiori e inferiori incluse per una facile installazione.<\/p>\n","protected":false},"featured_media":19941,"template":"","meta":[],"product_brand":[],"product_cat":[61,60],"product_tag":[],"class_list":{"0":"post-19909","1":"product","2":"type-product","3":"status-publish","4":"has-post-thumbnail","6":"product_cat-17-3","7":"product_cat-new-laptop-screens-lcd-panels","9":"first","10":"instock","11":"taxable","12":"shipping-taxable","13":"purchasable","14":"product-type-simple"},"_links":{"self":[{"href":"https:\/\/boreait.com\/it\/wp-json\/wp\/v2\/product\/19909","targetHints":{"allow":["GET"]}}],"collection":[{"href":"https:\/\/boreait.com\/it\/wp-json\/wp\/v2\/product"}],"about":[{"href":"https:\/\/boreait.com\/it\/wp-json\/wp\/v2\/types\/product"}],"wp:featuredmedia":[{"embeddable":true,"href":"https:\/\/boreait.com\/it\/wp-json\/wp\/v2\/media\/19941"}],"wp:attachment":[{"href":"https:\/\/boreait.com\/it\/wp-json\/wp\/v2\/media?parent=19909"}],"wp:term":[{"taxonomy":"product_brand","embeddable":true,"href":"https:\/\/boreait.com\/it\/wp-json\/wp\/v2\/product_brand?post=19909"},{"taxonomy":"product_cat","embeddable":true,"href":"https:\/\/boreait.com\/it\/wp-json\/wp\/v2\/product_cat?post=19909"},{"taxonomy":"product_tag","embeddable":true,"href":"https:\/\/boreait.com\/it\/wp-json\/wp\/v2\/product_tag?post=19909"}],"curies":[{"name":"wp","href":"https:\/\/api.w.org\/{rel}","templated":true}]}}