{"id":19883,"date":"2025-07-25T13:27:16","date_gmt":"2025-07-25T13:27:16","guid":{"rendered":"https:\/\/boreait.com\/it\/?post_type=product&#038;p=19883"},"modified":"2025-07-25T13:28:04","modified_gmt":"2025-07-25T13:28:04","slug":"nuovo-schermo-lcd-ips-full-hd-opaco-da-173-805696-002-con-staffe-edp-a-30-pin","status":"publish","type":"product","link":"https:\/\/boreait.com\/it\/product\/nuovo-schermo-lcd-ips-full-hd-opaco-da-173-805696-002-con-staffe-edp-a-30-pin\/","title":{"rendered":"Nuovo schermo LCD IPS Full HD opaco da 17,3&#8243; 805696-002 con staffe EDP a 30 pin"},"content":{"rendered":"<p><strong>Modello schermo effettivo: N173HCE-E31 Rev. C2 \/ NV173FHM-N41 v8.0 \u2013 Schermo per laptop IPS opaco FHD da 17,3\u2033 \u2013 Completamente compatibile con HP 805696-002<\/p>\n<p>Migliora la tua esperienza visiva con questo schermo LCD IPS opaco Full HD (1920\u00d71080) premium da 17,3 pollici. Progettato per garantire nitidezza e colori vivaci, la tecnologia IPS offre ampi angoli di visione e una qualit\u00e0 dell\u2019immagine costante. Questo schermo \u00e8 dotato di un connettore EDP a 30 pin, che garantisce la compatibilit\u00e0 con una variet\u00e0 di modelli di laptop. L\u2019inclusione di staffe superiori e inferiori semplifica l\u2019installazione, rendendolo un sostituto ideale o un aggiornamento per il tuo display attuale. Nuovo di zecca e in perfette condizioni, codice prodotto 805696-002, \u00e8 la soluzione perfetta per ripristinare le prestazioni del display del tuo laptop.<\/p>\n","protected":false},"excerpt":{"rendered":"<p>Aggiorna il tuo laptop con questo nuovissimo schermo LCD IPS Full HD opaco da 17,3 pollici (codice articolo 805696-002). Dotato di interfaccia EDP a 30 pin e staffe superiori e inferiori per una facile installazione.<\/p>\n","protected":false},"featured_media":18895,"template":"","meta":[],"product_brand":[],"product_cat":[61,60],"product_tag":[26],"class_list":{"0":"post-19883","1":"product","2":"type-product","3":"status-publish","4":"has-post-thumbnail","6":"product_cat-17-3","7":"product_cat-new-laptop-screens-lcd-panels","8":"product_tag-hp","10":"first","11":"instock","12":"taxable","13":"shipping-taxable","14":"purchasable","15":"product-type-simple"},"_links":{"self":[{"href":"https:\/\/boreait.com\/it\/wp-json\/wp\/v2\/product\/19883","targetHints":{"allow":["GET"]}}],"collection":[{"href":"https:\/\/boreait.com\/it\/wp-json\/wp\/v2\/product"}],"about":[{"href":"https:\/\/boreait.com\/it\/wp-json\/wp\/v2\/types\/product"}],"wp:featuredmedia":[{"embeddable":true,"href":"https:\/\/boreait.com\/it\/wp-json\/wp\/v2\/media\/18895"}],"wp:attachment":[{"href":"https:\/\/boreait.com\/it\/wp-json\/wp\/v2\/media?parent=19883"}],"wp:term":[{"taxonomy":"product_brand","embeddable":true,"href":"https:\/\/boreait.com\/it\/wp-json\/wp\/v2\/product_brand?post=19883"},{"taxonomy":"product_cat","embeddable":true,"href":"https:\/\/boreait.com\/it\/wp-json\/wp\/v2\/product_cat?post=19883"},{"taxonomy":"product_tag","embeddable":true,"href":"https:\/\/boreait.com\/it\/wp-json\/wp\/v2\/product_tag?post=19883"}],"curies":[{"name":"wp","href":"https:\/\/api.w.org\/{rel}","templated":true}]}}