{"id":19786,"date":"2025-07-25T13:26:29","date_gmt":"2025-07-25T13:26:29","guid":{"rendered":"https:\/\/boreait.com\/it\/?post_type=product&#038;p=19786"},"modified":"2025-07-25T13:26:56","modified_gmt":"2025-07-25T13:26:56","slug":"scheda-madre-intel-server-s1200bt-lga1155-atx-ipmi-2-0-chipset-c204-da0s09mb6c0-revc","status":"publish","type":"product","link":"https:\/\/boreait.com\/it\/product\/scheda-madre-intel-server-s1200bt-lga1155-atx-ipmi-2-0-chipset-c204-da0s09mb6c0-revc\/","title":{"rendered":"Scheda madre Intel Server S1200BT LGA1155, ATX, IPMI 2.0, chipset C204, DA0S09MB6C0 REV:C"},"content":{"rendered":"<p><strong>DA0S09MB6C0 REV:C\u00a0 \u2013 Schermo I\/O incluso!<\/strong><\/p>\n<p>La <strong>Intel\u00ae Server Board S1200BT<\/strong> \u00e8 una scheda madre affidabile e versatile progettata per piccole imprese e soluzioni server entry-level. Realizzata con socket <strong>LGA1155<\/strong>, supporta i processori <strong>Intel\u00ae <\/strong><strong>Xeon serie E3-1200<\/strong>, offrendo prestazioni elevate per le esigenze del tuo server. Che tu stia configurando un <strong>rack<\/strong> o un <strong>chassis a piedistallo<\/strong>, questa scheda offre flessibilit\u00e0 e scalabilit\u00e0 per le aziende in crescita.<\/p>\n<p>Questa scheda madre con fattore di forma <strong>ATX<\/strong> \u00e8 dotata del chipset <strong>Intel\u00ae C204<\/strong>, ottimizzato per i carichi di lavoro server, che offre un\u2019eccellente gestione dei dati e stabilit\u00e0 del sistema. \u00c8 la scelta perfetta per le aziende che desiderano installare un primo server o aggiornare la propria infrastruttura attuale. Grazie al <strong>Baseboard Management Controller (BMC)<\/strong> integrato che supporta <strong>IPMI 2.0<\/strong>, la S1200BT offre solide funzionalit\u00e0 di gestione remota, consentendo agli amministratori IT di monitorare e controllare il server da qualsiasi luogo, garantendo tempi di inattivit\u00e0 minimi.<\/p>\n<p>Progettata per prestazioni efficienti, questa scheda madre per server \u00e8 adatta all\u2019installazione in rack e supporta l\u2019integrazione con sistemi che richiedono funzionalit\u00e0 di rete e storage avanzate. Il chipset <strong>Intel\u00ae C204<\/strong> garantisce inoltre la compatibilit\u00e0 con funzionalit\u00e0 aziendali chiave come la gestione dello storage RAID, aggiungendo affidabilit\u00e0 e sicurezza alla configurazione del server.<\/p>\n<p>Ideale per le piccole imprese, la <strong>scheda madre Intel\u00ae per server S1200BT<\/strong> combina potenza, efficienza e gestibilit\u00e0, rendendola una soluzione conveniente per le aziende alla ricerca di un server entry-level robusto. <\/p>\n<p><strong>Specifiche principali:<\/strong><\/p>\n<ul>\n<li><strong>Socket LGA1155<\/strong>, che supporta processori Intel\u00ae Xeon serie E3-1200<\/strong><\/li>\n<li><strong>Fattore di forma ATX<\/strong>, adattabile a chassis rack o a piedistallo<\/strong><\/li>\n<li><strong>Chipset Intel\u00ae C204<\/strong> per prestazioni server ottimizzate<\/li>\n<li><strong>BMC integrato con IPMI 2.0<\/strong> per la gestione remota<\/li>\n<li>Ideale per piccole imprese e configurazioni di server per la prima volta<\/li>\n<li><strong>Scheda compatibile con rack<\/strong>, progettata per una facile integrazione<\/li>\n<li>Perfetto equilibrio tra prestazioni e scalabilit\u00e0 per le piccole imprese<\/li>\n<\/ul>\n","protected":false},"excerpt":{"rendered":"<p>La <strong>Intel\u00ae Server Board S1200BT<\/strong> \u00e8 una scheda madre per server versatile con socket <strong>LGA1155<\/strong> e chipset <strong>Intel\u00ae C204<\/strong>, ideale per soluzioni di piccole imprese. Supporta <strong>IPMI 2.0<\/strong> per la gestione remota ed \u00e8 compatibile con rack, il che la rende perfetta per un&#8217;implementazione efficiente dei server in configurazioni <strong>rack<\/strong> o <strong>chassis a piedistallo<\/strong>.<\/p>\n","protected":false},"featured_media":19842,"template":"","meta":[],"product_brand":[],"product_cat":[28],"product_tag":[],"class_list":{"0":"post-19786","1":"product","2":"type-product","3":"status-publish","4":"has-post-thumbnail","6":"product_cat-motherboards-board-parts","8":"first","9":"instock","10":"taxable","11":"shipping-taxable","12":"purchasable","13":"product-type-simple"},"_links":{"self":[{"href":"https:\/\/boreait.com\/it\/wp-json\/wp\/v2\/product\/19786","targetHints":{"allow":["GET"]}}],"collection":[{"href":"https:\/\/boreait.com\/it\/wp-json\/wp\/v2\/product"}],"about":[{"href":"https:\/\/boreait.com\/it\/wp-json\/wp\/v2\/types\/product"}],"wp:featuredmedia":[{"embeddable":true,"href":"https:\/\/boreait.com\/it\/wp-json\/wp\/v2\/media\/19842"}],"wp:attachment":[{"href":"https:\/\/boreait.com\/it\/wp-json\/wp\/v2\/media?parent=19786"}],"wp:term":[{"taxonomy":"product_brand","embeddable":true,"href":"https:\/\/boreait.com\/it\/wp-json\/wp\/v2\/product_brand?post=19786"},{"taxonomy":"product_cat","embeddable":true,"href":"https:\/\/boreait.com\/it\/wp-json\/wp\/v2\/product_cat?post=19786"},{"taxonomy":"product_tag","embeddable":true,"href":"https:\/\/boreait.com\/it\/wp-json\/wp\/v2\/product_tag?post=19786"}],"curies":[{"name":"wp","href":"https:\/\/api.w.org\/{rel}","templated":true}]}}