{"id":19689,"date":"2025-07-25T13:24:27","date_gmt":"2025-07-25T13:24:27","guid":{"rendered":"https:\/\/boreait.com\/it\/?post_type=product&#038;p=19689"},"modified":"2026-02-07T16:04:14","modified_gmt":"2026-02-07T16:04:14","slug":"cerniera-dello-schermo-fujitsu-lifebook-u745-lato-destro-0524-rx-ricambio-originale","status":"publish","type":"product","link":"https:\/\/boreait.com\/it\/product\/cerniera-dello-schermo-fujitsu-lifebook-u745-lato-destro-0524-rx-ricambio-originale\/","title":{"rendered":"Cerniera dello schermo Fujitsu Lifebook U745 lato destro 0524 Rx ricambio originale"},"content":{"rendered":"<p>Cerniera destra per display Fujitsu Lifebook U745 (0524 Rx)<\/p>\n<p>Questa cerniera destra originale \u00e8 un ricambio diretto per il Fujitsu Lifebook U745. Progettata per sostituire cerniere rotte, danneggiate o allentate, garantisce un movimento fluido e sicuro dello schermo, consentendo di utilizzare il laptop in tutta sicurezza.<\/p>\n<p>**Caratteristiche del prodotto:**<\/p>\n<p>\u2013 **Compatibilit\u00e0:** Progettata specificamente per il Fujitsu Lifebook U745.<\/p>\n<p>\u2013 **Codice articolo:** 0524 Rx.<\/p>\n<p>\u2013 **Funzionalit\u00e0:** Ripristina il movimento fluido dello schermo e un posizionamento sicuro sostituendo le cerniere usurate o danneggiate.<\/p>\n<p>\u2013 **Qualit\u00e0:** Foto reali del componente che riceverete, per garantire che riceviate esattamente ci\u00f2 che \u00e8 mostrato.<\/p>\n<p>**Perch\u00e9 scegliere questa cerniera?**<\/p>\n<p>\u2013 **Resistenza:** Questa cerniera \u00e8 progettata per un utilizzo a lungo termine, perfetta per laptop con cerniere danneggiate o allentate.<br \/>\n\u2013 **Sostituzione diretta:** Non sono necessarie modifiche aggiuntive per l\u2019installazione, solo una semplice sostituzione.<\/p>\n<p>\u2013 **Spedizione in tutto il mondo:** Offriamo spedizioni in tutto il mondo, con particolare attenzione all\u2019Europa.<\/p>\n<p>Le istruzioni di installazione non sono incluse, ma saremo lieti di fornire assistenza se necessario. Contattateci per assistenza.<\/p>\n<p>**Importante:** Le foto in questo annuncio mostrano esattamente il componente che riceverete. Tutti i componenti vengono attentamente ispezionati prima della spedizione per garantire che soddisfino le vostre esigenze.<\/p>\n","protected":false},"excerpt":{"rendered":"<p>Cerniera dello schermo destro per Fujitsu Lifebook U745 (0524 Rx). Un ricambio originale per cerniere danneggiate o allentate, che garantisce un movimento sicuro dello schermo.<\/p>\n","protected":false},"featured_media":19745,"template":"","meta":[],"product_brand":[],"product_cat":[20],"product_tag":[29],"class_list":{"0":"post-19689","1":"product","2":"type-product","3":"status-publish","4":"has-post-thumbnail","6":"product_cat-screen-hinge","7":"product_tag-fujitsu","9":"first","10":"instock","11":"taxable","12":"shipping-taxable","13":"purchasable","14":"product-type-simple"},"_links":{"self":[{"href":"https:\/\/boreait.com\/it\/wp-json\/wp\/v2\/product\/19689","targetHints":{"allow":["GET"]}}],"collection":[{"href":"https:\/\/boreait.com\/it\/wp-json\/wp\/v2\/product"}],"about":[{"href":"https:\/\/boreait.com\/it\/wp-json\/wp\/v2\/types\/product"}],"wp:featuredmedia":[{"embeddable":true,"href":"https:\/\/boreait.com\/it\/wp-json\/wp\/v2\/media\/19745"}],"wp:attachment":[{"href":"https:\/\/boreait.com\/it\/wp-json\/wp\/v2\/media?parent=19689"}],"wp:term":[{"taxonomy":"product_brand","embeddable":true,"href":"https:\/\/boreait.com\/it\/wp-json\/wp\/v2\/product_brand?post=19689"},{"taxonomy":"product_cat","embeddable":true,"href":"https:\/\/boreait.com\/it\/wp-json\/wp\/v2\/product_cat?post=19689"},{"taxonomy":"product_tag","embeddable":true,"href":"https:\/\/boreait.com\/it\/wp-json\/wp\/v2\/product_tag?post=19689"}],"curies":[{"name":"wp","href":"https:\/\/api.w.org\/{rel}","templated":true}]}}