{"id":19385,"date":"2025-07-25T13:16:50","date_gmt":"2025-07-25T13:16:50","guid":{"rendered":"https:\/\/boreait.com\/it\/?post_type=product&#038;p=19385"},"modified":"2025-07-25T13:18:22","modified_gmt":"2025-07-25T13:18:22","slug":"sostituzione-dei-tasti-della-tastiera-hp-compaq-405962-001-405963-001-395452-001-non-retroilluminata","status":"publish","type":"product","link":"https:\/\/boreait.com\/it\/product\/sostituzione-dei-tasti-della-tastiera-hp-compaq-405962-001-405963-001-395452-001-non-retroilluminata\/","title":{"rendered":"Sostituzione dei tasti della tastiera HP Compaq 405962-001 405963-001 395452-001 non retroilluminata"},"content":{"rendered":"<p><strong>Nota per l\u2019acquirente:<\/strong> Questo articolo si riferisce a un singolo tasto per tastiera non retroilluminato, compatibile con i modelli HP Compaq. La cerniera e la camma del tasto sono incluse. Tutti i tasti disponibili sono mostrati nell\u2019immagine fornita nell\u2019articolo. Dopo aver effettuato l\u2019ordine, inviateci un messaggio per specificare il\/i tasto\/i di cui avete bisogno. Il tasto verr\u00e0 inviato in una busta tramite posta ordinaria.<\/p>\n<p>Questo tasto sostitutivo \u00e8 compatibile con i codici 405962-001, 405963-001 e 395452-001, ed \u00e8 progettato per ripristinare la funzionalit\u00e0 e l\u2019aspetto della vostra tastiera HP Compaq.<\/p>\n","protected":false},"excerpt":{"rendered":"<p>Questo annuncio riguarda un singolo tasto non retroilluminato per tastiera HP Compaq. Compatibile con i codici 405962-001, 405963-001 e 395452-001. Inviateci un messaggio dopo l&#8217;acquisto per specificare il tasto desiderato. Include cerniera e camma. Spedizione tramite posta ordinaria.<\/p>\n","protected":false},"featured_media":19442,"template":"","meta":[],"product_brand":[],"product_cat":[25],"product_tag":[26],"class_list":{"0":"post-19385","1":"product","2":"type-product","3":"status-publish","4":"has-post-thumbnail","6":"product_cat-individual-keyboard-keys","7":"product_tag-hp","9":"first","10":"instock","11":"taxable","12":"shipping-taxable","13":"purchasable","14":"product-type-simple"},"_links":{"self":[{"href":"https:\/\/boreait.com\/it\/wp-json\/wp\/v2\/product\/19385","targetHints":{"allow":["GET"]}}],"collection":[{"href":"https:\/\/boreait.com\/it\/wp-json\/wp\/v2\/product"}],"about":[{"href":"https:\/\/boreait.com\/it\/wp-json\/wp\/v2\/types\/product"}],"wp:featuredmedia":[{"embeddable":true,"href":"https:\/\/boreait.com\/it\/wp-json\/wp\/v2\/media\/19442"}],"wp:attachment":[{"href":"https:\/\/boreait.com\/it\/wp-json\/wp\/v2\/media?parent=19385"}],"wp:term":[{"taxonomy":"product_brand","embeddable":true,"href":"https:\/\/boreait.com\/it\/wp-json\/wp\/v2\/product_brand?post=19385"},{"taxonomy":"product_cat","embeddable":true,"href":"https:\/\/boreait.com\/it\/wp-json\/wp\/v2\/product_cat?post=19385"},{"taxonomy":"product_tag","embeddable":true,"href":"https:\/\/boreait.com\/it\/wp-json\/wp\/v2\/product_tag?post=19385"}],"curies":[{"name":"wp","href":"https:\/\/api.w.org\/{rel}","templated":true}]}}