{"id":19383,"date":"2025-07-25T13:16:49","date_gmt":"2025-07-25T13:16:49","guid":{"rendered":"https:\/\/boreait.com\/it\/?post_type=product&#038;p=19383"},"modified":"2025-07-25T13:18:04","modified_gmt":"2025-07-25T13:18:04","slug":"sostituzione-dei-tasti-della-tastiera-qwerty-retroilluminata-dell-latitude-5414-03n36k","status":"publish","type":"product","link":"https:\/\/boreait.com\/it\/product\/sostituzione-dei-tasti-della-tastiera-qwerty-retroilluminata-dell-latitude-5414-03n36k\/","title":{"rendered":"Sostituzione dei tasti della tastiera QWERTY retroilluminata Dell Latitude 5414 03N36K"},"content":{"rendered":"<p><strong>Nota per l\u2019acquirente:<\/strong> Questo \u00e8 un annuncio per un singolo tasto di tastiera retroilluminata, compatibile con i modelli Dell Latitude 5414 con layout QWERTY. La cerniera e la camma del tasto sono incluse. Tutti i tasti disponibili sono mostrati nell\u2019immagine fornita nell\u2019annuncio. Dopo aver effettuato l\u2019ordine, inviaci un messaggio per specificare il\/i tasto\/i di cui hai bisogno. Il tasto verr\u00e0 inviato in una busta tramite posta ordinaria.<\/p>\n<p>Questo tasto sostitutivo \u00e8 compatibile con il codice prodotto 03N36K ed \u00e8 progettato per ripristinare la funzionalit\u00e0 e l\u2019aspetto della tastiera retroilluminata del tuo Dell Latitude 5414.<\/p>\n","protected":false},"excerpt":{"rendered":"<p>Questo annuncio riguarda un singolo tasto di tastiera retroilluminata per modelli Dell Latitude 5414, layout QWERTY. Compatibile con il codice prodotto 03N36K. Inviateci un messaggio dopo l&#8217;acquisto per specificare il tasto desiderato. Include cerniera e camma per i tasti. Spedizione tramite posta ordinaria.<\/p>\n","protected":false},"featured_media":19433,"template":"","meta":[],"product_brand":[],"product_cat":[25],"product_tag":[18],"class_list":{"0":"post-19383","1":"product","2":"type-product","3":"status-publish","4":"has-post-thumbnail","6":"product_cat-individual-keyboard-keys","7":"product_tag-dell","9":"first","10":"instock","11":"taxable","12":"shipping-taxable","13":"purchasable","14":"product-type-simple"},"_links":{"self":[{"href":"https:\/\/boreait.com\/it\/wp-json\/wp\/v2\/product\/19383","targetHints":{"allow":["GET"]}}],"collection":[{"href":"https:\/\/boreait.com\/it\/wp-json\/wp\/v2\/product"}],"about":[{"href":"https:\/\/boreait.com\/it\/wp-json\/wp\/v2\/types\/product"}],"wp:featuredmedia":[{"embeddable":true,"href":"https:\/\/boreait.com\/it\/wp-json\/wp\/v2\/media\/19433"}],"wp:attachment":[{"href":"https:\/\/boreait.com\/it\/wp-json\/wp\/v2\/media?parent=19383"}],"wp:term":[{"taxonomy":"product_brand","embeddable":true,"href":"https:\/\/boreait.com\/it\/wp-json\/wp\/v2\/product_brand?post=19383"},{"taxonomy":"product_cat","embeddable":true,"href":"https:\/\/boreait.com\/it\/wp-json\/wp\/v2\/product_cat?post=19383"},{"taxonomy":"product_tag","embeddable":true,"href":"https:\/\/boreait.com\/it\/wp-json\/wp\/v2\/product_tag?post=19383"}],"curies":[{"name":"wp","href":"https:\/\/api.w.org\/{rel}","templated":true}]}}