{"id":19382,"date":"2025-07-25T13:16:49","date_gmt":"2025-07-25T13:16:49","guid":{"rendered":"https:\/\/boreait.com\/it\/?post_type=product&#038;p=19382"},"modified":"2025-07-25T13:17:55","modified_gmt":"2025-07-25T13:17:55","slug":"sostituzione-dei-tasti-della-tastiera-ibm-t530-x230-w530-t430-0c01960","status":"publish","type":"product","link":"https:\/\/boreait.com\/it\/product\/sostituzione-dei-tasti-della-tastiera-ibm-t530-x230-w530-t430-0c01960\/","title":{"rendered":"Sostituzione dei tasti della tastiera IBM T530 X230 W530 T430 0C01960"},"content":{"rendered":"<p><strong>Nota per l\u2019acquirente:<\/strong> Questo articolo si riferisce a un singolo tasto per tastiera, compatibile con i modelli IBM T530, X230, W530, T430 e T430i. La cerniera e la camma del tasto sono incluse. Tutti i tasti disponibili sono mostrati nell\u2019immagine fornita nell\u2019articolo. Dopo aver effettuato l\u2019ordine, inviateci un messaggio per specificare il\/i tasto\/i di cui avete bisogno. Il tasto verr\u00e0 inviato in una busta tramite posta ordinaria.<\/p>\n<p>Questo tasto sostitutivo \u00e8 compatibile con il codice articolo 0C01960 ed \u00e8 progettato per ripristinare la funzionalit\u00e0 e l\u2019aspetto della tastiera del vostro laptop IBM.<\/p>\n","protected":false},"excerpt":{"rendered":"<p>Questo annuncio riguarda un singolo tasto per tastiera IBM T530, X230, W530, T430 e T430i. Compatibile con il codice 0C01960. Inviateci un messaggio dopo l&#8217;acquisto per specificare il tasto desiderato. Include cerniera e camma per il tasto. Spedizione tramite posta ordinaria.<\/p>\n","protected":false},"featured_media":19430,"template":"","meta":[],"product_brand":[],"product_cat":[25],"product_tag":[27],"class_list":{"0":"post-19382","1":"product","2":"type-product","3":"status-publish","4":"has-post-thumbnail","6":"product_cat-individual-keyboard-keys","7":"product_tag-lenovo","9":"first","10":"instock","11":"taxable","12":"shipping-taxable","13":"purchasable","14":"product-type-simple"},"_links":{"self":[{"href":"https:\/\/boreait.com\/it\/wp-json\/wp\/v2\/product\/19382","targetHints":{"allow":["GET"]}}],"collection":[{"href":"https:\/\/boreait.com\/it\/wp-json\/wp\/v2\/product"}],"about":[{"href":"https:\/\/boreait.com\/it\/wp-json\/wp\/v2\/types\/product"}],"wp:featuredmedia":[{"embeddable":true,"href":"https:\/\/boreait.com\/it\/wp-json\/wp\/v2\/media\/19430"}],"wp:attachment":[{"href":"https:\/\/boreait.com\/it\/wp-json\/wp\/v2\/media?parent=19382"}],"wp:term":[{"taxonomy":"product_brand","embeddable":true,"href":"https:\/\/boreait.com\/it\/wp-json\/wp\/v2\/product_brand?post=19382"},{"taxonomy":"product_cat","embeddable":true,"href":"https:\/\/boreait.com\/it\/wp-json\/wp\/v2\/product_cat?post=19382"},{"taxonomy":"product_tag","embeddable":true,"href":"https:\/\/boreait.com\/it\/wp-json\/wp\/v2\/product_tag?post=19382"}],"curies":[{"name":"wp","href":"https:\/\/api.w.org\/{rel}","templated":true}]}}