{"id":19323,"date":"2025-07-25T13:16:07","date_gmt":"2025-07-25T13:16:07","guid":{"rendered":"https:\/\/boreait.com\/it\/?post_type=product&#038;p=19323"},"modified":"2025-07-25T13:16:21","modified_gmt":"2025-07-25T13:16:21","slug":"b156han13-0-b156han08-0-lcd-156-fhd-144hz-ips-opaco-con-nastro-adesivo-nuovo","status":"publish","type":"product","link":"https:\/\/boreait.com\/it\/product\/b156han13-0-b156han08-0-lcd-156-fhd-144hz-ips-opaco-con-nastro-adesivo-nuovo\/","title":{"rendered":"B156HAN13.0\/B156HAN08.0 LCD 15,6&#8243; FHD 144Hz IPS opaco con nastro adesivo Nuovo"},"content":{"rendered":"<p><strong>Modello schermo LCD effettivo: n156hra-ea1 REV C1 \/ N156HRA-GAA Rev.c1 \/ N156HMA-GA1 REV C2 \u2013 COMPLETAMENTE COMPATIBILE CON LO SCHERMO LAPTOP B156HAN13.0, B156HAN08.0<\/strong><\/p>\n<p>Migliora le prestazioni di visualizzazione del tuo laptop con lo schermo LCD B156HAN13.0 o B156HAN08.0 da 15,6\u2033. Progettato per offrire una straordinaria risoluzione Full HD (1920\u00d71080), questo schermo \u00e8 perfetto per chi esige immagini di alta qualit\u00e0 e una precisione dei colori superiore. La frequenza di aggiornamento di 144 Hz garantisce movimenti fluidi e fluidi, rendendolo ideale per il gaming o l\u2019uso multimediale.<\/p>\n<p>Questo schermo utilizza la tecnologia IPS, che offre colori vivaci e ampi angoli di visione, mentre la finitura opaca riduce i riflessi per una visione confortevole in qualsiasi condizione di illuminazione. La connessione eDP a 40 pin garantisce Un collegamento stabile e sicuro con il tuo laptop.<\/p>\n<p>La confezione include nastro biadesivo per una facile installazione, ma tieni presente che lo schermo non include staffe superiori o inferiori. Il prodotto \u00e8 nuovo, quindi riceverai uno schermo impeccabile e pronto per l\u2019uso immediato.<\/p>\n","protected":false},"excerpt":{"rendered":"<p>Aggiorna il tuo laptop con lo schermo LCD B156HAN13.0\/B156HAN08.0 da 15,6&#8243;. Dotato di risoluzione FHD, frequenza di aggiornamento di 144 Hz, tecnologia IPS e finitura opaca, offre immagini fluide e colori vividi. Include nastro biadesivo per una facile installazione. Condizione: Nuovo.<\/p>\n","protected":false},"featured_media":19339,"template":"","meta":[],"product_brand":[],"product_cat":[69,60],"product_tag":[],"class_list":{"0":"post-19323","1":"product","2":"type-product","3":"status-publish","4":"has-post-thumbnail","6":"product_cat-15-6-new-laptop-screens-lcd-panels","7":"product_cat-new-laptop-screens-lcd-panels","9":"first","10":"instock","11":"taxable","12":"shipping-taxable","13":"purchasable","14":"product-type-simple"},"_links":{"self":[{"href":"https:\/\/boreait.com\/it\/wp-json\/wp\/v2\/product\/19323","targetHints":{"allow":["GET"]}}],"collection":[{"href":"https:\/\/boreait.com\/it\/wp-json\/wp\/v2\/product"}],"about":[{"href":"https:\/\/boreait.com\/it\/wp-json\/wp\/v2\/types\/product"}],"wp:featuredmedia":[{"embeddable":true,"href":"https:\/\/boreait.com\/it\/wp-json\/wp\/v2\/media\/19339"}],"wp:attachment":[{"href":"https:\/\/boreait.com\/it\/wp-json\/wp\/v2\/media?parent=19323"}],"wp:term":[{"taxonomy":"product_brand","embeddable":true,"href":"https:\/\/boreait.com\/it\/wp-json\/wp\/v2\/product_brand?post=19323"},{"taxonomy":"product_cat","embeddable":true,"href":"https:\/\/boreait.com\/it\/wp-json\/wp\/v2\/product_cat?post=19323"},{"taxonomy":"product_tag","embeddable":true,"href":"https:\/\/boreait.com\/it\/wp-json\/wp\/v2\/product_tag?post=19323"}],"curies":[{"name":"wp","href":"https:\/\/api.w.org\/{rel}","templated":true}]}}