{"id":19314,"date":"2025-07-25T13:16:05","date_gmt":"2025-07-25T13:16:05","guid":{"rendered":"https:\/\/boreait.com\/it\/?post_type=product&#038;p=19314"},"modified":"2025-07-25T13:16:14","modified_gmt":"2025-07-25T13:16:14","slug":"hp-victus-16-s0000-lcd-161-fhd-144hz-opaco-40-pin-con-nastro-adesivo-nuovo","status":"publish","type":"product","link":"https:\/\/boreait.com\/it\/product\/hp-victus-16-s0000-lcd-161-fhd-144hz-opaco-40-pin-con-nastro-adesivo-nuovo\/","title":{"rendered":"HP Victus 16-S0000 LCD 16,1&#8243; FHD 144Hz Opaco 40 pin con nastro adesivo Nuovo"},"content":{"rendered":"<p>Modello attuale dello schermo LCD: N161hma-gak REV. C3 o n161hca-ga1 REV C.1 \u2013 COMPLETAMENTE COMPATIBILE CON LO SCHERMO PER LAPTOP HP Victus SERIE 16-S0000<\/p>\n<p>Migliora le prestazioni visive del tuo laptop HP Victus serie 16-S0000 con questo schermo LCD FHD da 16,1\u2033. Progettato per offrire immagini fluide e vivaci, questo schermo supporta una frequenza di aggiornamento di 144 Hz, rendendolo perfetto per il gaming e i contenuti multimediali pi\u00f9 dinamici. Con una risoluzione Full HD (1920\u00d71080), offre immagini nitide e chiare, mentre la luminosit\u00e0 di 250 nit garantisce un display ben illuminato anche in diverse condizioni di illuminazione.<\/p>\n<p>La finitura opaca riduce i riflessi, offrendo un\u2019esperienza visiva confortevole, sia che tu stia lavorando, navigando o giocando. Questo schermo \u00e8 dotato di un connettore a 40 pin per una connettivit\u00e0 sicura e stabile. Inoltre, la confezione include nastro biadesivo, che semplifica l\u2019installazione. Semplice.<\/p>\n<p>Si prega di notare che questo schermo non include staffe superiori e inferiori. \u00c8 nuovo di zecca, il che garantisce un prodotto di alta qualit\u00e0, privo di difetti e pronto all\u2019uso.<\/p>\n","protected":false},"excerpt":{"rendered":"<p>Aggiorna il tuo laptop HP Victus serie 16-S0000 con uno schermo LCD opaco FHD da 16,1&#8243; a 144 Hz. Questo schermo ad alte prestazioni \u00e8 dotato di una connessione a 40 pin, una luminosit\u00e0 di 250 nit e include nastro biadesivo per una facile installazione. Condizione: Nuovo.<\/p>\n","protected":false},"featured_media":19308,"template":"","meta":[],"product_brand":[],"product_cat":[71,60],"product_tag":[],"class_list":{"0":"post-19314","1":"product","2":"type-product","3":"status-publish","4":"has-post-thumbnail","6":"product_cat-16-1","7":"product_cat-new-laptop-screens-lcd-panels","9":"first","10":"instock","11":"taxable","12":"shipping-taxable","13":"purchasable","14":"product-type-simple"},"_links":{"self":[{"href":"https:\/\/boreait.com\/it\/wp-json\/wp\/v2\/product\/19314","targetHints":{"allow":["GET"]}}],"collection":[{"href":"https:\/\/boreait.com\/it\/wp-json\/wp\/v2\/product"}],"about":[{"href":"https:\/\/boreait.com\/it\/wp-json\/wp\/v2\/types\/product"}],"wp:featuredmedia":[{"embeddable":true,"href":"https:\/\/boreait.com\/it\/wp-json\/wp\/v2\/media\/19308"}],"wp:attachment":[{"href":"https:\/\/boreait.com\/it\/wp-json\/wp\/v2\/media?parent=19314"}],"wp:term":[{"taxonomy":"product_brand","embeddable":true,"href":"https:\/\/boreait.com\/it\/wp-json\/wp\/v2\/product_brand?post=19314"},{"taxonomy":"product_cat","embeddable":true,"href":"https:\/\/boreait.com\/it\/wp-json\/wp\/v2\/product_cat?post=19314"},{"taxonomy":"product_tag","embeddable":true,"href":"https:\/\/boreait.com\/it\/wp-json\/wp\/v2\/product_tag?post=19314"}],"curies":[{"name":"wp","href":"https:\/\/api.w.org\/{rel}","templated":true}]}}