{"id":19303,"date":"2025-07-25T13:15:46","date_gmt":"2025-07-25T13:15:46","guid":{"rendered":"https:\/\/boreait.com\/it\/?post_type=product&#038;p=19303"},"modified":"2025-07-25T13:16:00","modified_gmt":"2025-07-25T13:16:00","slug":"victus-hp-16-e0161nr-lcd-161-fhd-144hz-opaco-40-pin-con-nastro-adesivo-nuovo","status":"publish","type":"product","link":"https:\/\/boreait.com\/it\/product\/victus-hp-16-e0161nr-lcd-161-fhd-144hz-opaco-40-pin-con-nastro-adesivo-nuovo\/","title":{"rendered":"Victus HP 16-E0161NR LCD 16,1&#8243; FHD 144Hz Opaco 40 Pin con Nastro Adesivo Nuovo"},"content":{"rendered":"<p>Modello attuale dello schermo LCD: N161hma-gak REV. C3 o n161hca-ga1 REV C.1 \u2013 COMPLETAMENTE COMPATIBILE CON LO SCHERMO PER LAPTOP HP Victus 16-E0161NR<\/p>\n<p>Migliora la tua esperienza di gioco o multimediale con questo schermo LCD premium da 16,1\u2033 progettato per HP Victus 16-E0161NR. Con una risoluzione Full HD (1920\u00d71080) e una frequenza di aggiornamento di 144 Hz, questo schermo offre immagini cristalline e movimenti ultra fluidi, rendendolo ideale per giocare, guardare video o utilizzare il computer quotidianamente. La luminosit\u00e0 di 250 nit garantisce immagini vivide, anche in ambienti ben illuminati, mentre la finitura opaca riduce al minimo riflessi e riverberi per un\u2019esperienza visiva pi\u00f9 confortevole.<\/p>\n<p>Questo schermo LCD \u00e8 dotato di un connettore a 40 pin per una perfetta compatibilit\u00e0 con il tuo HP Victus 16-E0161NR. La confezione include nastro biadesivo, che semplifica e semplifica l\u2019installazione. Senza problemi. Si prega di notare che questo schermo non include le staffe superiore e inferiore.<\/p>\n<p>Questo schermo \u00e8 nuovo di zecca, per garantirti un prodotto che soddisfa i pi\u00f9 elevati standard di qualit\u00e0 ed \u00e8 pronto a migliorare le prestazioni del tuo laptop.<\/p>\n","protected":false},"excerpt":{"rendered":"<p>Aggiorna il tuo HP Victus 16-E0161NR con uno schermo LCD da 16,1&#8243;. Dotato di risoluzione FHD a 144 Hz, luminosit\u00e0 di 250 nit e finitura opaca, questo schermo offre immagini fluide e riflessi ridotti. Include nastro biadesivo per una facile installazione. Condizione: Nuovo.<\/p>\n","protected":false},"featured_media":19308,"template":"","meta":[],"product_brand":[],"product_cat":[71,60],"product_tag":[],"class_list":{"0":"post-19303","1":"product","2":"type-product","3":"status-publish","4":"has-post-thumbnail","6":"product_cat-16-1","7":"product_cat-new-laptop-screens-lcd-panels","9":"first","10":"instock","11":"taxable","12":"shipping-taxable","13":"purchasable","14":"product-type-simple"},"_links":{"self":[{"href":"https:\/\/boreait.com\/it\/wp-json\/wp\/v2\/product\/19303","targetHints":{"allow":["GET"]}}],"collection":[{"href":"https:\/\/boreait.com\/it\/wp-json\/wp\/v2\/product"}],"about":[{"href":"https:\/\/boreait.com\/it\/wp-json\/wp\/v2\/types\/product"}],"wp:featuredmedia":[{"embeddable":true,"href":"https:\/\/boreait.com\/it\/wp-json\/wp\/v2\/media\/19308"}],"wp:attachment":[{"href":"https:\/\/boreait.com\/it\/wp-json\/wp\/v2\/media?parent=19303"}],"wp:term":[{"taxonomy":"product_brand","embeddable":true,"href":"https:\/\/boreait.com\/it\/wp-json\/wp\/v2\/product_brand?post=19303"},{"taxonomy":"product_cat","embeddable":true,"href":"https:\/\/boreait.com\/it\/wp-json\/wp\/v2\/product_cat?post=19303"},{"taxonomy":"product_tag","embeddable":true,"href":"https:\/\/boreait.com\/it\/wp-json\/wp\/v2\/product_tag?post=19303"}],"curies":[{"name":"wp","href":"https:\/\/api.w.org\/{rel}","templated":true}]}}