{"id":19280,"date":"2025-07-25T13:15:44","date_gmt":"2025-07-25T13:15:44","guid":{"rendered":"https:\/\/boreait.com\/it\/?post_type=product&#038;p=19280"},"modified":"2025-07-25T13:15:50","modified_gmt":"2025-07-25T13:15:50","slug":"b156xw03-v-1-15-6-lcd-wxga-led-lucido-con-staffe-40-pin-nuovo","status":"publish","type":"product","link":"https:\/\/boreait.com\/it\/product\/b156xw03-v-1-15-6-lcd-wxga-led-lucido-con-staffe-40-pin-nuovo\/","title":{"rendered":"B156XW03 V.1 15.6&#8243; LCD WXGA LED lucido con staffe 40 pin Nuovo"},"content":{"rendered":"<p><strong>Modello schermo LCD attuale: AU Optronics B156xw04 v.5 o n156bge-l31 rev c.1 \u2013 COMPLETAMENTE COMPATIBILE CON LO SCHERMO PER LAPTOP B156XW03 V.1<\/strong><\/p>\n<p>Migliora il display del tuo laptop con lo schermo LCD B156XW03 V.1 da 15,6\u2033. Questo schermo offre una risoluzione WXGA, offrendo immagini nitide e chiare, perfette sia per il lavoro che per l\u2019intrattenimento. La finitura lucida esalta la vivacit\u00e0 e il contrasto dei colori, rendendo immagini e video vividi e dettagliati.<\/p>\n<p>Dotato di retroilluminazione a LED, questo schermo offre un\u2019eccellente luminosit\u00e0 ed efficienza energetica, garantendo una maggiore durata della batteria del tuo laptop. Il connettore a 40 pin garantisce una connessione affidabile e stabile al dispositivo, mentre le staffe superiori e inferiori incluse rendono l\u2019installazione semplice e sicura.<\/p>\n<p>Questo schermo LCD \u00e8 nuovo di zecca, il che ti garantisce un prodotto di alta qualit\u00e0 e privo di difetti. \u00c8 la scelta ideale sia che tu voglia sostituire uno schermo danneggiato, sia che tu voglia semplicemente aggiornarlo per ottenere una migliore visualizzazione.<\/p>\n","protected":false},"excerpt":{"rendered":"<p>Aggiorna il tuo laptop con lo schermo LCD B156XW03 V.1 da 15,6&#8243;. Dotato di display WXGA lucido, retroilluminazione a LED e connettore a 40 pin, garantisce immagini luminose e nitide. Include staffe superiori e inferiori per una facile installazione. Condizione: Nuovo.<\/p>\n","protected":false},"featured_media":19277,"template":"","meta":[],"product_brand":[],"product_cat":[69,60],"product_tag":[],"class_list":{"0":"post-19280","1":"product","2":"type-product","3":"status-publish","4":"has-post-thumbnail","6":"product_cat-15-6-new-laptop-screens-lcd-panels","7":"product_cat-new-laptop-screens-lcd-panels","9":"first","10":"instock","11":"taxable","12":"shipping-taxable","13":"purchasable","14":"product-type-simple"},"_links":{"self":[{"href":"https:\/\/boreait.com\/it\/wp-json\/wp\/v2\/product\/19280","targetHints":{"allow":["GET"]}}],"collection":[{"href":"https:\/\/boreait.com\/it\/wp-json\/wp\/v2\/product"}],"about":[{"href":"https:\/\/boreait.com\/it\/wp-json\/wp\/v2\/types\/product"}],"wp:featuredmedia":[{"embeddable":true,"href":"https:\/\/boreait.com\/it\/wp-json\/wp\/v2\/media\/19277"}],"wp:attachment":[{"href":"https:\/\/boreait.com\/it\/wp-json\/wp\/v2\/media?parent=19280"}],"wp:term":[{"taxonomy":"product_brand","embeddable":true,"href":"https:\/\/boreait.com\/it\/wp-json\/wp\/v2\/product_brand?post=19280"},{"taxonomy":"product_cat","embeddable":true,"href":"https:\/\/boreait.com\/it\/wp-json\/wp\/v2\/product_cat?post=19280"},{"taxonomy":"product_tag","embeddable":true,"href":"https:\/\/boreait.com\/it\/wp-json\/wp\/v2\/product_tag?post=19280"}],"curies":[{"name":"wp","href":"https:\/\/api.w.org\/{rel}","templated":true}]}}