{"id":19259,"date":"2025-07-25T13:15:25","date_gmt":"2025-07-25T13:15:25","guid":{"rendered":"https:\/\/boreait.com\/it\/?post_type=product&#038;p=19259"},"modified":"2025-09-11T11:08:03","modified_gmt":"2025-09-11T11:08:03","slug":"lp156whbtpd1-lcd-156-fhd-opaco-30-pin-edp-con-staffe-nuovo","status":"publish","type":"product","link":"https:\/\/boreait.com\/it\/product\/lp156whbtpd1-lcd-156-fhd-opaco-30-pin-edp-con-staffe-nuovo\/","title":{"rendered":"LP156WHB(TP)(D1) LCD 15,6&#8243; FHD opaco 30 pin eDP con staffe Nuovo"},"content":{"rendered":"<p><code class=\"shortcode-tag\"><p>Modello di schermo disponibile in stock: NT156FHM-N41 \/ B156XW04 v.5 (stesse specifiche \/ pienamente compatibile!)<\/p>\n<\/code><\/p>\n<p>Migliora il display del tuo laptop con lo schermo LCD LP156WHB(TP)(D1) da 15,6\u2033, progettato per chi cerca un equilibrio tra prestazioni e nitidezza. Con una risoluzione Full HD (1920\u00d71080), questo schermo offre immagini nitide e dettagliate, rendendolo ideale per una variet\u00e0 di attivit\u00e0, dal lavoro all\u2019intrattenimento.<\/p>\n<p>La finitura opaca aiuta a ridurre i riflessi, garantendo una visione confortevole in diverse condizioni di illuminazione. Questo schermo \u00e8 dotato di una connessione eDP a 30 pin per prestazioni affidabili e, a differenza di molti altri schermi, include sia staffe superiori che inferiori, semplificando il processo di installazione.<\/p>\n<p>Si prega di notare che questo schermo non \u00e8 IPS, il che lo rende pi\u00f9 conveniente. Offrendo comunque un\u2019eccellente qualit\u00e0 d\u2019immagine. Il prodotto \u00e8 in condizioni pari al nuovo, garantendoti uno schermo sostitutivo di alta qualit\u00e0, pronto a migliorare il tuo dispositivo.<\/p>\n","protected":false},"excerpt":{"rendered":"<p>Aggiorna il tuo laptop con lo schermo LCD LP156WHB(TP)(D1) da 15,6&#8243;. Questo display FHD opaco con connessione eDP a 30 pin e staffe superiori e inferiori incluse offre immagini nitide e un&#8217;installazione semplice. Condizione: Nuovo.<\/p>\n","protected":false},"featured_media":19246,"template":"","meta":[],"product_brand":[],"product_cat":[60,69],"product_tag":[],"class_list":{"0":"post-19259","1":"product","2":"type-product","3":"status-publish","4":"has-post-thumbnail","6":"product_cat-new-laptop-screens-lcd-panels","7":"product_cat-15-6-new-laptop-screens-lcd-panels","9":"first","10":"instock","11":"taxable","12":"shipping-taxable","13":"purchasable","14":"product-type-simple"},"_links":{"self":[{"href":"https:\/\/boreait.com\/it\/wp-json\/wp\/v2\/product\/19259","targetHints":{"allow":["GET"]}}],"collection":[{"href":"https:\/\/boreait.com\/it\/wp-json\/wp\/v2\/product"}],"about":[{"href":"https:\/\/boreait.com\/it\/wp-json\/wp\/v2\/types\/product"}],"wp:featuredmedia":[{"embeddable":true,"href":"https:\/\/boreait.com\/it\/wp-json\/wp\/v2\/media\/19246"}],"wp:attachment":[{"href":"https:\/\/boreait.com\/it\/wp-json\/wp\/v2\/media?parent=19259"}],"wp:term":[{"taxonomy":"product_brand","embeddable":true,"href":"https:\/\/boreait.com\/it\/wp-json\/wp\/v2\/product_brand?post=19259"},{"taxonomy":"product_cat","embeddable":true,"href":"https:\/\/boreait.com\/it\/wp-json\/wp\/v2\/product_cat?post=19259"},{"taxonomy":"product_tag","embeddable":true,"href":"https:\/\/boreait.com\/it\/wp-json\/wp\/v2\/product_tag?post=19259"}],"curies":[{"name":"wp","href":"https:\/\/api.w.org\/{rel}","templated":true}]}}