{"id":19198,"date":"2025-07-25T13:14:35","date_gmt":"2025-07-25T13:14:35","guid":{"rendered":"https:\/\/boreait.com\/it\/?post_type=product&#038;p=19198"},"modified":"2025-09-11T09:04:31","modified_gmt":"2025-09-11T09:04:31","slug":"schermo-lcd-da-173-msi-pulse-17-b13vgk-opaco-fhd-ips-144hz-40pin-nuovo","status":"publish","type":"product","link":"https:\/\/boreait.com\/it\/product\/schermo-lcd-da-173-msi-pulse-17-b13vgk-opaco-fhd-ips-144hz-40pin-nuovo\/","title":{"rendered":"Schermo LCD da 17,3&#8243; MSI Pulse 17 B13VGK opaco FHD IPS 144Hz 40Pin Nuovo"},"content":{"rendered":"<p><strong>Modello reale dello LCD schermo: N173HCE-G33 REV C1 \/ NV173FHM-NY2 v8.1 \u2013 COMPLETAMENTE COMPATIBILE CON MSI Pulse 17 B13VGK<\/strong><\/p>\n<p>Trasforma il tuo laptop MSI Pulse 17 B13VGK con questo schermo LCD da 17,3 pollici di alta qualit\u00e0. Progettato per offrire prestazioni superiori, questo schermo vanta una risoluzione Full HD (1920\u00d71080) che d\u00e0 vita ai tuoi giochi e contenuti multimediali con dettagli vividi e una nitidezza nitida. La tecnologia IPS garantisce ampi angoli di visione e una riproduzione accurata dei colori, rendendolo perfetto sia per il gaming che per il lavoro creativo.<\/p>\n<p>Questo schermo \u00e8 dotato di un connettore eDP a 40 pin e offre una frequenza di aggiornamento di 144 Hz, offrendoti un display fluido e reattivo, ideale per i giochi pi\u00f9 frenetici. La finitura opaca riduce i riflessi, garantendo una visibilit\u00e0 nitida anche in ambienti molto illuminati.<\/p>\n<p>Sebbene questo schermo non includa staffe superiori e inferiori, \u00e8 dotato di strisce biadesive per un\u2019installazione sicura e semplice. Nuovo di zecca e in perfette condizioni, questo schermo LCD \u00e8 l\u2019aggiornamento definitivo per migliorare le prestazioni di visualizzazione del tuo laptop e la tua esperienza complessiva.<\/p>\n<p>Che tu sia un gamer professionista o un content creator, lo schermo LCD MSI Pulse 17 B13VGK ti offrir\u00e0 la qualit\u00e0 e l\u2019affidabilit\u00e0 di cui hai bisogno per sessioni coinvolgenti e produttive.<\/p>\n","protected":false},"excerpt":{"rendered":"<p>Aggiorna il tuo MSI Pulse 17 B13VGK con questo schermo LCD opaco da 17,3 pollici. Dotato di connettore eDP a 40 pin, risoluzione FHD e tecnologia IPS, offre immagini straordinarie a 144 Hz. Sono incluse strisce biadesive per una facile installazione. Nuovo di zecca e pronto a migliorare la tua esperienza di gioco.<\/p>\n","protected":false},"featured_media":19193,"template":"","meta":[],"product_brand":[],"product_cat":[60,61],"product_tag":[47],"class_list":{"0":"post-19198","1":"product","2":"type-product","3":"status-publish","4":"has-post-thumbnail","6":"product_cat-new-laptop-screens-lcd-panels","7":"product_cat-17-3","8":"product_tag-msi","10":"first","11":"instock","12":"taxable","13":"shipping-taxable","14":"purchasable","15":"product-type-simple"},"_links":{"self":[{"href":"https:\/\/boreait.com\/it\/wp-json\/wp\/v2\/product\/19198","targetHints":{"allow":["GET"]}}],"collection":[{"href":"https:\/\/boreait.com\/it\/wp-json\/wp\/v2\/product"}],"about":[{"href":"https:\/\/boreait.com\/it\/wp-json\/wp\/v2\/types\/product"}],"wp:featuredmedia":[{"embeddable":true,"href":"https:\/\/boreait.com\/it\/wp-json\/wp\/v2\/media\/19193"}],"wp:attachment":[{"href":"https:\/\/boreait.com\/it\/wp-json\/wp\/v2\/media?parent=19198"}],"wp:term":[{"taxonomy":"product_brand","embeddable":true,"href":"https:\/\/boreait.com\/it\/wp-json\/wp\/v2\/product_brand?post=19198"},{"taxonomy":"product_cat","embeddable":true,"href":"https:\/\/boreait.com\/it\/wp-json\/wp\/v2\/product_cat?post=19198"},{"taxonomy":"product_tag","embeddable":true,"href":"https:\/\/boreait.com\/it\/wp-json\/wp\/v2\/product_tag?post=19198"}],"curies":[{"name":"wp","href":"https:\/\/api.w.org\/{rel}","templated":true}]}}