{"id":18999,"date":"2025-07-25T13:09:38","date_gmt":"2025-07-25T13:09:38","guid":{"rendered":"https:\/\/boreait.com\/it\/?post_type=product&#038;p=18999"},"modified":"2026-02-06T12:11:36","modified_gmt":"2026-02-06T12:11:36","slug":"lenovo-thinkpad-t400-2gb-2rx8-pc3-8500s-7-10-fp-ram-ricambi-originali","status":"publish","type":"product","link":"https:\/\/boreait.com\/it\/product\/lenovo-thinkpad-t400-2gb-2rx8-pc3-8500s-7-10-fp-ram-ricambi-originali\/","title":{"rendered":"Lenovo Thinkpad T400 2GB 2Rx8 PC3-8500S-7-10-FP RAM &#8211; Ricambi originali"},"content":{"rendered":"<p>RAM da 2 GB 2Rx8 PC3-8500S-7-10-FP per Lenovo Thinkpad T400<\/p>\n<p>Potenzia le prestazioni del tuo Lenovo Thinkpad T400 con questo affidabile modulo RAM da 2 GB. Che tu stia sostituendo un modulo difettoso o aggiornando il tuo sistema, questa RAM \u00e8 progettata per funzionare perfettamente con il tuo T400.<\/p>\n<p>**Caratteristiche del prodotto:**<\/p>\n<p>\u2013 **Compatibilit\u00e0:** Progettata specificamente per il Lenovo Thinkpad T400.<\/p>\n<p>\u2013 **Specifiche:** RAM da 2 GB, 2Rx8, PC3-8500S-7-10-FP, ideale per migliorare le prestazioni del sistema.<\/p>\n<p>\u2013 **Funzionalit\u00e0:** Migliora il multitasking e la velocit\u00e0 complessiva per un\u2019esperienza di elaborazione pi\u00f9 fluida.<\/p>\n<p>\u2013 **Qualit\u00e0:** Ricambio originale, testato per affidabilit\u00e0 e compatibilit\u00e0. <\/p>\n<p>**Perch\u00e9 scegliere questo modulo RAM?**<\/p>\n<p>\u2013 **Aumento delle prestazioni:** Perfetto per migliorare la velocit\u00e0 e la reattivit\u00e0 del tuo Thinkpad T400.<\/p>\n<p>\u2013 **Sostituzione diretta:** Facile da installare, senza bisogno di configurazioni aggiuntive.<\/p>\n<p>\u2013 **Spedizione globale:** Disponibile per la consegna in tutto il mondo, con particolare attenzione all\u2019Europa.<\/p>\n<p>Si prega di notare che le istruzioni di installazione non sono incluse. Se hai bisogno di assistenza con l\u2019installazione, non esitare a contattarci per ricevere supporto.<\/p>\n<p>**Importante:** Le foto in questo annuncio rappresentano esattamente il modulo RAM che riceverai e ne mostrano le condizioni attuali. Ogni componente viene ispezionato accuratamente per garantirne la qualit\u00e0.<\/p>\n","protected":false},"excerpt":{"rendered":"<div class=\"dark bg-gray-950 rounded-md border-[0.5px] border-token-border-medium\">\n<div class=\"overflow-y-auto p-4\" dir=\"ltr\"><code class=\"!whitespace-pre hljs language-javascript\">2 GB 2Rx8 <span class=\"hljs-title class_\">PC3<\/span>-8500S-<span class=\"hljs-number\">7<\/span>-<span class=\"hljs-number\">10<\/span>-<span class=\"hljs-variable constant_\">FP<\/span> <span class=\"hljs-variable constant_\">RAM<\/span> <span class=\"hljs-keyword\">per<\/span> <span class=\"hljs-title class_\">Lenovo<\/span> <span class=\"hljs-title class_\">Thinkpad<\/span> <span class=\"hljs-variable constant_\">T400<\/span> \u2013 <span class=\"hljs-title class_\">Migliora<\/span> le prestazioni del tuo laptop <span class=\"hljs-keyword\">con<\/span> <span class=\"hljs-variable language_\">questo<\/span> modulo di <span class=\"hljs-variable language_\">RAM<\/span> originale, compatibile <span class=\"hljs-keyword\">con<\/span> il <span class=\"hljs-title class_\">Lenovo<\/span> <span class=\"hljs-title class_\">Thinkpad<\/span> <span class=\"hljs-variable constant_\">T400<\/span>.<\/p>\n<p><\/code><\/div>\n<\/div>\n<h3><\/h3>\n","protected":false},"featured_media":19061,"template":"","meta":[],"product_brand":[],"product_cat":[38,37],"product_tag":[27],"class_list":{"0":"post-18999","1":"product","2":"type-product","3":"status-publish","4":"has-post-thumbnail","6":"product_cat-ddr3-ddr3l","7":"product_cat-ram-memory","8":"product_tag-lenovo","10":"first","11":"instock","12":"taxable","13":"shipping-taxable","14":"purchasable","15":"product-type-simple"},"_links":{"self":[{"href":"https:\/\/boreait.com\/it\/wp-json\/wp\/v2\/product\/18999","targetHints":{"allow":["GET"]}}],"collection":[{"href":"https:\/\/boreait.com\/it\/wp-json\/wp\/v2\/product"}],"about":[{"href":"https:\/\/boreait.com\/it\/wp-json\/wp\/v2\/types\/product"}],"wp:featuredmedia":[{"embeddable":true,"href":"https:\/\/boreait.com\/it\/wp-json\/wp\/v2\/media\/19061"}],"wp:attachment":[{"href":"https:\/\/boreait.com\/it\/wp-json\/wp\/v2\/media?parent=18999"}],"wp:term":[{"taxonomy":"product_brand","embeddable":true,"href":"https:\/\/boreait.com\/it\/wp-json\/wp\/v2\/product_brand?post=18999"},{"taxonomy":"product_cat","embeddable":true,"href":"https:\/\/boreait.com\/it\/wp-json\/wp\/v2\/product_cat?post=18999"},{"taxonomy":"product_tag","embeddable":true,"href":"https:\/\/boreait.com\/it\/wp-json\/wp\/v2\/product_tag?post=18999"}],"curies":[{"name":"wp","href":"https:\/\/api.w.org\/{rel}","templated":true}]}}