{"id":18934,"date":"2025-07-25T13:08:21","date_gmt":"2025-07-25T13:08:21","guid":{"rendered":"https:\/\/boreait.com\/it\/?post_type=product&#038;p=18934"},"modified":"2025-09-11T08:26:19","modified_gmt":"2025-09-11T08:26:19","slug":"schermo-per-laptop-nv140fhm-n65-ips-fhd-da-14-opaco-edp-a-30-pin-nuovo-senza-staffe","status":"publish","type":"product","link":"https:\/\/boreait.com\/it\/product\/schermo-per-laptop-nv140fhm-n65-ips-fhd-da-14-opaco-edp-a-30-pin-nuovo-senza-staffe\/","title":{"rendered":"Schermo per laptop NV140FHM-N65 IPS FHD da 14&#8243;, opaco, eDP a 30 pin, nuovo, senza staffe"},"content":{"rendered":"<p><strong>Modello schermo effettivo: B140HAN04.D \/ NV140FHM-N4T V8.2 \/ N140HCA-EEK \u2013 completamente compatibile con <span data-sheets-root=\"1\">NV140FHM-N65<\/span><\/strong><\/p>\n<p>L\u2019NV140FHM-N65 \u00e8 uno schermo IPS Full HD (1920\u00d71080) premium da 14 pollici per laptop, progettato per migliorare la tua esperienza di elaborazione con immagini nitide e chiare e colori vivaci. Questo display di alta qualit\u00e0 \u00e8 dotato di un connettore eDP a 30 pin, che garantisce la compatibilit\u00e0 con un\u2019ampia gamma di laptop. La finitura opaca riduce i riflessi, offrendo una visione confortevole in diverse condizioni di illuminazione, rendendolo ideale per un uso prolungato, sia che tu stia lavorando, studiando o guardando contenuti multimediali.<\/p>\n<p>Questo schermo \u00e8 nuovo di zecca e in perfette condizioni, offrendo un\u2019eccellente sostituzione per lo schermo del tuo laptop vecchio o danneggiato. Non include le staffe di montaggio superiore e inferiore, consentendo un\u2019installazione semplificata e senza staffe. Per facilitare il processo, abbiamo incluso delle strisce autoadesive, che garantiscono un montaggio sicuro e senza problemi.<\/p>\n<p>Che tu sia un professionista alla ricerca di prestazioni superiori dello schermo o un utente occasionale che necessita di un ricambio affidabile, l\u2019NV140FHM-N65 offre un valore e una qualit\u00e0 eccezionali.<\/p>\n","protected":false},"excerpt":{"rendered":"<p>Aggiorna il display del tuo laptop con l&#8217;NV140FHM-N65, uno schermo IPS FHD da 14&#8243; con connettore eDP a 30 pin e finitura opaca per ridurre i riflessi. Questo nuovissimo pannello offre immagini straordinarie con colori vivaci e dettagli nitidi, perfetto sia per il lavoro che per l&#8217;intrattenimento. Nota: questo schermo non include staffe superiori e inferiori, ma \u00e8 dotato di strisce autoadesive per una facile installazione.<\/p>\n","protected":false},"featured_media":17120,"template":"","meta":[],"product_brand":[],"product_cat":[60,63],"product_tag":[],"class_list":{"0":"post-18934","1":"product","2":"type-product","3":"status-publish","4":"has-post-thumbnail","6":"product_cat-new-laptop-screens-lcd-panels","7":"product_cat-14-new-laptop-screens-lcd-panels","9":"first","10":"instock","11":"taxable","12":"shipping-taxable","13":"purchasable","14":"product-type-simple"},"_links":{"self":[{"href":"https:\/\/boreait.com\/it\/wp-json\/wp\/v2\/product\/18934","targetHints":{"allow":["GET"]}}],"collection":[{"href":"https:\/\/boreait.com\/it\/wp-json\/wp\/v2\/product"}],"about":[{"href":"https:\/\/boreait.com\/it\/wp-json\/wp\/v2\/types\/product"}],"wp:featuredmedia":[{"embeddable":true,"href":"https:\/\/boreait.com\/it\/wp-json\/wp\/v2\/media\/17120"}],"wp:attachment":[{"href":"https:\/\/boreait.com\/it\/wp-json\/wp\/v2\/media?parent=18934"}],"wp:term":[{"taxonomy":"product_brand","embeddable":true,"href":"https:\/\/boreait.com\/it\/wp-json\/wp\/v2\/product_brand?post=18934"},{"taxonomy":"product_cat","embeddable":true,"href":"https:\/\/boreait.com\/it\/wp-json\/wp\/v2\/product_cat?post=18934"},{"taxonomy":"product_tag","embeddable":true,"href":"https:\/\/boreait.com\/it\/wp-json\/wp\/v2\/product_tag?post=18934"}],"curies":[{"name":"wp","href":"https:\/\/api.w.org\/{rel}","templated":true}]}}