{"id":18933,"date":"2025-07-25T13:08:20","date_gmt":"2025-07-25T13:08:20","guid":{"rendered":"https:\/\/boreait.com\/it\/?post_type=product&#038;p=18933"},"modified":"2025-09-11T08:26:17","modified_gmt":"2025-09-11T08:26:17","slug":"schermo-led-opaco-ips-fhd-da-14-b140han05-6-1920x1080-30-pin-antiriflesso","status":"publish","type":"product","link":"https:\/\/boreait.com\/it\/product\/schermo-led-opaco-ips-fhd-da-14-b140han05-6-1920x1080-30-pin-antiriflesso\/","title":{"rendered":"Schermo LED opaco IPS FHD da 14&#8243; B140HAN05.6, 1920&#215;1080, 30 pin, antiriflesso"},"content":{"rendered":"<p><strong>Modello schermo effettivo: B140HAN04.D \/ NV140FHM-N4T V8.2 \/ N140HCA-EEK \u2013 completamente compatibile con B140HAN05.6.<\/strong><\/p>\n<p>Vi presentiamo il B140HAN05.6, uno straordinario display IPS LED Full HD (1920\u00d71080) da 14 pollici che ridefinisce la vostra esperienza visiva. Progettato per chi esige immagini di alta qualit\u00e0 senza riflessi, questo schermo \u00e8 la porta d\u2019accesso a un mondo di immagini nitide e vivaci. La finitura opaca non solo riduce al minimo i riflessi, ma migliora anche l\u2019estetica del display, rendendolo perfetto per qualsiasi ambiente.<\/p>\n<p><strong>Caratteristiche principali:<\/strong><\/p>\n<ul>\n<li><strong>Risoluzione Full HD:<\/strong> entrate in un regno di colori vividi e dettagli nitidi. Che sia per lavoro o per svago, la nitidezza e la profondit\u00e0 delle immagini conquisteranno i vostri sensi.<\/li>\n<li><strong>Tecnologia IPS:<\/strong> Scoprite una fedelt\u00e0 cromatica costante e ampi angoli di visione, che rendono questo schermo ideale per la progettazione grafica, l\u2019editing video e il gaming.<\/li>\n<li><strong>Finitura opaca antiriflesso:<\/strong> Dite addio ai fastidiosi riflessi. La finitura opaca garantisce una visione confortevole, anche in condizioni di luce intensa.<\/li>\n<li><strong>Connettore a 30 pin:<\/strong> La compatibilit\u00e0 incontra la praticit\u00e0 grazie al connettore a 30 pin facile da installare, che semplifica l\u2019aggiornamento del dispositivo.<\/li>\n<\/ul>\n<p>Il B140HAN05.6 non \u00e8 solo un display; \u00e8 un investimento nella vostra esperienza visiva. Perfetto per i professionisti che richiedono una precisione cromatica precisa, i gamer che cercano esperienze immersive e chiunque apprezzi il comfort visivo durante sessioni di visione prolungate. Migliorate il vostro dispositivo con questo schermo premium e portate la vostra esperienza visiva a nuovi livelli. utenti.<\/p>\n","protected":false},"excerpt":{"rendered":"<p>Scopri la perfezione visiva con il B140HAN05.6, uno schermo LED FHD IPS opaco da 14 pollici. Progettato per offrire una nitidezza superiore con una risoluzione di 1920&#215;1080, questo display a 30 pin presenta una finitura opaca antiriflesso per una visione confortevole e prolungata. Ideale sia per uso professionale che per il tempo libero.<\/p>\n","protected":false},"featured_media":17120,"template":"","meta":[],"product_brand":[],"product_cat":[60,63],"product_tag":[],"class_list":{"0":"post-18933","1":"product","2":"type-product","3":"status-publish","4":"has-post-thumbnail","6":"product_cat-new-laptop-screens-lcd-panels","7":"product_cat-14-new-laptop-screens-lcd-panels","9":"first","10":"instock","11":"taxable","12":"shipping-taxable","13":"purchasable","14":"product-type-simple"},"_links":{"self":[{"href":"https:\/\/boreait.com\/it\/wp-json\/wp\/v2\/product\/18933","targetHints":{"allow":["GET"]}}],"collection":[{"href":"https:\/\/boreait.com\/it\/wp-json\/wp\/v2\/product"}],"about":[{"href":"https:\/\/boreait.com\/it\/wp-json\/wp\/v2\/types\/product"}],"wp:featuredmedia":[{"embeddable":true,"href":"https:\/\/boreait.com\/it\/wp-json\/wp\/v2\/media\/17120"}],"wp:attachment":[{"href":"https:\/\/boreait.com\/it\/wp-json\/wp\/v2\/media?parent=18933"}],"wp:term":[{"taxonomy":"product_brand","embeddable":true,"href":"https:\/\/boreait.com\/it\/wp-json\/wp\/v2\/product_brand?post=18933"},{"taxonomy":"product_cat","embeddable":true,"href":"https:\/\/boreait.com\/it\/wp-json\/wp\/v2\/product_cat?post=18933"},{"taxonomy":"product_tag","embeddable":true,"href":"https:\/\/boreait.com\/it\/wp-json\/wp\/v2\/product_tag?post=18933"}],"curies":[{"name":"wp","href":"https:\/\/api.w.org\/{rel}","templated":true}]}}