{"id":18924,"date":"2025-07-25T13:07:58","date_gmt":"2025-07-25T13:07:58","guid":{"rendered":"https:\/\/boreait.com\/it\/?post_type=product&#038;p=18924"},"modified":"2025-08-26T07:31:11","modified_gmt":"2025-08-26T07:31:11","slug":"schermo-per-laptop-opaco-ips-fhd-da-14-per-hp-14-bp019nf-14-bp016nf-con-connettore-edp-a-30-pin","status":"publish","type":"product","link":"https:\/\/boreait.com\/it\/product\/schermo-per-laptop-opaco-ips-fhd-da-14-per-hp-14-bp019nf-14-bp016nf-con-connettore-edp-a-30-pin\/","title":{"rendered":"Schermo per laptop opaco IPS FHD da 14&#8243; per HP 14-BP019NF 14-BP016NF con connettore eDP a 30 pin"},"content":{"rendered":"<p><strong>Modello schermo effettivo: LP140WF8-SPFA \/ B140HAN01.1\/ B140HAN04.0\/ NV140FHM-N46 con staffe \u2013 Completamente compatibile con i laptop <span data-sheets-root=\"1\">HP 14-BP019NF, 14-BP016NF<\/span><\/strong><\/p>\n<p>Migliora la tua esperienza di elaborazione con uno schermo sostitutivo premium per il tuo laptop HP. Progettato specificamente per i modelli HP 14-BP019NF e 14-BP016NF, questo display IPS Full HD da 14 pollici offre colori vivaci e dettagli nitidi, rendendolo perfetto sia per il lavoro che per l\u2019intrattenimento. La finitura opaca riduce i riflessi, offrendo un\u2019esperienza visiva confortevole anche in ambienti luminosi.<\/p>\n<p>Questo schermo per laptop \u00e8 dotato di un connettore eDP a 30 pin, che garantisce un\u2019installazione impeccabile e una facile installazione. Che tu stia sostituendo uno schermo danneggiato o aggiornandolo per prestazioni migliori, questo display nuovo di zecca e di alta qualit\u00e0 \u00e8 la scelta ideale. Sperimenta una grafica migliorata e un look elegante e moderno con questo affidabile schermo sostitutivo per laptop.<\/p>\n<p><strong>Caratteristiche principali:<\/strong><\/p>\n<ul>\n<li><strong>Compatibilit\u00e0:<\/strong> Progettato per i modelli HP 14-BP019NF e 14-BP016NF<\/li>\n<li><strong>Display:<\/strong> Schermo IPS Full HD da 14 pollici (1920\u00d71080) per colori vividi e una nitidezza nitida<\/li>\n<li><strong>Finitura:<\/strong> Superficie opaca per ridurre riflessi e abbagliamenti<\/li>\n<li><strong>Connettore:<\/strong> Connettore eDP a 30 pin per una facile installazione<\/li>\n<li><strong>Condizioni:<\/strong> Schermo sostitutivo nuovo di zecca e di alta qualit\u00e0<\/li>\n<\/ul>\n<p>Fai la scelta intelligente per l\u2019aggiornamento o la riparazione del tuo laptop con questo schermo di alta qualit\u00e0, che garantisce prestazioni e soddisfazione durature.<\/p>\n","protected":false},"excerpt":{"rendered":"<p>Aggiorna il tuo laptop HP 14-BP019NF o 14-BP016NF con un nuovissimo schermo opaco IPS FHD da 14&#8243;. Questo display di alta qualit\u00e0 offre immagini nitide con risoluzione Full HD e finitura antiriflesso per una visione confortevole. Lo schermo \u00e8 dotato di un connettore eDP a 30 pin, che garantisce la compatibilit\u00e0 con il tuo dispositivo.<\/p>\n","protected":false},"featured_media":18932,"template":"","meta":[],"product_brand":[],"product_cat":[63,60],"product_tag":[26],"class_list":{"0":"post-18924","1":"product","2":"type-product","3":"status-publish","4":"has-post-thumbnail","6":"product_cat-14-new-laptop-screens-lcd-panels","7":"product_cat-new-laptop-screens-lcd-panels","8":"product_tag-hp","10":"first","11":"instock","12":"taxable","13":"shipping-taxable","14":"purchasable","15":"product-type-simple"},"_links":{"self":[{"href":"https:\/\/boreait.com\/it\/wp-json\/wp\/v2\/product\/18924","targetHints":{"allow":["GET"]}}],"collection":[{"href":"https:\/\/boreait.com\/it\/wp-json\/wp\/v2\/product"}],"about":[{"href":"https:\/\/boreait.com\/it\/wp-json\/wp\/v2\/types\/product"}],"wp:featuredmedia":[{"embeddable":true,"href":"https:\/\/boreait.com\/it\/wp-json\/wp\/v2\/media\/18932"}],"wp:attachment":[{"href":"https:\/\/boreait.com\/it\/wp-json\/wp\/v2\/media?parent=18924"}],"wp:term":[{"taxonomy":"product_brand","embeddable":true,"href":"https:\/\/boreait.com\/it\/wp-json\/wp\/v2\/product_brand?post=18924"},{"taxonomy":"product_cat","embeddable":true,"href":"https:\/\/boreait.com\/it\/wp-json\/wp\/v2\/product_cat?post=18924"},{"taxonomy":"product_tag","embeddable":true,"href":"https:\/\/boreait.com\/it\/wp-json\/wp\/v2\/product_tag?post=18924"}],"curies":[{"name":"wp","href":"https:\/\/api.w.org\/{rel}","templated":true}]}}