{"id":18918,"date":"2025-07-25T13:07:58","date_gmt":"2025-07-25T13:07:58","guid":{"rendered":"https:\/\/boreait.com\/it\/?post_type=product&#038;p=18918"},"modified":"2025-08-26T07:30:48","modified_gmt":"2025-08-26T07:30:48","slug":"schermo-lcd-opaco-ips-fhd-da-14-per-laptop-lp140wf6-sph1-connettore-edp-a-30-pin-nuovo","status":"publish","type":"product","link":"https:\/\/boreait.com\/it\/product\/schermo-lcd-opaco-ips-fhd-da-14-per-laptop-lp140wf6-sph1-connettore-edp-a-30-pin-nuovo\/","title":{"rendered":"Schermo LCD opaco IPS FHD da 14&#8243; per laptop LP140WF6-SPH1, connettore eDP a 30 pin, nuovo"},"content":{"rendered":"<p><strong>Modello schermo effettivo: LP140WF8-SPFA \/ B140HAN01.1\/ B140HAN04.0\/ NV140FHM-N46 con staffe \u2013 Completamente compatibile con LP140WF6-SPH1<\/strong><\/p>\n<p>Aggiorna il display del tuo laptop con lo schermo LCD LP140WF6-SPH1 (SP)(H1) da 14\u2033. Questo schermo sostitutivo di alta qualit\u00e0 offre una risoluzione Full HD (1920\u00d71080), offrendo immagini nitide e chiare con dettagli straordinari. La tecnologia In-Plane Switching (IPS) garantisce colori vivaci e ampi angoli di visione, perfetti per tutte le tue esigenze di elaborazione. La finitura opaca riduce i riflessi, rendendolo ideale sia per l\u2019uso interno che esterno.<\/p>\n<p>Questo schermo LCD \u00e8 dotato di un connettore eDP a 30 pin, che lo rende compatibile con un\u2019ampia gamma di modelli di laptop. Il display da 14 pollici \u00e8 perfetto per chi cerca un equilibrio tra dimensioni dello schermo e portabilit\u00e0. Che tu sia uno studente, un professionista o un utente occasionale, questo schermo migliorer\u00e0 la tua esperienza con il laptop. Grazie alle sue prestazioni e durata superiori.<\/p>\n<p>L\u2019installazione \u00e8 semplice e lo schermo \u00e8 progettato per integrarsi perfettamente nella configurazione esistente. LP140WF6-SPH1 \u00e8 nuovo di zecca, il che garantisce un prodotto privo di difetti, pronto a offrire la migliore esperienza visiva possibile.<\/p>\n","protected":false},"excerpt":{"rendered":"<p>Sperimenta immagini di qualit\u00e0 superiore con lo schermo per laptop IPS opaco FHD da 14&#8243; LP140WF6-SPH1. Dotato di un connettore eDP a 30 pin, questo nuovo schermo offre colori vivaci e ampi angoli di visione, perfetti per migliorare la qualit\u00e0 di visualizzazione del tuo laptop.<\/p>\n","protected":false},"featured_media":18932,"template":"","meta":[],"product_brand":[],"product_cat":[63,60],"product_tag":[],"class_list":{"0":"post-18918","1":"product","2":"type-product","3":"status-publish","4":"has-post-thumbnail","6":"product_cat-14-new-laptop-screens-lcd-panels","7":"product_cat-new-laptop-screens-lcd-panels","9":"first","10":"instock","11":"taxable","12":"shipping-taxable","13":"purchasable","14":"product-type-simple"},"_links":{"self":[{"href":"https:\/\/boreait.com\/it\/wp-json\/wp\/v2\/product\/18918","targetHints":{"allow":["GET"]}}],"collection":[{"href":"https:\/\/boreait.com\/it\/wp-json\/wp\/v2\/product"}],"about":[{"href":"https:\/\/boreait.com\/it\/wp-json\/wp\/v2\/types\/product"}],"wp:featuredmedia":[{"embeddable":true,"href":"https:\/\/boreait.com\/it\/wp-json\/wp\/v2\/media\/18932"}],"wp:attachment":[{"href":"https:\/\/boreait.com\/it\/wp-json\/wp\/v2\/media?parent=18918"}],"wp:term":[{"taxonomy":"product_brand","embeddable":true,"href":"https:\/\/boreait.com\/it\/wp-json\/wp\/v2\/product_brand?post=18918"},{"taxonomy":"product_cat","embeddable":true,"href":"https:\/\/boreait.com\/it\/wp-json\/wp\/v2\/product_cat?post=18918"},{"taxonomy":"product_tag","embeddable":true,"href":"https:\/\/boreait.com\/it\/wp-json\/wp\/v2\/product_tag?post=18918"}],"curies":[{"name":"wp","href":"https:\/\/api.w.org\/{rel}","templated":true}]}}