{"id":18912,"date":"2025-07-25T13:07:57","date_gmt":"2025-07-25T13:07:57","guid":{"rendered":"https:\/\/boreait.com\/it\/?post_type=product&#038;p=18912"},"modified":"2025-08-26T07:32:26","modified_gmt":"2025-08-26T07:32:26","slug":"schermo-per-laptop-opaco-ips-fhd-da-14-n140hca-eab-ebb-connettore-edp-a-30-pin-nuovo","status":"publish","type":"product","link":"https:\/\/boreait.com\/it\/product\/schermo-per-laptop-opaco-ips-fhd-da-14-n140hca-eab-ebb-connettore-edp-a-30-pin-nuovo\/","title":{"rendered":"Schermo per laptop opaco IPS FHD da 14&#8243; N140HCA-EAB\/EBB, connettore eDP a 30 pin, nuovo"},"content":{"rendered":"<p><strong>Modello schermo effettivo: LP140WF8-SPFA \/ B140HAN01.1 \/ B140HAN04.0 \/ NV140FHM-N46 con staffe \u2013 Completamente compatibile con N140HCA-EAB \/ N140HCA-EBB<\/strong><\/p>\n<p>Migliora le prestazioni di visualizzazione del tuo laptop con lo schermo LCD N140HCA-EAB\/EBB da 14 pollici. Progettato per offrire immagini nitide e vivaci, questo schermo Full HD (1920\u00d71080) \u00e8 dotato di tecnologia In-Plane Switching (IPS), che offre ampi angoli di visione e un\u2019eccezionale precisione dei colori per un\u2019esperienza immersiva. La finitura opaca riduce al minimo i riflessi, rendendolo perfetto per l\u2019uso in ambienti luminosi senza sacrificare la nitidezza dell\u2019immagine.<\/p>\n<p>Questo schermo \u00e8 dotato di un connettore eDP a 30 pin, che garantisce la compatibilit\u00e0 con un\u2019ampia gamma di laptop. Che tu stia sostituendo uno schermo danneggiato o aggiornandolo per una migliore qualit\u00e0, l\u2019N140HCA-EAB\/EBB \u00e8 una scelta affidabile. Lo schermo \u00e8 nuovo di zecca, per garantirti un prodotto di alta qualit\u00e0 che soddisfa tutte le tue esigenze di visualizzazione.<\/p>\n<p>Ideale per professionisti, studenti e utenti di tutti i giorni, questo schermo per laptop d\u00e0 vita ai tuoi contenuti, da documenti e fogli di calcolo a streaming e gaming. Facile da installare, \u00e8 un modo conveniente per prolungare la vita del tuo laptop migliorando al contempo l\u2019esperienza visiva.<\/p>\n","protected":false},"excerpt":{"rendered":"<p>Aggiorna il display del tuo laptop con lo schermo LCD N140HCA-EAB\/EBB da 14 pollici. Questo nuovissimo schermo Full HD (FHD) offre immagini straordinarie grazie alla tecnologia In-Plane Switching (IPS) per ampi angoli di visione e una riproduzione accurata dei colori. La finitura opaca riduce i riflessi, garantendo una visibilit\u00e0 ottimale in diverse condizioni di illuminazione. Compatibile con connettori eDP a 30 pin, \u00e8 la sostituzione ideale per lo schermo del tuo dispositivo.<\/p>\n","protected":false},"featured_media":18932,"template":"","meta":[],"product_brand":[],"product_cat":[60,63],"product_tag":[],"class_list":{"0":"post-18912","1":"product","2":"type-product","3":"status-publish","4":"has-post-thumbnail","6":"product_cat-new-laptop-screens-lcd-panels","7":"product_cat-14-new-laptop-screens-lcd-panels","9":"first","10":"instock","11":"taxable","12":"shipping-taxable","13":"purchasable","14":"product-type-simple"},"_links":{"self":[{"href":"https:\/\/boreait.com\/it\/wp-json\/wp\/v2\/product\/18912","targetHints":{"allow":["GET"]}}],"collection":[{"href":"https:\/\/boreait.com\/it\/wp-json\/wp\/v2\/product"}],"about":[{"href":"https:\/\/boreait.com\/it\/wp-json\/wp\/v2\/types\/product"}],"wp:featuredmedia":[{"embeddable":true,"href":"https:\/\/boreait.com\/it\/wp-json\/wp\/v2\/media\/18932"}],"wp:attachment":[{"href":"https:\/\/boreait.com\/it\/wp-json\/wp\/v2\/media?parent=18912"}],"wp:term":[{"taxonomy":"product_brand","embeddable":true,"href":"https:\/\/boreait.com\/it\/wp-json\/wp\/v2\/product_brand?post=18912"},{"taxonomy":"product_cat","embeddable":true,"href":"https:\/\/boreait.com\/it\/wp-json\/wp\/v2\/product_cat?post=18912"},{"taxonomy":"product_tag","embeddable":true,"href":"https:\/\/boreait.com\/it\/wp-json\/wp\/v2\/product_tag?post=18912"}],"curies":[{"name":"wp","href":"https:\/\/api.w.org\/{rel}","templated":true}]}}