{"id":18911,"date":"2025-07-25T13:07:57","date_gmt":"2025-07-25T13:07:57","guid":{"rendered":"https:\/\/boreait.com\/it\/?post_type=product&#038;p=18911"},"modified":"2025-08-26T07:32:37","modified_gmt":"2025-08-26T07:32:37","slug":"schermo-lcd-opaco-ips-fhd-da-14-nv140fhm-n4a-n62-con-staffe-edp-nuovo-30-pin","status":"publish","type":"product","link":"https:\/\/boreait.com\/it\/product\/schermo-lcd-opaco-ips-fhd-da-14-nv140fhm-n4a-n62-con-staffe-edp-nuovo-30-pin\/","title":{"rendered":"Schermo LCD opaco IPS FHD da 14&#8243; NV140FHM-N4A N62 con staffe, eDP, nuovo 30 pin"},"content":{"rendered":"<p><strong>Modello schermo effettivo: LP140WF8-SPFA \/ B140HAN01.1\/ B140HAN04.0\/ NV140FHM-N46 con staffe \u2013 Completamente compatibile con LP140WF SP M1 (SPM1)<\/strong><\/p>\n<p>Aggiorna il display del tuo laptop con lo schermo LCD IPS FHD NV140FHM-N4A N62 da 14\u2033. Progettato per offrire immagini straordinarie, questo schermo offre una risoluzione Full HD (FHD) di 1920\u00d71080 pixel, offrendo immagini nitide e chiare e colori vivaci. La tecnologia In-Plane Switching (IPS) garantisce ampi angoli di visione, rendendolo perfetto sia per il lavoro che per l\u2019intrattenimento.<\/p>\n<p>Questo schermo per laptop \u00e8 dotato di una finitura opaca, che riduce riflessi e abbagliamenti per un\u2019esperienza visiva pi\u00f9 confortevole, soprattutto in ambienti luminosi. Lo schermo \u00e8 dotato di un connettore eDP e include staffe per una facile installazione, garantendo la compatibilit\u00e0 con una variet\u00e0 di modelli di laptop. Pin: 30.<\/p>\n<p>Condizionato come da marchio Nuovo, questo schermo sostitutivo \u00e8 pronto a ripristinare la qualit\u00e0 di visualizzazione del tuo laptop e a riportarlo alla sua brillantezza originale. Che tu sia un professionista che necessita di una riproduzione accurata dei colori o uno studente alla ricerca di un display nitido e affidabile, l\u2019NV140FHM-N4A N62 fa al caso tuo.<\/p>\n","protected":false},"excerpt":{"rendered":"<p>Aggiorna il tuo laptop con lo schermo LCD opaco IPS FHD NV140FHM-N4A N62 da 14&#8243;. Questo nuovo display di alta qualit\u00e0 offre immagini nitide, ampi angoli di visione e riflessi ridotti. Include connettore eDP e staffe per una facile installazione. Perfetto per ripristinare la qualit\u00e0 di visualizzazione del tuo laptop.<\/p>\n","protected":false},"featured_media":18932,"template":"","meta":[],"product_brand":[],"product_cat":[60,63],"product_tag":[],"class_list":{"0":"post-18911","1":"product","2":"type-product","3":"status-publish","4":"has-post-thumbnail","6":"product_cat-new-laptop-screens-lcd-panels","7":"product_cat-14-new-laptop-screens-lcd-panels","9":"first","10":"instock","11":"taxable","12":"shipping-taxable","13":"purchasable","14":"product-type-simple"},"_links":{"self":[{"href":"https:\/\/boreait.com\/it\/wp-json\/wp\/v2\/product\/18911","targetHints":{"allow":["GET"]}}],"collection":[{"href":"https:\/\/boreait.com\/it\/wp-json\/wp\/v2\/product"}],"about":[{"href":"https:\/\/boreait.com\/it\/wp-json\/wp\/v2\/types\/product"}],"wp:featuredmedia":[{"embeddable":true,"href":"https:\/\/boreait.com\/it\/wp-json\/wp\/v2\/media\/18932"}],"wp:attachment":[{"href":"https:\/\/boreait.com\/it\/wp-json\/wp\/v2\/media?parent=18911"}],"wp:term":[{"taxonomy":"product_brand","embeddable":true,"href":"https:\/\/boreait.com\/it\/wp-json\/wp\/v2\/product_brand?post=18911"},{"taxonomy":"product_cat","embeddable":true,"href":"https:\/\/boreait.com\/it\/wp-json\/wp\/v2\/product_cat?post=18911"},{"taxonomy":"product_tag","embeddable":true,"href":"https:\/\/boreait.com\/it\/wp-json\/wp\/v2\/product_tag?post=18911"}],"curies":[{"name":"wp","href":"https:\/\/api.w.org\/{rel}","templated":true}]}}