{"id":18909,"date":"2025-07-25T13:07:57","date_gmt":"2025-07-25T13:07:57","guid":{"rendered":"https:\/\/boreait.com\/it\/?post_type=product&#038;p=18909"},"modified":"2025-08-26T07:31:07","modified_gmt":"2025-08-26T07:31:07","slug":"schermo-per-laptop-ips-fhd-da-14-b140han0101-b140han01-02-b140han01-3-edp-opaco-nuovo","status":"publish","type":"product","link":"https:\/\/boreait.com\/it\/product\/schermo-per-laptop-ips-fhd-da-14-b140han0101-b140han01-02-b140han01-3-edp-opaco-nuovo\/","title":{"rendered":"Schermo per laptop IPS FHD da 14&#8243; B140HAN0101, B140HAN01.02, B140HAN01.3 eDP opaco &#8211; Nuovo"},"content":{"rendered":"<p><strong>Modello schermo effettivo: LP140WF8-SPFA \/ B140HAN01.1\/ B140HAN04.0\/ NV140FHM-N46 con staffe \u2013 Completamente compatibile con B140HAN0101, B140HAN01.02, <span data-sheets-root=\"1\">B140HAN01.3<\/span><\/strong><\/p>\n<p>Migliora le prestazioni del tuo laptop con il nostro schermo LCD IPS FHD da 14 pollici di alta qualit\u00e0, compatibile con i modelli B140HAN01.1, B140HAN01.2 e B140HAN01.3. Questo schermo offre una nitidezza eccezionale e colori vivaci, grazie alla risoluzione Full HD e alla tecnologia IPS, garantendo ampi angoli di visione e una qualit\u00e0 dell\u2019immagine costante. La finitura opaca riduce al minimo riflessi e bagliori, offrendo un\u2019esperienza visiva confortevole anche in ambienti luminosi.<\/p>\n<p>Dotato di connettore eDP, questo schermo \u00e8 facile da installare e si adatta perfettamente al tuo laptop. Che tu stia sostituendo uno schermo danneggiato o aggiornandolo per una migliore visualizzazione, questo nuovo schermo LCD dar\u00e0 nuova vita al tuo dispositivo. Migliora la tua esperienza di elaborazione con immagini pi\u00f9 nitide, colori pi\u00f9 ricchi e un elegante display opaco, perfetto sia per il lavoro che per l\u2019intrattenimento.<\/p>\n<p><strong>Caratteristiche:<\/strong><\/p>\n<ul>\n<li><strong>Dimensioni:<\/strong> 14 pollici<\/li>\n<li><strong>Risoluzione:<\/strong> Full HD (1920\u00d71080)<\/li>\n<li><strong>Tipo di pannello:<\/strong> IPS per ampi angoli di visione<\/li>\n<li><strong>Finitura:<\/strong> Opaca per ridurre i riflessi<\/li>\n<li><strong>Connettore:<\/strong> eDP \/ 30 pin<\/li>\n<li><strong>Condizioni:<\/strong> Nuovo di zecca<\/li>\n<\/ul>\n<p>Ideale per chiunque abbia bisogno di un sostituto dello schermo affidabile e ad alte prestazioni, questo pannello LCD garantisce immagini nitide e vivide senza compromessi.<\/p>\n","protected":false},"excerpt":{"rendered":"<p>Aggiorna il tuo laptop con il nostro schermo IPS FHD da 14 pollici premium, compatibile con i modelli B140HAN01.1, B140HAN01.2 e B140HAN01.3. Caratterizzato da una finitura opaca che riduce i riflessi, questo schermo offre immagini straordinarie con una nitidezza eccezionale e colori vivaci. Perfetto per una sostituzione o un aggiornamento senza problemi, \u00e8 nuovo di zecca e pronto a migliorare l&#8217;esperienza del tuo laptop.<\/p>\n","protected":false},"featured_media":18932,"template":"","meta":[],"product_brand":[],"product_cat":[60,63],"product_tag":[],"class_list":{"0":"post-18909","1":"product","2":"type-product","3":"status-publish","4":"has-post-thumbnail","6":"product_cat-new-laptop-screens-lcd-panels","7":"product_cat-14-new-laptop-screens-lcd-panels","9":"first","10":"instock","11":"taxable","12":"shipping-taxable","13":"purchasable","14":"product-type-simple"},"_links":{"self":[{"href":"https:\/\/boreait.com\/it\/wp-json\/wp\/v2\/product\/18909","targetHints":{"allow":["GET"]}}],"collection":[{"href":"https:\/\/boreait.com\/it\/wp-json\/wp\/v2\/product"}],"about":[{"href":"https:\/\/boreait.com\/it\/wp-json\/wp\/v2\/types\/product"}],"wp:featuredmedia":[{"embeddable":true,"href":"https:\/\/boreait.com\/it\/wp-json\/wp\/v2\/media\/18932"}],"wp:attachment":[{"href":"https:\/\/boreait.com\/it\/wp-json\/wp\/v2\/media?parent=18909"}],"wp:term":[{"taxonomy":"product_brand","embeddable":true,"href":"https:\/\/boreait.com\/it\/wp-json\/wp\/v2\/product_brand?post=18909"},{"taxonomy":"product_cat","embeddable":true,"href":"https:\/\/boreait.com\/it\/wp-json\/wp\/v2\/product_cat?post=18909"},{"taxonomy":"product_tag","embeddable":true,"href":"https:\/\/boreait.com\/it\/wp-json\/wp\/v2\/product_tag?post=18909"}],"curies":[{"name":"wp","href":"https:\/\/api.w.org\/{rel}","templated":true}]}}