{"id":18902,"date":"2025-07-25T13:07:56","date_gmt":"2025-07-25T13:07:56","guid":{"rendered":"https:\/\/boreait.com\/it\/?post_type=product&#038;p=18902"},"modified":"2025-07-25T13:08:02","modified_gmt":"2025-07-25T13:08:02","slug":"schermo-opaco-ips-fhd-da-173-per-asus-g752vs-xb72k-nuovo-lcd-edp-a-30-pin","status":"publish","type":"product","link":"https:\/\/boreait.com\/it\/product\/schermo-opaco-ips-fhd-da-173-per-asus-g752vs-xb72k-nuovo-lcd-edp-a-30-pin\/","title":{"rendered":"Schermo opaco IPS FHD da 17,3&#8243; per ASUS G752VS-XB72K &#8211; Nuovo LCD eDP a 30 pin"},"content":{"rendered":"<p><strong>Modello schermo effettivo: N173HCE-E31 Rev. C2 \/ NV173FHM-N41 v8.0 \u2013 completamente compatibile con il laptop ASUS G752VS-XB72K<\/strong><\/p>\n<p>Aggiorna il tuo laptop ASUS G752VS-XB72K con questo schermo LCD IPS Full HD da 17,3\u2033 di alta qualit\u00e0. Progettato per offrire immagini cristalline, questo schermo vanta una straordinaria risoluzione di 1920\u00d71080 che garantisce dettagli nitidi e colori vivaci. La finitura opaca riduce al minimo i riflessi, rendendolo perfetto per l\u2019uso in diverse condizioni di illuminazione, sia per giocare, lavorare o guardare video.<\/p>\n<p>Lo schermo \u00e8 dotato di un connettore eDP a 30 pin, che garantisce una compatibilit\u00e0 perfetta e una facile installazione. Progettato con tecnologia IPS, offre ampi angoli di visione, cos\u00ec puoi godere di colori e nitidezza uniformi da quasi ogni prospettiva. Questo schermo \u00e8 nuovo di zecca e realizzato per soddisfare i pi\u00f9 elevati standard di qualit\u00e0, offrendo un aggiornamento affidabile e duraturo. per il tuo laptop.<\/p>\n<p><strong>Caratteristiche:<\/strong><\/p>\n<ul>\n<li><strong>Compatibilit\u00e0:<\/strong> Progettato specificamente per ASUS G752VS-XB72K<\/li>\n<li><strong>Dimensioni schermo:<\/strong> 17,3 pollici<\/li>\n<li><strong>Risoluzione:<\/strong> Full HD 1920\u00d71080<\/li>\n<li><strong>Tipo di pannello:<\/strong> IPS per ampi angoli di visione<\/li>\n<li><strong>Superficie:<\/strong> Finitura opaca per ridurre i riflessi<\/li>\n<li><strong>Connettore:<\/strong> eDP a 30 pin<\/li>\n<li><strong>Condizioni:<\/strong> Ricambio nuovo di zecca, di alta qualit\u00e0<\/li>\n<\/ul>\n<p>Aggiorna il display del tuo laptop con questo schermo LCD ad alte prestazioni e goditi immagini migliorate che ti offrono Dai vita ai contenuti digitali. Che tu sia un gamer, un designer o un professionista, questo schermo offre la nitidezza e le prestazioni di cui hai bisogno.<\/p>\n","protected":false},"excerpt":{"rendered":"<p>Migliora il tuo ASUS G752VS-XB72K con un nuovo schermo IPS opaco FHD da 17,3&#8243;. Questo LCD sostitutivo offre colori vivaci, ampi angoli di visione e una finitura opaca antiriflesso. Facile da installare grazie al connettore eDP a 30 pin, \u00e8 l&#8217;aggiornamento perfetto per una grafica migliore.<\/p>\n","protected":false},"featured_media":18895,"template":"","meta":[],"product_brand":[],"product_cat":[61,60],"product_tag":[31],"class_list":{"0":"post-18902","1":"product","2":"type-product","3":"status-publish","4":"has-post-thumbnail","6":"product_cat-17-3","7":"product_cat-new-laptop-screens-lcd-panels","8":"product_tag-asus","10":"first","11":"instock","12":"taxable","13":"shipping-taxable","14":"purchasable","15":"product-type-simple"},"_links":{"self":[{"href":"https:\/\/boreait.com\/it\/wp-json\/wp\/v2\/product\/18902","targetHints":{"allow":["GET"]}}],"collection":[{"href":"https:\/\/boreait.com\/it\/wp-json\/wp\/v2\/product"}],"about":[{"href":"https:\/\/boreait.com\/it\/wp-json\/wp\/v2\/types\/product"}],"wp:featuredmedia":[{"embeddable":true,"href":"https:\/\/boreait.com\/it\/wp-json\/wp\/v2\/media\/18895"}],"wp:attachment":[{"href":"https:\/\/boreait.com\/it\/wp-json\/wp\/v2\/media?parent=18902"}],"wp:term":[{"taxonomy":"product_brand","embeddable":true,"href":"https:\/\/boreait.com\/it\/wp-json\/wp\/v2\/product_brand?post=18902"},{"taxonomy":"product_cat","embeddable":true,"href":"https:\/\/boreait.com\/it\/wp-json\/wp\/v2\/product_cat?post=18902"},{"taxonomy":"product_tag","embeddable":true,"href":"https:\/\/boreait.com\/it\/wp-json\/wp\/v2\/product_tag?post=18902"}],"curies":[{"name":"wp","href":"https:\/\/api.w.org\/{rel}","templated":true}]}}