{"id":18901,"date":"2025-07-25T13:07:56","date_gmt":"2025-07-25T13:07:56","guid":{"rendered":"https:\/\/boreait.com\/it\/?post_type=product&#038;p=18901"},"modified":"2026-02-17T13:22:49","modified_gmt":"2026-02-17T13:22:49","slug":"schermo-per-laptop-dell-inspiron-17-5770-da-173-fhd-ips-opaco-30-pin-nuovo","status":"publish","type":"product","link":"https:\/\/boreait.com\/it\/product\/schermo-per-laptop-dell-inspiron-17-5770-da-173-fhd-ips-opaco-30-pin-nuovo\/","title":{"rendered":"Schermo per laptop Dell Inspiron 17 5770 da 17,3&#8243; FHD IPS opaco, 30 pin, nuovo"},"content":{"rendered":"<p><strong>Modello schermo effettivo: N173HCE-E31 Rev. C2 \/ NV173FHM-N41 v8.0 \u2013 completamente compatibile con il laptop <span data-sheets-root=\"1\" data-sheets-value=\"{&quot;1&quot;:2,&quot;2&quot;:&quot;DELL INSPIRON 17 5770&quot;}\" data-sheets-userformat=\"{&quot;2&quot;:513,&quot;3&quot;:{&quot;1&quot;:0},&quot;12&quot;:0}\">DELL INSPIRON 17 5770<\/span><\/strong><\/p>\n<p>Migliora la tua esperienza di elaborazione con questo nuovissimo schermo LCD IPS Full HD da 17,3\u2033, progettato specificamente per il Dell Inspiron 17 5770. Goditi immagini cristalline e colori fedeli con la risoluzione Full HD, che lo rende perfetto per qualsiasi attivit\u00e0, dalla produttivit\u00e0 per lo streaming dei tuoi programmi preferiti. La tecnologia IPS garantisce ampi angoli di visione, per una qualit\u00e0 dell\u2019immagine costante da qualsiasi prospettiva.<\/p>\n<p><strong>Caratteristiche principali:<\/strong><\/p>\n<ul>\n<li><strong>Dimensioni e risoluzione:<\/strong> 17,3 pollici con risoluzione Full HD (1920 x 1080) per immagini nitide e vivaci.<\/li>\n<li><strong>Tecnologia di visualizzazione:<\/strong> la tecnologia IPS (In-Plane Switching) offre una precisione cromatica superiore e angoli di visione pi\u00f9 ampi.<\/li>\n<li><strong>Finitura opaca:<\/strong> la finitura opaca antiriflesso riduce i riflessi e l\u2019affaticamento degli occhi, offrendo un\u2019esperienza visiva confortevole in qualsiasi condizione di illuminazione.<\/li>\n<li><strong>Connettore:<\/strong> dotato di un connettore eDP a 30 pin, che garantisce una facile compatibilit\u00e0 con il tuo laptop Dell Inspiron 17 5770.<\/li>\n<li><strong>Condizioni:<\/strong> Nuovo di zecca, di alta qualit\u00e0 Schermo per sostituire il display esistente.<\/li>\n<\/ul>\n<p><strong>Installazione semplice:<\/strong><\/p>\n<p>Questo schermo LCD \u00e8 semplice da installare, con un design che rispecchia le specifiche originali del tuo Dell Inspiron 17 5770. Che tu stia sostituendo uno schermo danneggiato o aggiornandolo per migliorare il tuo display, questo schermo garantisce un\u2019installazione senza problemi.<\/p>\n<p><strong>Perch\u00e9 scegliere i nostri schermi?<\/strong><\/p>\n<p>Ci impegniamo a fornire ricambi di alta qualit\u00e0 che soddisfano o superano gli standard OEM. Ogni schermo \u00e8 rigorosamente testato per garantire affidabilit\u00e0 e prestazioni, offrendoti la massima tranquillit\u00e0 al momento dell\u2019acquisto.<\/p>\n<p>Aggiorna oggi stesso il display del tuo laptop con questo schermo LCD premium da 17,3\u2033 per Dell Inspiron 17 5770 e scopri la differenza in termini di nitidezza e prestazioni.<\/p>\n","protected":false},"excerpt":{"rendered":"<p>Aggiorna il tuo Dell Inspiron 17 5770 con questo schermo per laptop IPS opaco Full HD da 17,3&#8243;. Dotato di connettore eDP a 30 pin, questo schermo offre una nitidezza straordinaria e un&#8217;esperienza visiva senza riflessi, perfetta per il lavoro o l&#8217;intrattenimento. Nuovo di zecca e facile da installare, \u00e8 la soluzione ideale per sostituire lo schermo del tuo laptop e goderti immagini vivide.<\/p>\n","protected":false},"featured_media":18895,"template":"","meta":[],"product_brand":[],"product_cat":[61,60],"product_tag":[18],"class_list":{"0":"post-18901","1":"product","2":"type-product","3":"status-publish","4":"has-post-thumbnail","6":"product_cat-17-3","7":"product_cat-new-laptop-screens-lcd-panels","8":"product_tag-dell","10":"first","11":"instock","12":"taxable","13":"shipping-taxable","14":"purchasable","15":"product-type-simple"},"_links":{"self":[{"href":"https:\/\/boreait.com\/it\/wp-json\/wp\/v2\/product\/18901","targetHints":{"allow":["GET"]}}],"collection":[{"href":"https:\/\/boreait.com\/it\/wp-json\/wp\/v2\/product"}],"about":[{"href":"https:\/\/boreait.com\/it\/wp-json\/wp\/v2\/types\/product"}],"wp:featuredmedia":[{"embeddable":true,"href":"https:\/\/boreait.com\/it\/wp-json\/wp\/v2\/media\/18895"}],"wp:attachment":[{"href":"https:\/\/boreait.com\/it\/wp-json\/wp\/v2\/media?parent=18901"}],"wp:term":[{"taxonomy":"product_brand","embeddable":true,"href":"https:\/\/boreait.com\/it\/wp-json\/wp\/v2\/product_brand?post=18901"},{"taxonomy":"product_cat","embeddable":true,"href":"https:\/\/boreait.com\/it\/wp-json\/wp\/v2\/product_cat?post=18901"},{"taxonomy":"product_tag","embeddable":true,"href":"https:\/\/boreait.com\/it\/wp-json\/wp\/v2\/product_tag?post=18901"}],"curies":[{"name":"wp","href":"https:\/\/api.w.org\/{rel}","templated":true}]}}