{"id":18887,"date":"2025-07-25T13:07:39","date_gmt":"2025-07-25T13:07:39","guid":{"rendered":"https:\/\/boreait.com\/it\/?post_type=product&#038;p=18887"},"modified":"2025-07-25T13:07:52","modified_gmt":"2025-07-25T13:07:52","slug":"schermo-per-laptop-opaco-ips-fhd-da-173-ltn173hl01-edp-a-30-pin-nuovo","status":"publish","type":"product","link":"https:\/\/boreait.com\/it\/product\/schermo-per-laptop-opaco-ips-fhd-da-173-ltn173hl01-edp-a-30-pin-nuovo\/","title":{"rendered":"Schermo per laptop opaco IPS FHD da 17,3&#8243; LTN173HL01, eDP a 30 pin, nuovo"},"content":{"rendered":"<p><strong>Modello schermo effettivo: N173HCE-E31 Rev. C2 \/ NV173FHM-N41 v8.0 \u2013 completamente compatibile con LTN173HL01<\/strong><\/p>\n<p>Migliora il display del tuo laptop con lo schermo per laptop opaco IPS FHD da 17,3\u2033 LTN173HL01. Questo schermo sostitutivo di alta qualit\u00e0 \u00e8 progettato per offrire immagini straordinarie grazie alla risoluzione Full HD (1920\u00d71080) e alla tecnologia IPS, che garantiscono colori vivaci e ampi angoli di visione.<\/p>\n<p>Caratteristiche principali:<\/p>\n<ul>\n<li><strong>Risoluzione Full HD:<\/strong> Scopri immagini nitide e dettagliate con la risoluzione 1920\u00d71080, perfetta per applicazioni multimediali, di gioco e professionali.<\/li>\n<li><strong>Tecnologia IPS:<\/strong> Goditi colori uniformi e precisi da qualsiasi angolazione, con luminosit\u00e0 e contrasto migliorati per un\u2019esperienza visiva superiore.<\/li>\n<li><strong>Finitura opaca:<\/strong> la finitura opaca antiriflesso riduce i riflessi e l\u2019affaticamento degli occhi, offrendo una visione confortevole anche in ambienti luminosi.<\/li>\n<li><strong>Connettore eDP a 30 pin:<\/strong> compatibile con un\u2019ampia gamma di laptop che utilizzano l\u2019interfaccia eDP a 30 pin per una facile installazione.<\/li>\n<li><strong>Struttura resistente:<\/strong> realizzato con materiali di alta qualit\u00e0, questo schermo \u00e8 progettato per prestazioni e affidabilit\u00e0 di lunga durata.<\/li>\n<\/ul>\n<p>Che tu stia sostituendo uno schermo danneggiato o aggiornandolo per prestazioni migliori, LTN173HL01 \u00e8 una scelta eccellente per migliorare la qualit\u00e0 di visualizzazione del tuo laptop. Goditi un processo di installazione semplice e trasforma il tuo laptop in un concentrato di eccellenza visiva.<\/p>\n","protected":false},"excerpt":{"rendered":"<p>Aggiorna il display del tuo laptop con lo schermo opaco IPS FHD LTN173HL01 da 17,3&#8243;. Questo schermo sostitutivo ad alta risoluzione offre colori vivaci e una nitidezza nitida, perfetti per migliorare la tua esperienza visiva. Compatibile con i laptop dotati di connettore eDP a 30 pin, offre una finitura elegante e antiriflesso per ridurre l&#8217;affaticamento degli occhi.<\/p>\n","protected":false},"featured_media":18895,"template":"","meta":[],"product_brand":[],"product_cat":[61,60],"product_tag":[],"class_list":{"0":"post-18887","1":"product","2":"type-product","3":"status-publish","4":"has-post-thumbnail","6":"product_cat-17-3","7":"product_cat-new-laptop-screens-lcd-panels","9":"first","10":"instock","11":"taxable","12":"shipping-taxable","13":"purchasable","14":"product-type-simple"},"_links":{"self":[{"href":"https:\/\/boreait.com\/it\/wp-json\/wp\/v2\/product\/18887","targetHints":{"allow":["GET"]}}],"collection":[{"href":"https:\/\/boreait.com\/it\/wp-json\/wp\/v2\/product"}],"about":[{"href":"https:\/\/boreait.com\/it\/wp-json\/wp\/v2\/types\/product"}],"wp:featuredmedia":[{"embeddable":true,"href":"https:\/\/boreait.com\/it\/wp-json\/wp\/v2\/media\/18895"}],"wp:attachment":[{"href":"https:\/\/boreait.com\/it\/wp-json\/wp\/v2\/media?parent=18887"}],"wp:term":[{"taxonomy":"product_brand","embeddable":true,"href":"https:\/\/boreait.com\/it\/wp-json\/wp\/v2\/product_brand?post=18887"},{"taxonomy":"product_cat","embeddable":true,"href":"https:\/\/boreait.com\/it\/wp-json\/wp\/v2\/product_cat?post=18887"},{"taxonomy":"product_tag","embeddable":true,"href":"https:\/\/boreait.com\/it\/wp-json\/wp\/v2\/product_tag?post=18887"}],"curies":[{"name":"wp","href":"https:\/\/api.w.org\/{rel}","templated":true}]}}