{"id":18864,"date":"2025-07-25T13:07:14","date_gmt":"2025-07-25T13:07:14","guid":{"rendered":"https:\/\/boreait.com\/it\/?post_type=product&#038;p=18864"},"modified":"2025-10-15T12:03:34","modified_gmt":"2025-10-15T12:03:34","slug":"nuovo-schermo-per-laptop-opaco-ips-fhd-da-156-con-edp-a-30-pin-mb156cs01-8","status":"publish","type":"product","link":"https:\/\/boreait.com\/it\/product\/nuovo-schermo-per-laptop-opaco-ips-fhd-da-156-con-edp-a-30-pin-mb156cs01-8\/","title":{"rendered":"NUOVO schermo per laptop opaco IPS FHD da 15,6&#8243; con eDP a 30 pin &#8211; MB156CS01-8"},"content":{"rendered":"<p><strong>Modello schermo LCD effettivo: B156ZAN03.6 o N156HCA-EAB Rev C.4 \u2013 completamente compatibile con <span data-sheets-root=\"1\" data-sheets-value=\"{&quot;1&quot;:2,&quot;2&quot;:&quot;MB156CS01-8&quot;}\" data-sheets-userformat=\"{&quot;2&quot;:513,&quot;3&quot;:{&quot;1&quot;:0},&quot;12&quot;:0}\">MB156CS01-8<\/span><\/strong><\/p>\n<p><strong>Schermo per laptop IPS FHD da 15,6\u2033 MB156CS01-8<\/strong><\/p>\n<p>Trasforma l\u2019esperienza visiva del tuo laptop con lo schermo LCD <strong>MB156CS01-8<\/strong>. Progettato per offrire nitidezza e colori straordinari, questo Il display Full HD da 15,6 pollici offre una risoluzione di 1920 x 1080, rendendolo perfetto per qualsiasi attivit\u00e0, dalla navigazione e dal lavoro d\u2019ufficio all\u2019editing video e al gaming. La tecnologia IPS (In-Plane Switching) garantisce un\u2019eccezionale accuratezza del colore e una luminosit\u00e0 uniforme, con ampi angoli di visione che mantengono la qualit\u00e0 da qualsiasi prospettiva.<\/p>\n<p>Lo schermo presenta una finitura opaca che riduce efficacemente i riflessi, offrendo un\u2019esperienza visiva confortevole in qualsiasi ambiente di illuminazione. Che ci si trovi in un ufficio luminoso o in una stanza scarsamente illuminata, il rivestimento antiriflesso aiuta a ridurre al minimo i riflessi, riducendo l\u2019affaticamento degli occhi e migliorando il comfort visivo.<\/p>\n<h4>Caratteristiche principali:<\/h4>\n<ul>\n<li><strong>Risoluzione Full HD:<\/strong> Goditi i dettagli ad alta definizione con una risoluzione di 1920 x 1080 che d\u00e0 vita a immagini e video con una nitidezza vibrante.<\/li>\n<li><strong>Tecnologia IPS:<\/strong> Ottieni colori uniformi e immagini nitide su un\u2019ampia area di visualizzazione di 178 gradi angolazione, garantendo un aspetto ottimale dello schermo da qualsiasi angolazione.<\/li>\n<li><strong>Finitura opaca:<\/strong> la superficie antiriflesso riduce al minimo i riflessi, rendendo meno affaticati gli occhi durante lunghe ore di utilizzo e in ambienti molto illuminati.<\/li>\n<li><strong>Connettore eDP a 30 pin:<\/strong> questo schermo \u00e8 dotato di un connettore Embedded DisplayPort (eDP) a 30 pin, che garantisce un\u2019ampia compatibilit\u00e0 con vari modelli di laptop e un\u2019installazione semplice.<\/li>\n<li><strong>Installazione semplice:<\/strong> include strisce biadesive per una configurazione senza problemi.<\/li>\n<\/ul>\n<p>Lo schermo LCD <strong>MB156CS01-8<\/strong> \u00e8 una scelta fantastica per chiunque desideri sostituire uno schermo danneggiato o aggiornare il display del proprio laptop. Con la sua straordinaria qualit\u00e0 dell\u2019immagine e la semplicit\u00e0 di installazione, questo schermo \u00e8 progettato per migliorare la tua esperienza di utilizzo. Assicurati di verificare la compatibilit\u00e0 con il modello del tuo laptop per quanto riguarda il tipo di connettore, le dimensioni dello schermo e la risoluzione prima dell\u2019acquisto.<\/p>\n","protected":false},"excerpt":{"rendered":"<p>Aggiorna il tuo laptop con lo schermo IPS Full HD da 15,6&#8243; <strong>MB156CS01-8<\/strong>. Goditi colori vividi e una qualit\u00e0 dell&#8217;immagine uniforme grazie alla tecnologia IPS e alla finitura opaca che riduce i riflessi. Dotato di connettore eDP a 30 pin e strisce biadesive per una facile installazione. Verifica la compatibilit\u00e0 con il tuo modello di laptop prima dell&#8217;acquisto.<\/p>\n","protected":false},"featured_media":18877,"template":"","meta":[],"product_brand":[],"product_cat":[69,60],"product_tag":[],"class_list":{"0":"post-18864","1":"product","2":"type-product","3":"status-publish","4":"has-post-thumbnail","6":"product_cat-15-6-new-laptop-screens-lcd-panels","7":"product_cat-new-laptop-screens-lcd-panels","9":"first","10":"instock","11":"taxable","12":"shipping-taxable","13":"purchasable","14":"product-type-simple"},"_links":{"self":[{"href":"https:\/\/boreait.com\/it\/wp-json\/wp\/v2\/product\/18864","targetHints":{"allow":["GET"]}}],"collection":[{"href":"https:\/\/boreait.com\/it\/wp-json\/wp\/v2\/product"}],"about":[{"href":"https:\/\/boreait.com\/it\/wp-json\/wp\/v2\/types\/product"}],"wp:featuredmedia":[{"embeddable":true,"href":"https:\/\/boreait.com\/it\/wp-json\/wp\/v2\/media\/18877"}],"wp:attachment":[{"href":"https:\/\/boreait.com\/it\/wp-json\/wp\/v2\/media?parent=18864"}],"wp:term":[{"taxonomy":"product_brand","embeddable":true,"href":"https:\/\/boreait.com\/it\/wp-json\/wp\/v2\/product_brand?post=18864"},{"taxonomy":"product_cat","embeddable":true,"href":"https:\/\/boreait.com\/it\/wp-json\/wp\/v2\/product_cat?post=18864"},{"taxonomy":"product_tag","embeddable":true,"href":"https:\/\/boreait.com\/it\/wp-json\/wp\/v2\/product_tag?post=18864"}],"curies":[{"name":"wp","href":"https:\/\/api.w.org\/{rel}","templated":true}]}}