{"id":18605,"date":"2025-07-25T13:00:00","date_gmt":"2025-07-25T13:00:00","guid":{"rendered":"https:\/\/boreait.com\/it\/?post_type=product&#038;p=18605"},"modified":"2025-07-25T13:02:42","modified_gmt":"2025-07-25T13:02:42","slug":"tastiera-per-laptop-asus-k52j-tastiera-sostitutiva-originale-tastiera-di-alta-qualita-per-asus-k52j","status":"publish","type":"product","link":"https:\/\/boreait.com\/it\/product\/tastiera-per-laptop-asus-k52j-tastiera-sostitutiva-originale-tastiera-di-alta-qualita-per-asus-k52j\/","title":{"rendered":"Tastiera per laptop Asus K52J \u2013 Tastiera sostitutiva originale | Tastiera di alta qualit\u00e0 per Asus K52J"},"content":{"rendered":"<p>Tastiera per laptop Asus K52J<\/p>\n<p>Ravviva il tuo laptop Asus K52J con questa tastiera sostitutiva originale. Ideale per sostituire una tastiera danneggiata o non funzionante, questo componente di alta qualit\u00e0 garantisce una perfetta aderenza e ripristina la funzionalit\u00e0 di digitazione del tuo laptop allo standard originale.<\/p>\n<p>**Caratteristiche del prodotto:**<br \/>\n\u2013 **Compatibilit\u00e0:** Progettata specificamente per il modello di laptop Asus K52J.<\/p>\n<p>\u2013 **Qualit\u00e0:** Ricambio originale Asus per garantire prestazioni affidabili e durata.<\/p>\n<p>\u2013 **Condizioni:** Usata come nuova, con foto reali fornite per mostrare la tastiera esatta che riceverai.<\/p>\n<p>\u2013 **Layout:** Layout nordico \u2013 compatibile anche con altri paesi\/lingue\/layout. <\/p>\n<p>**Perch\u00e9 scegliere questa tastiera?**<\/p>\n<p>\u2013 **Ripristina la funzionalit\u00e0 di digitazione:** Perfetta per risolvere i problemi causati da tastiere difettose o usurate.<\/p>\n<p>\u2013 **Sostituzione perfetta:** Facile da installare senza bisogno di modifiche; goditi una digitazione fluida una volta installata.<\/p>\n<p>\u2013 **Spedizione globale:** Disponibile per l\u2019acquisto e la consegna in tutto il mondo, con particolare attenzione all\u2019Europa.<\/p>\n<p>Si prega di notare che le istruzioni di installazione non sono incluse. Se hai bisogno di assistenza con l\u2019installazione, non esitare a contattarci per ulteriore supporto. Il nostro team dedicato \u00e8 a tua disposizione per aiutarti a garantire una sostituzione senza intoppi.<\/p>\n<p>**Importante:** Le foto in questo annuncio mostrano la tastiera esatta che riceverai. Ogni componente viene ispezionato per verificarne la qualit\u00e0, al fine di garantire la tua completa soddisfazione.<\/p>\n","protected":false},"excerpt":{"rendered":"<p>Tastiera per laptop Asus K52J \u2013 Ricambio originale. Sostituisci la tua tastiera difettosa o usurata con questa tastiera originale Asus K52J di alta qualit\u00e0. Progettata per una vestibilit\u00e0 perfetta e una funzionalit\u00e0 impeccabile, ripristina le prestazioni di digitazione del tuo laptop allo standard originale.<\/p>\n","protected":false},"featured_media":18674,"template":"","meta":[],"product_brand":[],"product_cat":[36],"product_tag":[31],"class_list":{"0":"post-18605","1":"product","2":"type-product","3":"status-publish","4":"has-post-thumbnail","6":"product_cat-laptop-keyboard","7":"product_tag-asus","9":"first","10":"instock","11":"taxable","12":"shipping-taxable","13":"purchasable","14":"product-type-simple"},"_links":{"self":[{"href":"https:\/\/boreait.com\/it\/wp-json\/wp\/v2\/product\/18605","targetHints":{"allow":["GET"]}}],"collection":[{"href":"https:\/\/boreait.com\/it\/wp-json\/wp\/v2\/product"}],"about":[{"href":"https:\/\/boreait.com\/it\/wp-json\/wp\/v2\/types\/product"}],"wp:featuredmedia":[{"embeddable":true,"href":"https:\/\/boreait.com\/it\/wp-json\/wp\/v2\/media\/18674"}],"wp:attachment":[{"href":"https:\/\/boreait.com\/it\/wp-json\/wp\/v2\/media?parent=18605"}],"wp:term":[{"taxonomy":"product_brand","embeddable":true,"href":"https:\/\/boreait.com\/it\/wp-json\/wp\/v2\/product_brand?post=18605"},{"taxonomy":"product_cat","embeddable":true,"href":"https:\/\/boreait.com\/it\/wp-json\/wp\/v2\/product_cat?post=18605"},{"taxonomy":"product_tag","embeddable":true,"href":"https:\/\/boreait.com\/it\/wp-json\/wp\/v2\/product_tag?post=18605"}],"curies":[{"name":"wp","href":"https:\/\/api.w.org\/{rel}","templated":true}]}}