{"id":18573,"date":"2025-07-25T12:59:14","date_gmt":"2025-07-25T12:59:14","guid":{"rendered":"https:\/\/boreait.com\/it\/?post_type=product&#038;p=18573"},"modified":"2026-02-04T07:57:54","modified_gmt":"2026-02-04T07:57:54","slug":"memoria-per-laptop-sk-hynix-pc3l-12800s-ddr3l-4gb-hmt451s6afr8a-pb-1rx8-ram","status":"publish","type":"product","link":"https:\/\/boreait.com\/it\/product\/memoria-per-laptop-sk-hynix-pc3l-12800s-ddr3l-4gb-hmt451s6afr8a-pb-1rx8-ram\/","title":{"rendered":"Memoria per laptop SK Hynix PC3L-12800S DDR3L 4GB HMT451S6AFR8A-PB 1Rx8 RAM"},"content":{"rendered":"<p>Migliora le prestazioni del tuo laptop con questa RAM DDR3L SK Hynix PC3L-12800S da 4 GB di alta qualit\u00e0. Aumenta la velocit\u00e0 e le capacit\u00e0 multitasking del tuo dispositivo senza sforzo con questo affidabile modulo di memoria 1Rx8. L\u2019HMT451S6AFR8A-PB garantisce un funzionamento impeccabile e una maggiore efficienza per le tue esigenze di elaborazione quotidiane.<\/p>\n<p>Dimentica prestazioni lente e tempi di caricamento infiniti: questa RAM \u00e8 la soluzione perfetta per un\u2019esperienza utente pi\u00f9 fluida e reattiva. Che tu sia uno studente, un professionista o un videogiocatore, questo upgrade di memoria porter\u00e0 la tua produttivit\u00e0 e il tuo intrattenimento a un livello superiore.<\/p>\n<p>Forniamo foto reali del prodotto in modo che tu sappia esattamente cosa stai ricevendo. Tieni presente che non forniamo istruzioni per la sostituzione dei componenti. Tuttavia, per qualsiasi domanda o per assistenza sulla compatibilit\u00e0 o sul processo di installazione, non esitare a contattarci. Aggiorna subito il tuo laptop con questa RAM DDR3L SK Hynix di alta qualit\u00e0 e goditi un\u2019esperienza di elaborazione pi\u00f9 veloce ed efficiente.<\/p>\n","protected":false},"excerpt":{"rendered":"<p>Migliora le prestazioni del tuo laptop con questa memoria SK Hynix DDR3L da 4 GB di alta qualit\u00e0. Aumenta velocit\u00e0 ed efficienza per un multitasking fluido. Prodotto autentico presentato in foto reali. Hai bisogno di assistenza post-acquisto? Contattami per ricevere supporto da un esperto. Migliora la tua esperienza informatica oggi stesso!<\/p>\n","protected":false},"featured_media":18641,"template":"","meta":[],"product_brand":[],"product_cat":[38,37],"product_tag":[57],"class_list":{"0":"post-18573","1":"product","2":"type-product","3":"status-publish","4":"has-post-thumbnail","6":"product_cat-ddr3-ddr3l","7":"product_cat-ram-memory","8":"product_tag-hynix","10":"first","11":"instock","12":"taxable","13":"shipping-taxable","14":"purchasable","15":"product-type-simple"},"_links":{"self":[{"href":"https:\/\/boreait.com\/it\/wp-json\/wp\/v2\/product\/18573","targetHints":{"allow":["GET"]}}],"collection":[{"href":"https:\/\/boreait.com\/it\/wp-json\/wp\/v2\/product"}],"about":[{"href":"https:\/\/boreait.com\/it\/wp-json\/wp\/v2\/types\/product"}],"wp:featuredmedia":[{"embeddable":true,"href":"https:\/\/boreait.com\/it\/wp-json\/wp\/v2\/media\/18641"}],"wp:attachment":[{"href":"https:\/\/boreait.com\/it\/wp-json\/wp\/v2\/media?parent=18573"}],"wp:term":[{"taxonomy":"product_brand","embeddable":true,"href":"https:\/\/boreait.com\/it\/wp-json\/wp\/v2\/product_brand?post=18573"},{"taxonomy":"product_cat","embeddable":true,"href":"https:\/\/boreait.com\/it\/wp-json\/wp\/v2\/product_cat?post=18573"},{"taxonomy":"product_tag","embeddable":true,"href":"https:\/\/boreait.com\/it\/wp-json\/wp\/v2\/product_tag?post=18573"}],"curies":[{"name":"wp","href":"https:\/\/api.w.org\/{rel}","templated":true}]}}