{"id":18552,"date":"2025-07-25T12:58:48","date_gmt":"2025-07-25T12:58:48","guid":{"rendered":"https:\/\/boreait.com\/it\/?post_type=product&#038;p=18552"},"modified":"2026-02-04T07:55:13","modified_gmt":"2026-02-04T07:55:13","slug":"scheda-pulsante-di-accensione-da0fh5pi6e0-con-cavo-per-fujitsu-lifebook-a512-ah512-a531-ah531","status":"publish","type":"product","link":"https:\/\/boreait.com\/it\/product\/scheda-pulsante-di-accensione-da0fh5pi6e0-con-cavo-per-fujitsu-lifebook-a512-ah512-a531-ah531\/","title":{"rendered":"Scheda pulsante di accensione DA0FH5PI6E0 con cavo per Fujitsu LifeBook A512 AH512 A531 AH531"},"content":{"rendered":"<p>Rivitalizza il tuo Fujitsu LifeBook A512 AH512 A531 AH531 con questa scheda di alimentazione premium. Progettata alla perfezione, questa scheda \u00e8 dotata di un cavo per una facile installazione, garantendo un funzionamento impeccabile. Sostituisci la tua vecchia o difettosa scheda con il codice DA0FH5PI6E0 e scopri un funzionamento del pulsante di accensione fluido come mai prima d\u2019ora. Realizzata con materiali di alta qualit\u00e0, questa scheda garantisce durata e prestazioni durature. Di\u2019 addio ai problemi con il pulsante di accensione e dai il benvenuto a un\u2019usabilit\u00e0 senza problemi con questa scheda sostitutiva di alta qualit\u00e0. Aggiorna il tuo laptop senza sforzo e goditi la comodit\u00e0 di un pulsante di accensione completamente funzionante. Affidati a questa scheda di alimentazione per ripristinare il controllo di alimentazione di cui hai bisogno per migliorare la tua esperienza di elaborazione.<\/p>\n","protected":false},"excerpt":{"rendered":"<p>Ridona vita al tuo Fujitsu LifeBook A512 AH512 A531 AH531 con questa scheda pulsante di accensione. Progettata con precisione e dotata di cavo, questa scheda (codice articolo: DA0FH5PI6E0) garantisce un funzionamento impeccabile del pulsante di accensione del tuo dispositivo. Di&#8217; addio ai problemi di alimentazione e dai il benvenuto a prestazioni ininterrotte.<\/p>\n","protected":false},"featured_media":18612,"template":"","meta":[],"product_brand":[],"product_cat":[28],"product_tag":[29],"class_list":{"0":"post-18552","1":"product","2":"type-product","3":"status-publish","4":"has-post-thumbnail","6":"product_cat-motherboards-board-parts","7":"product_tag-fujitsu","9":"first","10":"instock","11":"taxable","12":"shipping-taxable","13":"purchasable","14":"product-type-simple"},"_links":{"self":[{"href":"https:\/\/boreait.com\/it\/wp-json\/wp\/v2\/product\/18552","targetHints":{"allow":["GET"]}}],"collection":[{"href":"https:\/\/boreait.com\/it\/wp-json\/wp\/v2\/product"}],"about":[{"href":"https:\/\/boreait.com\/it\/wp-json\/wp\/v2\/types\/product"}],"wp:featuredmedia":[{"embeddable":true,"href":"https:\/\/boreait.com\/it\/wp-json\/wp\/v2\/media\/18612"}],"wp:attachment":[{"href":"https:\/\/boreait.com\/it\/wp-json\/wp\/v2\/media?parent=18552"}],"wp:term":[{"taxonomy":"product_brand","embeddable":true,"href":"https:\/\/boreait.com\/it\/wp-json\/wp\/v2\/product_brand?post=18552"},{"taxonomy":"product_cat","embeddable":true,"href":"https:\/\/boreait.com\/it\/wp-json\/wp\/v2\/product_cat?post=18552"},{"taxonomy":"product_tag","embeddable":true,"href":"https:\/\/boreait.com\/it\/wp-json\/wp\/v2\/product_tag?post=18552"}],"curies":[{"name":"wp","href":"https:\/\/api.w.org\/{rel}","templated":true}]}}