{"id":18138,"date":"2025-07-25T12:50:18","date_gmt":"2025-07-25T12:50:18","guid":{"rendered":"https:\/\/boreait.com\/it\/?post_type=product&#038;p=18138"},"modified":"2026-01-31T06:04:35","modified_gmt":"2026-01-31T06:04:35","slug":"ricambi-originali-per-laptop-con-modulo-wireless-wlan-hp-chromebook-11-g8-ee","status":"publish","type":"product","link":"https:\/\/boreait.com\/it\/product\/ricambi-originali-per-laptop-con-modulo-wireless-wlan-hp-chromebook-11-g8-ee\/","title":{"rendered":"Ricambi originali per laptop con modulo wireless WLAN HP Chromebook 11 G8 EE"},"content":{"rendered":"<p>Rinvigorisci il tuo HP Chromebook 11 G8 EE con il modulo wireless WLAN sostitutivo originale HP Chromebook 11 G8 EE. Progettato per garantire compatibilit\u00e0 e affidabilit\u00e0, questo modulo wireless WLAN \u00e8 progettato per integrarsi perfettamente con il tuo dispositivo, ripristinando la connettivit\u00e0 wireless al suo stato ottimale.<\/p>\n<p>Realizzato con la qualit\u00e0 originale HP, questo modulo wireless sostitutivo offre la soluzione perfetta per risolvere problemi di connettivit\u00e0 o aggiornare il tuo dispositivo. Che tu stia riscontrando problemi con il Wi-Fi o desideri migliorare le prestazioni del tuo laptop, questo modulo wireless originale soddisfa i pi\u00f9 elevati standard di qualit\u00e0 e compatibilit\u00e0.<\/p>\n<p>L\u2019installazione \u00e8 semplicissima e ti consente di sostituire senza problemi il modulo wireless esistente e tornare a godere di una connettivit\u00e0 wireless impeccabile. Grazie alla sua struttura resistente e alle prestazioni affidabili, puoi essere certo che il tuo HP Chromebook 11 G8 EE torner\u00e0 a funzionare senza problemi.<\/p>\n<p>Scopri la differenza che i ricambi originali HP possono fare e assicurati che il tuo laptop continui a soddisfare le tue esigenze con il modulo wireless WLAN sostitutivo originale HP Chromebook 11 G8 EE. Ordina subito e ripristina la funzionalit\u00e0 wireless del tuo dispositivo in tutta sicurezza.<\/p>\n","protected":false},"excerpt":{"rendered":"<p>Ripristina la connettivit\u00e0 wireless del tuo HP Chromebook 11 G8 EE con questo modulo wireless WLAN sostitutivo originale. Progettato per un&#8217;integrazione perfetta e una facile installazione, questo componente di alta qualit\u00e0 garantisce prestazioni affidabili, rendendolo la soluzione ideale per le tue esigenze di riparazione del laptop.<\/p>\n","protected":false},"featured_media":18182,"template":"","meta":[],"product_brand":[],"product_cat":[28],"product_tag":[26],"class_list":{"0":"post-18138","1":"product","2":"type-product","3":"status-publish","4":"has-post-thumbnail","6":"product_cat-motherboards-board-parts","7":"product_tag-hp","9":"first","10":"instock","11":"taxable","12":"shipping-taxable","13":"purchasable","14":"product-type-simple"},"_links":{"self":[{"href":"https:\/\/boreait.com\/it\/wp-json\/wp\/v2\/product\/18138","targetHints":{"allow":["GET"]}}],"collection":[{"href":"https:\/\/boreait.com\/it\/wp-json\/wp\/v2\/product"}],"about":[{"href":"https:\/\/boreait.com\/it\/wp-json\/wp\/v2\/types\/product"}],"wp:featuredmedia":[{"embeddable":true,"href":"https:\/\/boreait.com\/it\/wp-json\/wp\/v2\/media\/18182"}],"wp:attachment":[{"href":"https:\/\/boreait.com\/it\/wp-json\/wp\/v2\/media?parent=18138"}],"wp:term":[{"taxonomy":"product_brand","embeddable":true,"href":"https:\/\/boreait.com\/it\/wp-json\/wp\/v2\/product_brand?post=18138"},{"taxonomy":"product_cat","embeddable":true,"href":"https:\/\/boreait.com\/it\/wp-json\/wp\/v2\/product_cat?post=18138"},{"taxonomy":"product_tag","embeddable":true,"href":"https:\/\/boreait.com\/it\/wp-json\/wp\/v2\/product_tag?post=18138"}],"curies":[{"name":"wp","href":"https:\/\/api.w.org\/{rel}","templated":true}]}}