{"id":18118,"date":"2025-07-25T12:49:52","date_gmt":"2025-07-25T12:49:52","guid":{"rendered":"https:\/\/boreait.com\/it\/?post_type=product&#038;p=18118"},"modified":"2026-01-31T06:04:03","modified_gmt":"2026-01-31T06:04:03","slug":"parte-di-ricambio-originale-della-webcam-per-hp-chromebook-11-g8-ee-parti-per-laptop","status":"publish","type":"product","link":"https:\/\/boreait.com\/it\/product\/parte-di-ricambio-originale-della-webcam-per-hp-chromebook-11-g8-ee-parti-per-laptop\/","title":{"rendered":"Parte di ricambio originale della webcam per HP Chromebook 11 G8 EE, parti per laptop"},"content":{"rendered":"<p>Rinnova il tuo HP Chromebook 11 G8 EE con la webcam di ricambio originale per HP Chromebook 11 G8 EE. Progettata per soddisfare i rigorosi standard di qualit\u00e0 HP, questa webcam di ricambio originale garantisce videochiamate, conferenze e riunioni online nitide e chiare.<\/p>\n<p>Che la tua webcam attuale non funzioni correttamente o che tu stia semplicemente cercando di aggiornarla, questa webcam di ricambio originale HP offre la soluzione perfetta. Progettata per garantire compatibilit\u00e0 e facilit\u00e0 di installazione, puoi ripristinare rapidamente la funzionalit\u00e0 della webcam del tuo Chromebook senza problemi.<\/p>\n<p>Grazie alla sua struttura resistente e alle prestazioni affidabili, questa webcam di ricambio offre la massima tranquillit\u00e0, sapendo che il tuo HP Chromebook 11 G8 EE \u00e8 dotato di una webcam affidabile e di alta qualit\u00e0. Rimani in contatto con amici, familiari e colleghi e sperimenta una comunicazione video impeccabile con la webcam di ricambio originale per HP Chromebook 11 G8 EE.<\/p>\n<p>Non lasciare che una webcam difettosa ostacoli la tua produttivit\u00e0 e la tua comunicazione. Investi oggi stesso in questo ricambio originale HP e assicurati che il tuo HP Chromebook 11 G8 EE sia pronto per tutte le tue esigenze di videoconferenza.<\/p>\n","protected":false},"excerpt":{"rendered":"<p>Ripristina la funzionalit\u00e0 della webcam del tuo HP Chromebook 11 G8 EE con questa fotocamera sostitutiva originale. Progettata per una facile installazione, questa parte di alta qualit\u00e0 garantisce videochiamate e conferenze impeccabili, rendendola una soluzione essenziale per la riparazione di laptop.<\/p>\n","protected":false},"featured_media":18180,"template":"","meta":[],"product_brand":[],"product_cat":[24],"product_tag":[26],"class_list":{"0":"post-18118","1":"product","2":"type-product","3":"status-publish","4":"has-post-thumbnail","6":"product_cat-laptop-camera","7":"product_tag-hp","9":"first","10":"instock","11":"taxable","12":"shipping-taxable","13":"purchasable","14":"product-type-simple"},"_links":{"self":[{"href":"https:\/\/boreait.com\/it\/wp-json\/wp\/v2\/product\/18118","targetHints":{"allow":["GET"]}}],"collection":[{"href":"https:\/\/boreait.com\/it\/wp-json\/wp\/v2\/product"}],"about":[{"href":"https:\/\/boreait.com\/it\/wp-json\/wp\/v2\/types\/product"}],"wp:featuredmedia":[{"embeddable":true,"href":"https:\/\/boreait.com\/it\/wp-json\/wp\/v2\/media\/18180"}],"wp:attachment":[{"href":"https:\/\/boreait.com\/it\/wp-json\/wp\/v2\/media?parent=18118"}],"wp:term":[{"taxonomy":"product_brand","embeddable":true,"href":"https:\/\/boreait.com\/it\/wp-json\/wp\/v2\/product_brand?post=18118"},{"taxonomy":"product_cat","embeddable":true,"href":"https:\/\/boreait.com\/it\/wp-json\/wp\/v2\/product_cat?post=18118"},{"taxonomy":"product_tag","embeddable":true,"href":"https:\/\/boreait.com\/it\/wp-json\/wp\/v2\/product_tag?post=18118"}],"curies":[{"name":"wp","href":"https:\/\/api.w.org\/{rel}","templated":true}]}}